{"id":14411,"date":"2025-02-12T13:33:04","date_gmt":"2025-02-12T10:33:04","guid":{"rendered":"https:\/\/ceoparts.com\/?post_type=product&#038;p=14411"},"modified":"2026-05-16T17:57:27","modified_gmt":"2026-05-16T14:57:27","slug":"still-fren-manyetigi-50015000604","status":"publish","type":"product","link":"https:\/\/ceoparts.com\/tr\/urun\/still-fren-manyetigi-50015000604\/","title":{"rendered":"Still Fren Manyeti\u011fi  &#8211; 50015000604"},"content":{"rendered":"<p>Still Fren Manyeti\u011fi  &#8211; 50015000604<\/p>","protected":false},"excerpt":{"rendered":"<p data-start=\"64\" data-end=\"259\"><br data-start=\"69\" data-end=\"72\" \/><strong data-start=\"72\" data-end=\"96\">Still Fren Manyeti\u011fi<\/strong>, Still forkliftlerin fren sistemlerinde kullan\u0131lan manyetik bir par\u00e7ad\u0131r. Frenlerin g\u00fcvenli ve etkin \u015fekilde \u00e7al\u0131\u015fmas\u0131n\u0131 sa\u011flar. Dayan\u0131kl\u0131 yap\u0131s\u0131 uzun \u00f6m\u00fcr sunar.<\/p>\n<p data-start=\"261\" data-end=\"509\"><strong data-start=\"261\" data-end=\"276\">\u00d6zellikler:<\/strong><br data-start=\"276\" data-end=\"279\" \/><strong data-start=\"279\" data-end=\"292\">\u00dcr\u00fcn Ad\u0131:<\/strong> Still Fren Manyeti\u011fi<br data-start=\"313\" data-end=\"316\" \/><strong data-start=\"316\" data-end=\"331\">Par\u00e7a Kodu:<\/strong> 50015000604<br data-start=\"343\" data-end=\"346\" \/><strong data-start=\"346\" data-end=\"358\">Malzeme:<\/strong> Manyetik metal ala\u015f\u0131m\u0131<br data-start=\"381\" data-end=\"384\" \/><strong data-start=\"384\" data-end=\"403\">Kullan\u0131m Alan\u0131:<\/strong> Still forklift fren sistemleri<br data-start=\"434\" data-end=\"437\" \/><strong data-start=\"437\" data-end=\"449\">Avantaj:<\/strong> G\u00fcvenli frenleme, y\u00fcksek dayan\u0131kl\u0131l\u0131k, uzun kullan\u0131m \u00f6mr\u00fc<\/p>\n<p data-start=\"511\" data-end=\"715\">\n","protected":false},"featured_media":14456,"template":"","meta":[],"product_brand":[],"product_cat":[241,449,524],"product_tag":[],"class_list":{"0":"post-14411","1":"product","2":"type-product","3":"status-publish","4":"has-post-thumbnail","6":"product_cat-still","7":"product_cat-fren-sistem-parcalari","8":"product_cat-yedek-parca-still","10":"first","11":"instock","12":"taxable","13":"shipping-taxable","14":"purchasable","15":"product-type-simple"},"_links":{"self":[{"href":"https:\/\/ceoparts.com\/tr\/wp-json\/wp\/v2\/product\/14411","targetHints":{"allow":["GET"]}}],"collection":[{"href":"https:\/\/ceoparts.com\/tr\/wp-json\/wp\/v2\/product"}],"about":[{"href":"https:\/\/ceoparts.com\/tr\/wp-json\/wp\/v2\/types\/product"}],"wp:featuredmedia":[{"embeddable":true,"href":"https:\/\/ceoparts.com\/tr\/wp-json\/wp\/v2\/media\/14456"}],"wp:attachment":[{"href":"https:\/\/ceoparts.com\/tr\/wp-json\/wp\/v2\/media?parent=14411"}],"wp:term":[{"taxonomy":"product_brand","embeddable":true,"href":"https:\/\/ceoparts.com\/tr\/wp-json\/wp\/v2\/product_brand?post=14411"},{"taxonomy":"product_cat","embeddable":true,"href":"https:\/\/ceoparts.com\/tr\/wp-json\/wp\/v2\/product_cat?post=14411"},{"taxonomy":"product_tag","embeddable":true,"href":"https:\/\/ceoparts.com\/tr\/wp-json\/wp\/v2\/product_tag?post=14411"}],"curies":[{"name":"wp","href":"https:\/\/api.w.org\/{rel}","templated":true}]}}