{"id":14417,"date":"2025-02-12T14:10:39","date_gmt":"2025-02-12T11:10:39","guid":{"rendered":"https:\/\/ceoparts.com\/?post_type=product&#038;p=14417"},"modified":"2026-05-16T12:11:07","modified_gmt":"2026-05-16T09:11:07","slug":"bt-toyota-lpe200-fren-manyetigi-yeni-tip-7588119","status":"publish","type":"product","link":"https:\/\/ceoparts.com\/tr\/urun\/bt-toyota-lpe200-fren-manyetigi-yeni-tip-7588119\/","title":{"rendered":"Bt Toyota Lpe200 Fren Manyeti\u011fi Yeni Tip &#8211; 7588119"},"content":{"rendered":"<p>Bt Toyota Lpe200 Fren Manyeti\u011fi Yeni Tip &#8211; 7588119<\/p>","protected":false},"excerpt":{"rendered":"<p data-start=\"64\" data-end=\"321\"><br data-start=\"69\" data-end=\"72\" \/><strong data-start=\"72\" data-end=\"116\">BT Toyota LPE200 Fren Manyeti\u011fi Yeni Tip<\/strong>, BT Toyota LPE200 forkliftlerin fren sistemlerinde kullan\u0131lan manyetik bir par\u00e7ad\u0131r. Yeni tasar\u0131m\u0131yla frenlerin daha hassas ve g\u00fcvenli \u015fekilde devreye girmesini sa\u011flar. Dayan\u0131kl\u0131 yap\u0131s\u0131yla uzun \u00f6m\u00fcrl\u00fcd\u00fcr.<\/p>\n<p data-start=\"323\" data-end=\"597\"><strong data-start=\"323\" data-end=\"338\">\u00d6zellikler:<\/strong><br data-start=\"338\" data-end=\"341\" \/><strong data-start=\"341\" data-end=\"354\">\u00dcr\u00fcn Ad\u0131:<\/strong> BT Toyota LPE200 Fren Manyeti\u011fi Yeni Tip<br data-start=\"395\" data-end=\"398\" \/><strong data-start=\"398\" data-end=\"413\">Par\u00e7a Kodu:<\/strong> 7588119<br data-start=\"421\" data-end=\"424\" \/><strong data-start=\"424\" data-end=\"436\">Malzeme:<\/strong> Manyetik metal ala\u015f\u0131m\u0131<br data-start=\"459\" data-end=\"462\" \/><strong data-start=\"462\" data-end=\"481\">Kullan\u0131m Alan\u0131:<\/strong> BT Toyota LPE200 forklift fren sistemleri<br data-start=\"523\" data-end=\"526\" \/><strong data-start=\"526\" data-end=\"538\">Avantaj:<\/strong> Hassas frenleme, y\u00fcksek dayan\u0131kl\u0131l\u0131k, uzun kullan\u0131m \u00f6mr\u00fc<\/p>\n<p data-start=\"599\" data-end=\"846\">\n","protected":false},"featured_media":14418,"template":"","meta":[],"product_brand":[],"product_cat":[251,449,518,521,530],"product_tag":[],"class_list":{"0":"post-14417","1":"product","2":"type-product","3":"status-publish","4":"has-post-thumbnail","6":"product_cat-bt","7":"product_cat-fren-sistem-parcalari","8":"product_cat-yedek-parca-bt","9":"product_cat-toyota","10":"product_cat-yedek-parca-toyota","12":"first","13":"instock","14":"taxable","15":"shipping-taxable","16":"purchasable","17":"product-type-simple"},"_links":{"self":[{"href":"https:\/\/ceoparts.com\/tr\/wp-json\/wp\/v2\/product\/14417","targetHints":{"allow":["GET"]}}],"collection":[{"href":"https:\/\/ceoparts.com\/tr\/wp-json\/wp\/v2\/product"}],"about":[{"href":"https:\/\/ceoparts.com\/tr\/wp-json\/wp\/v2\/types\/product"}],"wp:featuredmedia":[{"embeddable":true,"href":"https:\/\/ceoparts.com\/tr\/wp-json\/wp\/v2\/media\/14418"}],"wp:attachment":[{"href":"https:\/\/ceoparts.com\/tr\/wp-json\/wp\/v2\/media?parent=14417"}],"wp:term":[{"taxonomy":"product_brand","embeddable":true,"href":"https:\/\/ceoparts.com\/tr\/wp-json\/wp\/v2\/product_brand?post=14417"},{"taxonomy":"product_cat","embeddable":true,"href":"https:\/\/ceoparts.com\/tr\/wp-json\/wp\/v2\/product_cat?post=14417"},{"taxonomy":"product_tag","embeddable":true,"href":"https:\/\/ceoparts.com\/tr\/wp-json\/wp\/v2\/product_tag?post=14417"}],"curies":[{"name":"wp","href":"https:\/\/api.w.org\/{rel}","templated":true}]}}