{"id":14424,"date":"2025-02-12T14:45:52","date_gmt":"2025-02-12T11:45:52","guid":{"rendered":"https:\/\/ceoparts.com\/?post_type=product&#038;p=14424"},"modified":"2026-05-17T17:37:09","modified_gmt":"2026-05-17T14:37:09","slug":"fren-manyetigi-bt-lpe-eski-tip-210462","status":"publish","type":"product","link":"https:\/\/ceoparts.com\/tr\/urun\/fren-manyetigi-bt-lpe-eski-tip-210462\/","title":{"rendered":"Fren Manyeti\u011fi Teleco BT Lpe Eski Tip &#8211; 210462"},"content":{"rendered":"<p>Fren Manyeti\u011fi Teleco BT Lpe Eski Tip &#8211; 210462<\/p>","protected":false},"excerpt":{"rendered":"<p data-start=\"54\" data-end=\"282\"><br data-start=\"59\" data-end=\"62\" \/><strong data-start=\"62\" data-end=\"103\">Fren Manyeti\u011fi Teleco BT LPE Eski Tip<\/strong>, BT LPE forkliftlerin fren sistemlerinde kullan\u0131lan manyetik bir par\u00e7ad\u0131r. Frenlerin do\u011fru ve g\u00fcvenli \u015fekilde devreye girmesini sa\u011flar. Dayan\u0131kl\u0131 yap\u0131s\u0131 sayesinde uzun \u00f6m\u00fcrl\u00fcd\u00fcr.<\/p>\n<p data-start=\"284\" data-end=\"545\"><strong data-start=\"284\" data-end=\"299\">\u00d6zellikler:<\/strong><br data-start=\"299\" data-end=\"302\" \/><strong data-start=\"302\" data-end=\"315\">\u00dcr\u00fcn Ad\u0131:<\/strong> Fren Manyeti\u011fi Teleco BT LPE Eski Tip<br data-start=\"353\" data-end=\"356\" \/><strong data-start=\"356\" data-end=\"371\">Par\u00e7a Kodu:<\/strong> 210462<br data-start=\"378\" data-end=\"381\" \/><strong data-start=\"381\" data-end=\"393\">Malzeme:<\/strong> Manyetik metal ala\u015f\u0131m\u0131<br data-start=\"416\" data-end=\"419\" \/><strong data-start=\"419\" data-end=\"438\">Kullan\u0131m Alan\u0131:<\/strong> BT LPE forklift fren sistemleri<br data-start=\"470\" data-end=\"473\" \/><strong data-start=\"473\" data-end=\"485\">Avantaj:<\/strong> G\u00fcvenli frenleme, y\u00fcksek dayan\u0131kl\u0131l\u0131k, uzun kullan\u0131m \u00f6mr\u00fc<\/p>\n<p data-start=\"547\" data-end=\"765\">\n","protected":false},"featured_media":14440,"template":"","meta":[],"product_brand":[],"product_cat":[251,449,518],"product_tag":[],"class_list":{"0":"post-14424","1":"product","2":"type-product","3":"status-publish","4":"has-post-thumbnail","6":"product_cat-bt","7":"product_cat-fren-sistem-parcalari","8":"product_cat-yedek-parca-bt","10":"first","11":"instock","12":"taxable","13":"shipping-taxable","14":"purchasable","15":"product-type-simple"},"_links":{"self":[{"href":"https:\/\/ceoparts.com\/tr\/wp-json\/wp\/v2\/product\/14424","targetHints":{"allow":["GET"]}}],"collection":[{"href":"https:\/\/ceoparts.com\/tr\/wp-json\/wp\/v2\/product"}],"about":[{"href":"https:\/\/ceoparts.com\/tr\/wp-json\/wp\/v2\/types\/product"}],"wp:featuredmedia":[{"embeddable":true,"href":"https:\/\/ceoparts.com\/tr\/wp-json\/wp\/v2\/media\/14440"}],"wp:attachment":[{"href":"https:\/\/ceoparts.com\/tr\/wp-json\/wp\/v2\/media?parent=14424"}],"wp:term":[{"taxonomy":"product_brand","embeddable":true,"href":"https:\/\/ceoparts.com\/tr\/wp-json\/wp\/v2\/product_brand?post=14424"},{"taxonomy":"product_cat","embeddable":true,"href":"https:\/\/ceoparts.com\/tr\/wp-json\/wp\/v2\/product_cat?post=14424"},{"taxonomy":"product_tag","embeddable":true,"href":"https:\/\/ceoparts.com\/tr\/wp-json\/wp\/v2\/product_tag?post=14424"}],"curies":[{"name":"wp","href":"https:\/\/api.w.org\/{rel}","templated":true}]}}