{"id":14441,"date":"2025-02-12T15:35:06","date_gmt":"2025-02-12T12:35:06","guid":{"rendered":"https:\/\/ceoparts.com\/?post_type=product&#038;p=14441"},"modified":"2026-05-16T16:17:45","modified_gmt":"2026-05-16T13:17:45","slug":"hyster-fren-manyetigi-eco-125-24v-1657716","status":"publish","type":"product","link":"https:\/\/ceoparts.com\/tr\/urun\/hyster-fren-manyetigi-eco-125-24v-1657716\/","title":{"rendered":"Hyster Fren Manyeti\u011fi Telco Eco 125 24V &#8211; 1657716"},"content":{"rendered":"<p>Hyster Fren Manyeti\u011fi Telco Eco 125 24V &#8211; 1657716<\/p>","protected":false},"excerpt":{"rendered":"<p data-start=\"64\" data-end=\"313\"><br data-start=\"69\" data-end=\"72\" \/><strong data-start=\"72\" data-end=\"115\">Hyster Fren Manyeti\u011fi Telco Eco 125 24V<\/strong>, Hyster forkliftlerin fren sistemlerinde kullan\u0131lan manyetik bir par\u00e7ad\u0131r. 24V gerilim ile \u00e7al\u0131\u015f\u0131r ve frenlerin g\u00fcvenli ve etkili \u015fekilde devreye girmesini sa\u011flar. Dayan\u0131kl\u0131 yap\u0131s\u0131 uzun \u00f6m\u00fcr sunar.<\/p>\n<p data-start=\"315\" data-end=\"579\"><strong data-start=\"315\" data-end=\"330\">\u00d6zellikler:<\/strong><br data-start=\"330\" data-end=\"333\" \/><strong data-start=\"333\" data-end=\"346\">\u00dcr\u00fcn Ad\u0131:<\/strong> Hyster Fren Manyeti\u011fi Telco Eco 125 24V<br data-start=\"386\" data-end=\"389\" \/><strong data-start=\"389\" data-end=\"404\">Par\u00e7a Kodu:<\/strong> 1657716<br data-start=\"412\" data-end=\"415\" \/><strong data-start=\"415\" data-end=\"427\">Malzeme:<\/strong> Manyetik metal ala\u015f\u0131m\u0131<br data-start=\"450\" data-end=\"453\" \/><strong data-start=\"453\" data-end=\"472\">Kullan\u0131m Alan\u0131:<\/strong> Hyster forklift fren sistemleri<br data-start=\"504\" data-end=\"507\" \/><strong data-start=\"507\" data-end=\"519\">Avantaj:<\/strong> G\u00fcvenli frenleme, y\u00fcksek dayan\u0131kl\u0131l\u0131k, uzun kullan\u0131m \u00f6mr\u00fc<\/p>\n<p data-start=\"581\" data-end=\"824\">\n","protected":false},"featured_media":14442,"template":"","meta":[],"product_brand":[],"product_cat":[256,449,520],"product_tag":[],"class_list":{"0":"post-14441","1":"product","2":"type-product","3":"status-publish","4":"has-post-thumbnail","6":"product_cat-hyster","7":"product_cat-fren-sistem-parcalari","8":"product_cat-yedek-parca-hyster","10":"first","11":"instock","12":"taxable","13":"shipping-taxable","14":"purchasable","15":"product-type-simple"},"_links":{"self":[{"href":"https:\/\/ceoparts.com\/tr\/wp-json\/wp\/v2\/product\/14441","targetHints":{"allow":["GET"]}}],"collection":[{"href":"https:\/\/ceoparts.com\/tr\/wp-json\/wp\/v2\/product"}],"about":[{"href":"https:\/\/ceoparts.com\/tr\/wp-json\/wp\/v2\/types\/product"}],"wp:featuredmedia":[{"embeddable":true,"href":"https:\/\/ceoparts.com\/tr\/wp-json\/wp\/v2\/media\/14442"}],"wp:attachment":[{"href":"https:\/\/ceoparts.com\/tr\/wp-json\/wp\/v2\/media?parent=14441"}],"wp:term":[{"taxonomy":"product_brand","embeddable":true,"href":"https:\/\/ceoparts.com\/tr\/wp-json\/wp\/v2\/product_brand?post=14441"},{"taxonomy":"product_cat","embeddable":true,"href":"https:\/\/ceoparts.com\/tr\/wp-json\/wp\/v2\/product_cat?post=14441"},{"taxonomy":"product_tag","embeddable":true,"href":"https:\/\/ceoparts.com\/tr\/wp-json\/wp\/v2\/product_tag?post=14441"}],"curies":[{"name":"wp","href":"https:\/\/api.w.org\/{rel}","templated":true}]}}