{"id":14505,"date":"2025-02-13T14:36:19","date_gmt":"2025-02-13T11:36:19","guid":{"rendered":"https:\/\/ceoparts.com\/?post_type=product&#038;p=14505"},"modified":"2026-05-03T01:10:21","modified_gmt":"2026-05-02T22:10:21","slug":"28x75x24-asansor-rulmani-51300548","status":"publish","type":"product","link":"https:\/\/ceoparts.com\/tr\/urun\/28x75x24-asansor-rulmani-51300548\/","title":{"rendered":"28x75x24 Asans\u00f6r Rulman\u0131 &#8211; 51300548"},"content":{"rendered":"<p>28x75x24 Asans\u00f6r Rulman\u0131 &#8211; 51300548<\/p>\n<p>75,5x28x24 Jungheinrich 51300548<\/p>\n<table border=\"0\" width=\"262\" cellspacing=\"0\" cellpadding=\"0\">\n<colgroup>\n<col width=\"173\" \/>\n<col width=\"89\" \/><\/colgroup>\n<tbody>\n<tr>\n<td width=\"173\" height=\"19\">EFG 535k-S50<\/td>\n<td width=\"89\">6.14 &#8211; 12.16<\/td>\n<\/tr>\n<tr>\n<td height=\"19\">DFG 316<\/td>\n<td>5.14 &#8211; 7.16<\/td>\n<\/tr>\n<tr>\n<td height=\"19\">DFG 320<\/td>\n<td>5.14 &#8211; 7.16<\/td>\n<\/tr>\n<tr>\n<td height=\"19\">TFG 316<\/td>\n<td>5.14 &#8211; 7.16<\/td>\n<\/tr>\n<tr>\n<td height=\"19\">DFG 316s<\/td>\n<td>10.14 &#8211; 9.17<\/td>\n<\/tr>\n<tr>\n<td height=\"19\">TFG 316s<\/td>\n<td>10.14 &#8211; 9.17<\/td>\n<\/tr>\n<tr>\n<td height=\"19\">EFG 213 &#8211; 220<\/td>\n<td>9.14 &#8211; 12.16<\/td>\n<\/tr>\n<tr>\n<td height=\"19\">2ET2500-2ET4000<\/td>\n<td>9.14 &#8211; 12.16<\/td>\n<\/tr>\n<tr>\n<td height=\"19\">EFG 213 &#8211; 220 (US)<\/td>\n<td>9.14 &#8211; 12.16<\/td>\n<\/tr>\n<tr>\n<td height=\"19\">EFG 316 &#8211; 320<\/td>\n<td>9.14 &#8211; 12.16<\/td>\n<\/tr>\n<tr>\n<td height=\"19\">EP3000-EP4000<\/td>\n<td>9.14 &#8211; 12.16<\/td>\n<\/tr>\n<tr>\n<td height=\"19\">EFG 316 &#8211; 320 (US)<\/td>\n<td>9.14 &#8211; 12.16<\/td>\n<\/tr>\n<tr>\n<td height=\"19\">EFG 213 &#8211; 220<\/td>\n<td>2.16 &#8211; 10.21<\/td>\n<\/tr>\n<tr>\n<td height=\"19\">2ET2500-2ET4000<\/td>\n<td>2.16 &#8211; 10.21<\/td>\n<\/tr>\n<tr>\n<td height=\"19\">EFG 213 &#8211; 220 (US)<\/td>\n<td>2.16 &#8211; 10.21<\/td>\n<\/tr>\n<tr>\n<td height=\"19\">EFG 316 &#8211; 320<\/td>\n<td>2.16 &#8211; 10.21<\/td>\n<\/tr>\n<tr>\n<td height=\"19\">EP3000-EP4000<\/td>\n<td>2.16 &#8211; 10.21<\/td>\n<\/tr>\n<tr>\n<td height=\"19\">EFG 316 &#8211; 320 (US)<\/td>\n<td>2.16 &#8211; 10.21<\/td>\n<\/tr>\n<tr>\n<td height=\"19\">DFG 316-320<\/td>\n<td>3.16 &#8211;<\/td>\n<\/tr>\n<tr>\n<td height=\"19\">TFG 316-320<\/td>\n<td>3.16 &#8211;<\/td>\n<\/tr>\n<tr>\n<td height=\"19\">DFG 3s<\/td>\n<td>6.17 &#8211; 4.20<\/td>\n<\/tr>\n<tr>\n<td height=\"19\">TFG 3s<\/td>\n<td>6.17 &#8211; 4.20<\/td>\n<\/tr>\n<tr>\n<td height=\"19\">DFG 3s<\/td>\n<td>8.21 &#8211;<\/td>\n<\/tr>\n<tr>\n<td height=\"19\">ERC 216zi<\/td>\n<td>5.19 &#8211;<\/td>\n<\/tr>\n<tr>\n<td height=\"19\">TFG 3s<\/td>\n<td>8.21 &#8211;<\/td>\n<\/tr>\n<tr>\n<td height=\"19\">ERC 214i\/216i<\/td>\n<td>2.20 &#8211;<\/td>\n<\/tr>\n<tr>\n<td height=\"19\">ERC 214bi\/216bi<\/td>\n<td>8.20 &#8211;<\/td>\n<\/tr>\n<tr>\n<td height=\"19\">ERC 214bi\/216bi US<\/td>\n<td>2.20 &#8211;<\/td>\n<\/tr>\n<tr>\n<td height=\"19\">DPH16N-DPH20N<\/td>\n<td>10.21 &#8211;<\/td>\n<\/tr>\n<tr>\n<td height=\"19\">GPH16N-GPH20N<\/td>\n<td>10.21 &#8211;<\/td>\n<\/tr>\n<tr>\n<td height=\"19\">EFG 316 &#8211; 320<\/td>\n<td>9.21 &#8211;<\/td>\n<\/tr>\n<tr>\n<td height=\"19\">EFG 316 &#8211; 320 (US)<\/td>\n<td>10.21 &#8211;<\/td>\n<\/tr>\n<tr>\n<td height=\"19\">EP3000-EP4000<\/td>\n<td>10.21 &#8211;<\/td>\n<\/tr>\n<tr>\n<td height=\"19\">EFG 112-220<\/td>\n<td>9.21 &#8211;<\/td>\n<\/tr>\n<tr>\n<td height=\"19\">EFG 213-220 (US)<\/td>\n<td>10.21 &#8211;<\/td>\n<\/tr>\n<tr>\n<td height=\"19\">2ET2500-2ET4000<\/td>\n<td>10.21 &#8211;<\/td>\n<\/tr>\n<\/tbody>\n<\/table>\n<p><\/p>","protected":false},"excerpt":{"rendered":"<p data-start=\"67\" data-end=\"337\"><br data-start=\"72\" data-end=\"75\" \/>Forklift ve end\u00fcstriyel kald\u0131rma sistemlerinde kullan\u0131lan <strong data-start=\"133\" data-end=\"161\">28x75x24 Asans\u00f6r Rulman\u0131<\/strong>, y\u00fcksek y\u00fck ta\u015f\u0131ma kapasitesi ve hassas d\u00f6nme performans\u0131yla sistem verimlili\u011fini art\u0131r\u0131r. Sa\u011flam ve kaliteli malzemesiyle uzun \u00f6m\u00fcrl\u00fc kullan\u0131m ve d\u00fc\u015f\u00fck bak\u0131m maliyeti sa\u011flar.<\/p>\n<p data-start=\"339\" data-end=\"596\"><strong data-start=\"339\" data-end=\"354\">\u00d6zellikler:<\/strong><br data-start=\"354\" data-end=\"357\" \/><strong data-start=\"357\" data-end=\"370\">\u00dcr\u00fcn Ad\u0131:<\/strong> 28x75x24 Asans\u00f6r Rulman\u0131<br data-start=\"395\" data-end=\"398\" \/><strong data-start=\"398\" data-end=\"413\">Par\u00e7a Kodu:<\/strong> 51300548<br data-start=\"422\" data-end=\"425\" \/><strong data-start=\"425\" data-end=\"437\">Malzeme:<\/strong> Y\u00fcksek kaliteli rulman \u00e7eli\u011fi<br data-start=\"467\" data-end=\"470\" \/><strong data-start=\"470\" data-end=\"489\">Kullan\u0131m Alan\u0131:<\/strong> Forklift ve end\u00fcstriyel asans\u00f6r sistemleri<br data-start=\"532\" data-end=\"535\" \/><strong data-start=\"535\" data-end=\"547\">Avantaj:<\/strong> Y\u00fcksek dayan\u0131kl\u0131l\u0131k, uzun \u00f6m\u00fcr, hassas \u00e7al\u0131\u015fma<\/p>\n<p data-start=\"598\" data-end=\"859\">\n","protected":false},"featured_media":14507,"template":"","meta":[],"product_brand":[],"product_cat":[457],"product_tag":[],"class_list":{"0":"post-14505","1":"product","2":"type-product","3":"status-publish","4":"has-post-thumbnail","6":"product_cat-asansor-rulmanlari","8":"first","9":"instock","10":"taxable","11":"shipping-taxable","12":"purchasable","13":"product-type-simple"},"_links":{"self":[{"href":"https:\/\/ceoparts.com\/tr\/wp-json\/wp\/v2\/product\/14505","targetHints":{"allow":["GET"]}}],"collection":[{"href":"https:\/\/ceoparts.com\/tr\/wp-json\/wp\/v2\/product"}],"about":[{"href":"https:\/\/ceoparts.com\/tr\/wp-json\/wp\/v2\/types\/product"}],"wp:featuredmedia":[{"embeddable":true,"href":"https:\/\/ceoparts.com\/tr\/wp-json\/wp\/v2\/media\/14507"}],"wp:attachment":[{"href":"https:\/\/ceoparts.com\/tr\/wp-json\/wp\/v2\/media?parent=14505"}],"wp:term":[{"taxonomy":"product_brand","embeddable":true,"href":"https:\/\/ceoparts.com\/tr\/wp-json\/wp\/v2\/product_brand?post=14505"},{"taxonomy":"product_cat","embeddable":true,"href":"https:\/\/ceoparts.com\/tr\/wp-json\/wp\/v2\/product_cat?post=14505"},{"taxonomy":"product_tag","embeddable":true,"href":"https:\/\/ceoparts.com\/tr\/wp-json\/wp\/v2\/product_tag?post=14505"}],"curies":[{"name":"wp","href":"https:\/\/api.w.org\/{rel}","templated":true}]}}