{"id":14516,"date":"2025-02-13T15:11:25","date_gmt":"2025-02-13T12:11:25","guid":{"rendered":"https:\/\/ceoparts.com\/?post_type=product&#038;p=14516"},"modified":"2026-05-16T18:10:30","modified_gmt":"2026-05-16T15:10:30","slug":"28x802x24-asansor-rulmani-5054052","status":"publish","type":"product","link":"https:\/\/ceoparts.com\/tr\/urun\/28x802x24-asansor-rulmani-5054052\/","title":{"rendered":"28&#215;80,2&#215;24 Asans\u00f6r Rulman\u0131 &#8211; 5054052"},"content":{"rendered":"<p>28&#215;80,2&#215;24 Asans\u00f6r Rulman\u0131 &#8211; 5054052<\/p>","protected":false},"excerpt":{"rendered":"<p data-start=\"67\" data-end=\"342\"><br data-start=\"72\" data-end=\"75\" \/>Forklift ve end\u00fcstriyel kald\u0131rma sistemlerinde kullan\u0131lan <strong data-start=\"133\" data-end=\"163\">28\u00d780,2\u00d724 Asans\u00f6r Rulman\u0131<\/strong>, y\u00fcksek y\u00fck ta\u015f\u0131ma kapasitesi ve hassasiyet sunarak sistemin verimli \u00e7al\u0131\u015fmas\u0131na katk\u0131 sa\u011flar. Sa\u011flam malzeme yap\u0131s\u0131 sayesinde uzun \u00f6m\u00fcrl\u00fc kullan\u0131m ve d\u00fc\u015f\u00fck bak\u0131m ihtiyac\u0131 sunar.<\/p>\n<p data-start=\"344\" data-end=\"590\"><strong data-start=\"344\" data-end=\"359\">\u00d6zellikler:<\/strong><br data-start=\"359\" data-end=\"362\" \/><strong data-start=\"362\" data-end=\"375\">\u00dcr\u00fcn Ad\u0131:<\/strong> 28\u00d780,2\u00d724 Asans\u00f6r Rulman\u0131<br data-start=\"402\" data-end=\"405\" \/><strong data-start=\"405\" data-end=\"420\">Par\u00e7a Kodu:<\/strong> 5054052<br data-start=\"428\" data-end=\"431\" \/><strong data-start=\"431\" data-end=\"443\">Malzeme:<\/strong> Y\u00fcksek kaliteli rulman \u00e7eli\u011fi<br data-start=\"473\" data-end=\"476\" \/><strong data-start=\"476\" data-end=\"495\">Kullan\u0131m Alan\u0131:<\/strong> Forklift ve asans\u00f6r sistemleri<br data-start=\"526\" data-end=\"529\" \/><strong data-start=\"529\" data-end=\"541\">Avantaj:<\/strong> Y\u00fcksek dayan\u0131kl\u0131l\u0131k, hassas \u00e7al\u0131\u015fma, uzun \u00f6m\u00fcr<\/p>\n<p data-start=\"592\" data-end=\"845\">\n","protected":false},"featured_media":14518,"template":"","meta":[],"product_brand":[],"product_cat":[457],"product_tag":[],"class_list":{"0":"post-14516","1":"product","2":"type-product","3":"status-publish","4":"has-post-thumbnail","6":"product_cat-asansor-rulmanlari","8":"first","9":"instock","10":"taxable","11":"shipping-taxable","12":"purchasable","13":"product-type-simple"},"_links":{"self":[{"href":"https:\/\/ceoparts.com\/tr\/wp-json\/wp\/v2\/product\/14516","targetHints":{"allow":["GET"]}}],"collection":[{"href":"https:\/\/ceoparts.com\/tr\/wp-json\/wp\/v2\/product"}],"about":[{"href":"https:\/\/ceoparts.com\/tr\/wp-json\/wp\/v2\/types\/product"}],"wp:featuredmedia":[{"embeddable":true,"href":"https:\/\/ceoparts.com\/tr\/wp-json\/wp\/v2\/media\/14518"}],"wp:attachment":[{"href":"https:\/\/ceoparts.com\/tr\/wp-json\/wp\/v2\/media?parent=14516"}],"wp:term":[{"taxonomy":"product_brand","embeddable":true,"href":"https:\/\/ceoparts.com\/tr\/wp-json\/wp\/v2\/product_brand?post=14516"},{"taxonomy":"product_cat","embeddable":true,"href":"https:\/\/ceoparts.com\/tr\/wp-json\/wp\/v2\/product_cat?post=14516"},{"taxonomy":"product_tag","embeddable":true,"href":"https:\/\/ceoparts.com\/tr\/wp-json\/wp\/v2\/product_tag?post=14516"}],"curies":[{"name":"wp","href":"https:\/\/api.w.org\/{rel}","templated":true}]}}