{"id":14522,"date":"2025-02-13T15:45:22","date_gmt":"2025-02-13T12:45:22","guid":{"rendered":"https:\/\/ceoparts.com\/?post_type=product&#038;p=14522"},"modified":"2026-05-16T15:01:02","modified_gmt":"2026-05-16T12:01:02","slug":"30x92x32-asansor-rulmani","status":"publish","type":"product","link":"https:\/\/ceoparts.com\/tr\/urun\/30x92x32-asansor-rulmani\/","title":{"rendered":"30x92x32 Asans\u00f6r Rulman\u0131"},"content":{"rendered":"<p>30x92x32 Asans\u00f6r Rulman\u0131<\/p>","protected":false},"excerpt":{"rendered":"<p data-start=\"60\" data-end=\"322\"><br data-start=\"65\" data-end=\"68\" \/>Forklift ve end\u00fcstriyel asans\u00f6r sistemlerinde kullan\u0131lan <strong data-start=\"125\" data-end=\"153\">30x92x32 Asans\u00f6r Rulman\u0131<\/strong>, y\u00fcksek y\u00fck ta\u015f\u0131ma kapasitesi ve hassasiyet sa\u011flayarak sistem performans\u0131n\u0131 art\u0131r\u0131r. Dayan\u0131kl\u0131 malzemesi sayesinde uzun \u00f6m\u00fcrl\u00fc kullan\u0131m ve minimum bak\u0131m ihtiyac\u0131 sunar.<\/p>\n<p data-start=\"324\" data-end=\"586\"><strong data-start=\"324\" data-end=\"339\">\u00d6zellikler:<\/strong><br data-start=\"339\" data-end=\"342\" \/><strong data-start=\"342\" data-end=\"355\">\u00dcr\u00fcn Ad\u0131:<\/strong> 30x92x32 Asans\u00f6r Rulman\u0131<br data-start=\"380\" data-end=\"383\" \/><strong data-start=\"383\" data-end=\"398\">Par\u00e7a Kodu:<\/strong> Belirtilmemi\u015f<br data-start=\"412\" data-end=\"415\" \/><strong data-start=\"415\" data-end=\"427\">Malzeme:<\/strong> Y\u00fcksek kaliteli rulman \u00e7eli\u011fi<br data-start=\"457\" data-end=\"460\" \/><strong data-start=\"460\" data-end=\"479\">Kullan\u0131m Alan\u0131:<\/strong> Forklift ve end\u00fcstriyel asans\u00f6r sistemleri<br data-start=\"522\" data-end=\"525\" \/><strong data-start=\"525\" data-end=\"537\">Avantaj:<\/strong> Y\u00fcksek dayan\u0131kl\u0131l\u0131k, hassas \u00e7al\u0131\u015fma, uzun \u00f6m\u00fcr<\/p>\n<p data-start=\"588\" data-end=\"827\">\n","protected":false},"featured_media":14524,"template":"","meta":[],"product_brand":[],"product_cat":[457],"product_tag":[],"class_list":{"0":"post-14522","1":"product","2":"type-product","3":"status-publish","4":"has-post-thumbnail","6":"product_cat-asansor-rulmanlari","8":"first","9":"instock","10":"taxable","11":"shipping-taxable","12":"purchasable","13":"product-type-simple"},"_links":{"self":[{"href":"https:\/\/ceoparts.com\/tr\/wp-json\/wp\/v2\/product\/14522","targetHints":{"allow":["GET"]}}],"collection":[{"href":"https:\/\/ceoparts.com\/tr\/wp-json\/wp\/v2\/product"}],"about":[{"href":"https:\/\/ceoparts.com\/tr\/wp-json\/wp\/v2\/types\/product"}],"wp:featuredmedia":[{"embeddable":true,"href":"https:\/\/ceoparts.com\/tr\/wp-json\/wp\/v2\/media\/14524"}],"wp:attachment":[{"href":"https:\/\/ceoparts.com\/tr\/wp-json\/wp\/v2\/media?parent=14522"}],"wp:term":[{"taxonomy":"product_brand","embeddable":true,"href":"https:\/\/ceoparts.com\/tr\/wp-json\/wp\/v2\/product_brand?post=14522"},{"taxonomy":"product_cat","embeddable":true,"href":"https:\/\/ceoparts.com\/tr\/wp-json\/wp\/v2\/product_cat?post=14522"},{"taxonomy":"product_tag","embeddable":true,"href":"https:\/\/ceoparts.com\/tr\/wp-json\/wp\/v2\/product_tag?post=14522"}],"curies":[{"name":"wp","href":"https:\/\/api.w.org\/{rel}","templated":true}]}}