{"id":14528,"date":"2025-02-13T16:07:06","date_gmt":"2025-02-13T13:07:06","guid":{"rendered":"https:\/\/ceoparts.com\/?post_type=product&#038;p=14528"},"modified":"2026-05-16T18:09:46","modified_gmt":"2026-05-16T15:09:46","slug":"35x812x26-still-asansor-rulmani-0009249146","status":"publish","type":"product","link":"https:\/\/ceoparts.com\/tr\/urun\/35x812x26-still-asansor-rulmani-0009249146\/","title":{"rendered":"35&#215;81,2&#215;26 Still Asans\u00f6r Rulman\u0131 &#8211; 0009249146"},"content":{"rendered":"<p>35&#215;81,2&#215;26 Still Asans\u00f6r Rulman\u0131 &#8211; 0009249146<\/p>","protected":false},"excerpt":{"rendered":"<p data-start=\"39\" data-end=\"300\"><br data-start=\"44\" data-end=\"47\" \/>Forklift ve end\u00fcstriyel asans\u00f6r sistemlerinde kullan\u0131lan <strong data-start=\"104\" data-end=\"140\">35\u00d781,2\u00d726 Still Asans\u00f6r Rulman\u0131<\/strong>, y\u00fcksek dayan\u0131kl\u0131l\u0131\u011f\u0131 ve hassas d\u00f6nme performans\u0131yla sistem verimlili\u011fini art\u0131r\u0131r. Sa\u011flam yap\u0131s\u0131 sayesinde uzun \u00f6m\u00fcrl\u00fc kullan\u0131m ve d\u00fc\u015f\u00fck bak\u0131m maliyeti sa\u011flar.<\/p>\n<p data-start=\"302\" data-end=\"557\"><strong data-start=\"302\" data-end=\"317\">\u00d6zellikler:<\/strong><br data-start=\"317\" data-end=\"320\" \/><strong data-start=\"320\" data-end=\"333\">\u00dcr\u00fcn Ad\u0131:<\/strong> 35\u00d781,2\u00d726 Still Asans\u00f6r Rulman\u0131<br data-start=\"366\" data-end=\"369\" \/><strong data-start=\"369\" data-end=\"384\">Par\u00e7a Kodu:<\/strong> 0009249146<br data-start=\"395\" data-end=\"398\" \/><strong data-start=\"398\" data-end=\"410\">Malzeme:<\/strong> Y\u00fcksek kaliteli rulman \u00e7eli\u011fi<br data-start=\"440\" data-end=\"443\" \/><strong data-start=\"443\" data-end=\"462\">Kullan\u0131m Alan\u0131:<\/strong> Forklift ve asans\u00f6r sistemleri<br data-start=\"493\" data-end=\"496\" \/><strong data-start=\"496\" data-end=\"508\">Avantaj:<\/strong> Y\u00fcksek dayan\u0131kl\u0131l\u0131k, uzun \u00f6m\u00fcr, hassas \u00e7al\u0131\u015fma<\/p>\n<p data-start=\"559\" data-end=\"825\">\n","protected":false},"featured_media":14530,"template":"","meta":[],"product_brand":[],"product_cat":[241,457,524],"product_tag":[],"class_list":{"0":"post-14528","1":"product","2":"type-product","3":"status-publish","4":"has-post-thumbnail","6":"product_cat-still","7":"product_cat-asansor-rulmanlari","8":"product_cat-yedek-parca-still","10":"first","11":"instock","12":"taxable","13":"shipping-taxable","14":"purchasable","15":"product-type-simple"},"_links":{"self":[{"href":"https:\/\/ceoparts.com\/tr\/wp-json\/wp\/v2\/product\/14528","targetHints":{"allow":["GET"]}}],"collection":[{"href":"https:\/\/ceoparts.com\/tr\/wp-json\/wp\/v2\/product"}],"about":[{"href":"https:\/\/ceoparts.com\/tr\/wp-json\/wp\/v2\/types\/product"}],"wp:featuredmedia":[{"embeddable":true,"href":"https:\/\/ceoparts.com\/tr\/wp-json\/wp\/v2\/media\/14530"}],"wp:attachment":[{"href":"https:\/\/ceoparts.com\/tr\/wp-json\/wp\/v2\/media?parent=14528"}],"wp:term":[{"taxonomy":"product_brand","embeddable":true,"href":"https:\/\/ceoparts.com\/tr\/wp-json\/wp\/v2\/product_brand?post=14528"},{"taxonomy":"product_cat","embeddable":true,"href":"https:\/\/ceoparts.com\/tr\/wp-json\/wp\/v2\/product_cat?post=14528"},{"taxonomy":"product_tag","embeddable":true,"href":"https:\/\/ceoparts.com\/tr\/wp-json\/wp\/v2\/product_tag?post=14528"}],"curies":[{"name":"wp","href":"https:\/\/api.w.org\/{rel}","templated":true}]}}