{"id":14533,"date":"2025-02-13T16:20:49","date_gmt":"2025-02-13T13:20:49","guid":{"rendered":"https:\/\/ceoparts.com\/?post_type=product&#038;p=14533"},"modified":"2026-05-16T19:24:29","modified_gmt":"2026-05-16T16:24:29","slug":"35x977x25-asansor-rulmani","status":"publish","type":"product","link":"https:\/\/ceoparts.com\/tr\/urun\/35x977x25-asansor-rulmani\/","title":{"rendered":"35&#215;97,7&#215;25 Asans\u00f6r Rulman\u0131"},"content":{"rendered":"<p>35&#215;97,7&#215;25 Asans\u00f6r Rulman\u0131<\/p>","protected":false},"excerpt":{"rendered":"<p data-start=\"39\" data-end=\"309\"><br data-start=\"44\" data-end=\"47\" \/>Forklift ve end\u00fcstriyel asans\u00f6r sistemlerinde kullan\u0131lan <strong data-start=\"104\" data-end=\"134\">35\u00d797,7\u00d725 Asans\u00f6r Rulman\u0131<\/strong>, y\u00fcksek y\u00fck ta\u015f\u0131ma kapasitesi ve hassasiyet sa\u011flayan yap\u0131s\u0131yla sistem performans\u0131n\u0131 art\u0131r\u0131r. Dayan\u0131kl\u0131 malzemesi sayesinde uzun \u00f6m\u00fcrl\u00fc kullan\u0131m ve d\u00fc\u015f\u00fck bak\u0131m ihtiyac\u0131 sunar.<\/p>\n<p data-start=\"311\" data-end=\"563\"><strong data-start=\"311\" data-end=\"326\">\u00d6zellikler:<\/strong><br data-start=\"326\" data-end=\"329\" \/><strong data-start=\"329\" data-end=\"342\">\u00dcr\u00fcn Ad\u0131:<\/strong> 35\u00d797,7\u00d725 Asans\u00f6r Rulman\u0131<br data-start=\"369\" data-end=\"372\" \/><strong data-start=\"372\" data-end=\"387\">Par\u00e7a Kodu:<\/strong> Belirtilmemi\u015f<br data-start=\"401\" data-end=\"404\" \/><strong data-start=\"404\" data-end=\"416\">Malzeme:<\/strong> Y\u00fcksek kaliteli rulman \u00e7eli\u011fi<br data-start=\"446\" data-end=\"449\" \/><strong data-start=\"449\" data-end=\"468\">Kullan\u0131m Alan\u0131:<\/strong> Forklift ve asans\u00f6r sistemleri<br data-start=\"499\" data-end=\"502\" \/><strong data-start=\"502\" data-end=\"514\">Avantaj:<\/strong> Y\u00fcksek dayan\u0131kl\u0131l\u0131k, hassas \u00e7al\u0131\u015fma, uzun \u00f6m\u00fcr<\/p>\n<p data-start=\"565\" data-end=\"807\">\n","protected":false},"featured_media":14534,"template":"","meta":[],"product_brand":[],"product_cat":[457],"product_tag":[],"class_list":{"0":"post-14533","1":"product","2":"type-product","3":"status-publish","4":"has-post-thumbnail","6":"product_cat-asansor-rulmanlari","8":"first","9":"instock","10":"taxable","11":"shipping-taxable","12":"purchasable","13":"product-type-simple"},"_links":{"self":[{"href":"https:\/\/ceoparts.com\/tr\/wp-json\/wp\/v2\/product\/14533","targetHints":{"allow":["GET"]}}],"collection":[{"href":"https:\/\/ceoparts.com\/tr\/wp-json\/wp\/v2\/product"}],"about":[{"href":"https:\/\/ceoparts.com\/tr\/wp-json\/wp\/v2\/types\/product"}],"wp:featuredmedia":[{"embeddable":true,"href":"https:\/\/ceoparts.com\/tr\/wp-json\/wp\/v2\/media\/14534"}],"wp:attachment":[{"href":"https:\/\/ceoparts.com\/tr\/wp-json\/wp\/v2\/media?parent=14533"}],"wp:term":[{"taxonomy":"product_brand","embeddable":true,"href":"https:\/\/ceoparts.com\/tr\/wp-json\/wp\/v2\/product_brand?post=14533"},{"taxonomy":"product_cat","embeddable":true,"href":"https:\/\/ceoparts.com\/tr\/wp-json\/wp\/v2\/product_cat?post=14533"},{"taxonomy":"product_tag","embeddable":true,"href":"https:\/\/ceoparts.com\/tr\/wp-json\/wp\/v2\/product_tag?post=14533"}],"curies":[{"name":"wp","href":"https:\/\/api.w.org\/{rel}","templated":true}]}}