{"id":14538,"date":"2025-02-13T17:01:23","date_gmt":"2025-02-13T14:01:23","guid":{"rendered":"https:\/\/ceoparts.com\/?post_type=product&#038;p=14538"},"modified":"2026-05-16T19:52:17","modified_gmt":"2026-05-16T16:52:17","slug":"35x102x28-asansor-rulmani-211f8-2200-14529","status":"publish","type":"product","link":"https:\/\/ceoparts.com\/tr\/urun\/35x102x28-asansor-rulmani-211f8-2200-14529\/","title":{"rendered":"35x102x28 Asans\u00f6r Rulman\u0131 &#8211; 211F8-2200 , 14529"},"content":{"rendered":"<p>35x102x28 Asans\u00f6r Rulman\u0131 &#8211; 211F8-2200 , 14529<\/p>","protected":false},"excerpt":{"rendered":"<p data-start=\"60\" data-end=\"331\"><br data-start=\"65\" data-end=\"68\" \/>Forklift ve end\u00fcstriyel asans\u00f6r sistemlerinde kullan\u0131lan <strong data-start=\"125\" data-end=\"154\">35x102x28 Asans\u00f6r Rulman\u0131<\/strong>, y\u00fcksek dayan\u0131kl\u0131l\u0131\u011f\u0131 ve hassas d\u00f6nme kabiliyetiyle sistem performans\u0131n\u0131 art\u0131r\u0131r. Dayan\u0131kl\u0131 malzeme yap\u0131s\u0131 sayesinde uzun \u00f6m\u00fcrl\u00fc kullan\u0131m sa\u011flar ve bak\u0131m maliyetlerini d\u00fc\u015f\u00fcr\u00fcr.<\/p>\n<p data-start=\"333\" data-end=\"600\"><strong data-start=\"333\" data-end=\"348\">\u00d6zellikler:<\/strong><br data-start=\"348\" data-end=\"351\" \/><strong data-start=\"351\" data-end=\"364\">\u00dcr\u00fcn Ad\u0131:<\/strong> 35x102x28 Asans\u00f6r Rulman\u0131<br data-start=\"390\" data-end=\"393\" \/><strong data-start=\"393\" data-end=\"408\">Par\u00e7a Kodu:<\/strong> 211F8-2200, 14529<br data-start=\"426\" data-end=\"429\" \/><strong data-start=\"429\" data-end=\"441\">Malzeme:<\/strong> Y\u00fcksek kaliteli rulman \u00e7eli\u011fi<br data-start=\"471\" data-end=\"474\" \/><strong data-start=\"474\" data-end=\"493\">Kullan\u0131m Alan\u0131:<\/strong> Forklift ve end\u00fcstriyel asans\u00f6r sistemleri<br data-start=\"536\" data-end=\"539\" \/><strong data-start=\"539\" data-end=\"551\">Avantaj:<\/strong> Y\u00fcksek dayan\u0131kl\u0131l\u0131k, uzun \u00f6m\u00fcr, hassas \u00e7al\u0131\u015fma<\/p>\n<p data-start=\"602\" data-end=\"870\">\n","protected":false},"featured_media":14540,"template":"","meta":[],"product_brand":[],"product_cat":[457],"product_tag":[],"class_list":{"0":"post-14538","1":"product","2":"type-product","3":"status-publish","4":"has-post-thumbnail","6":"product_cat-asansor-rulmanlari","8":"first","9":"instock","10":"taxable","11":"shipping-taxable","12":"purchasable","13":"product-type-simple"},"_links":{"self":[{"href":"https:\/\/ceoparts.com\/tr\/wp-json\/wp\/v2\/product\/14538","targetHints":{"allow":["GET"]}}],"collection":[{"href":"https:\/\/ceoparts.com\/tr\/wp-json\/wp\/v2\/product"}],"about":[{"href":"https:\/\/ceoparts.com\/tr\/wp-json\/wp\/v2\/types\/product"}],"wp:featuredmedia":[{"embeddable":true,"href":"https:\/\/ceoparts.com\/tr\/wp-json\/wp\/v2\/media\/14540"}],"wp:attachment":[{"href":"https:\/\/ceoparts.com\/tr\/wp-json\/wp\/v2\/media?parent=14538"}],"wp:term":[{"taxonomy":"product_brand","embeddable":true,"href":"https:\/\/ceoparts.com\/tr\/wp-json\/wp\/v2\/product_brand?post=14538"},{"taxonomy":"product_cat","embeddable":true,"href":"https:\/\/ceoparts.com\/tr\/wp-json\/wp\/v2\/product_cat?post=14538"},{"taxonomy":"product_tag","embeddable":true,"href":"https:\/\/ceoparts.com\/tr\/wp-json\/wp\/v2\/product_tag?post=14538"}],"curies":[{"name":"wp","href":"https:\/\/api.w.org\/{rel}","templated":true}]}}