{"id":14557,"date":"2025-02-13T17:32:15","date_gmt":"2025-02-13T14:32:15","guid":{"rendered":"https:\/\/ceoparts.com\/?post_type=product&#038;p=14557"},"modified":"2026-05-16T23:24:23","modified_gmt":"2026-05-16T20:24:23","slug":"40x902x29-linde-asansor-rulmani-9249476","status":"publish","type":"product","link":"https:\/\/ceoparts.com\/tr\/urun\/40x902x29-linde-asansor-rulmani-9249476\/","title":{"rendered":"40&#215;90,2&#215;29 Linde Asans\u00f6r Rulman\u0131 &#8211; 9249476"},"content":{"rendered":"<p>40&#215;90,2&#215;29 Linde Asans\u00f6r Rulman\u0131 &#8211; 9249476<\/p>","protected":false},"excerpt":{"rendered":"<p data-start=\"0\" data-end=\"266\"><br data-start=\"5\" data-end=\"8\" \/>Linde asans\u00f6r sistemlerinde kullan\u0131lan <strong data-start=\"47\" data-end=\"93\">40\u00d790,2\u00d729 Linde Asans\u00f6r Rulman\u0131 \u2013 9249476<\/strong>, y\u00fcksek dayan\u0131kl\u0131l\u0131k ve hassasiyet gerektiren uygulamalar i\u00e7in \u00f6zel olarak tasarlanm\u0131\u015ft\u0131r. Uzun \u00f6m\u00fcrl\u00fc malzemesi ve kaliteli i\u015f\u00e7ili\u011fi sayesinde g\u00fcvenilir performans sa\u011flar.<\/p>\n<p data-start=\"268\" data-end=\"514\"><strong data-start=\"268\" data-end=\"283\">\u00d6zellikler:<\/strong><br data-start=\"283\" data-end=\"286\" \/><strong data-start=\"286\" data-end=\"299\">\u00dcr\u00fcn Ad\u0131:<\/strong> 40\u00d790,2\u00d729 Linde Asans\u00f6r Rulman\u0131<br data-start=\"332\" data-end=\"335\" \/><strong data-start=\"335\" data-end=\"350\">Par\u00e7a Kodu:<\/strong> 9249476<br data-start=\"358\" data-end=\"361\" \/><strong data-start=\"361\" data-end=\"373\">Malzeme:<\/strong> Y\u00fcksek kaliteli rulman \u00e7eli\u011fi<br data-start=\"403\" data-end=\"406\" \/><strong data-start=\"406\" data-end=\"425\">Kullan\u0131m Alan\u0131:<\/strong> Linde asans\u00f6r sistemleri<br data-start=\"450\" data-end=\"453\" \/><strong data-start=\"453\" data-end=\"465\">Avantaj:<\/strong> Y\u00fcksek dayan\u0131kl\u0131l\u0131k, hassas \u00e7al\u0131\u015fma, uzun \u00f6m\u00fcr<\/p>\n<p data-start=\"516\" data-end=\"769\">\n","protected":false},"featured_media":14559,"template":"","meta":[],"product_brand":[],"product_cat":[246,457,523],"product_tag":[],"class_list":{"0":"post-14557","1":"product","2":"type-product","3":"status-publish","4":"has-post-thumbnail","6":"product_cat-linde","7":"product_cat-asansor-rulmanlari","8":"product_cat-yedek-parca-linde","10":"first","11":"instock","12":"taxable","13":"shipping-taxable","14":"purchasable","15":"product-type-simple"},"_links":{"self":[{"href":"https:\/\/ceoparts.com\/tr\/wp-json\/wp\/v2\/product\/14557","targetHints":{"allow":["GET"]}}],"collection":[{"href":"https:\/\/ceoparts.com\/tr\/wp-json\/wp\/v2\/product"}],"about":[{"href":"https:\/\/ceoparts.com\/tr\/wp-json\/wp\/v2\/types\/product"}],"wp:featuredmedia":[{"embeddable":true,"href":"https:\/\/ceoparts.com\/tr\/wp-json\/wp\/v2\/media\/14559"}],"wp:attachment":[{"href":"https:\/\/ceoparts.com\/tr\/wp-json\/wp\/v2\/media?parent=14557"}],"wp:term":[{"taxonomy":"product_brand","embeddable":true,"href":"https:\/\/ceoparts.com\/tr\/wp-json\/wp\/v2\/product_brand?post=14557"},{"taxonomy":"product_cat","embeddable":true,"href":"https:\/\/ceoparts.com\/tr\/wp-json\/wp\/v2\/product_cat?post=14557"},{"taxonomy":"product_tag","embeddable":true,"href":"https:\/\/ceoparts.com\/tr\/wp-json\/wp\/v2\/product_tag?post=14557"}],"curies":[{"name":"wp","href":"https:\/\/api.w.org\/{rel}","templated":true}]}}