{"id":14563,"date":"2025-02-13T17:47:52","date_gmt":"2025-02-13T14:47:52","guid":{"rendered":"https:\/\/ceoparts.com\/?post_type=product&#038;p=14563"},"modified":"2026-05-16T19:52:00","modified_gmt":"2026-05-16T16:52:00","slug":"52x25x25-asansor-rulmani-nutr205-x-3as-ntn","status":"publish","type":"product","link":"https:\/\/ceoparts.com\/tr\/urun\/52x25x25-asansor-rulmani-nutr205-x-3as-ntn\/","title":{"rendered":"52x25x25 Asans\u00f6r Rulman\u0131 &#8211; NUTR205 X\/3AS NTN"},"content":{"rendered":"<p>52x25x25 Asans\u00f6r Rulman\u0131 &#8211; NUTR205 X\/3AS NTN<\/p>","protected":false},"excerpt":{"rendered":"<p data-start=\"0\" data-end=\"263\"><br data-start=\"5\" data-end=\"8\" \/>Asans\u00f6r sistemlerinde kullan\u0131lan <strong data-start=\"41\" data-end=\"89\">52x25x25 Asans\u00f6r Rulman\u0131 &#8211; NUTR205 X\/3AS NTN<\/strong>, y\u00fcksek dayan\u0131kl\u0131l\u0131k ve hassasiyet gerektiren uygulamalar i\u00e7in \u00f6zel olarak tasarlanm\u0131\u015ft\u0131r. Y\u00fcksek kaliteli malzemesi ve \u00fcst\u00fcn i\u015f\u00e7ilik sayesinde uzun \u00f6m\u00fcrl\u00fc performans sunar.<\/p>\n<p data-start=\"265\" data-end=\"527\"><strong data-start=\"265\" data-end=\"280\">\u00d6zellikler:<\/strong><br data-start=\"280\" data-end=\"283\" \/><strong data-start=\"283\" data-end=\"296\">\u00dcr\u00fcn Ad\u0131:<\/strong> 52x25x25 Asans\u00f6r Rulman\u0131 &#8211; NUTR205 X\/3AS NTN<br data-start=\"341\" data-end=\"344\" \/><strong data-start=\"344\" data-end=\"359\">Par\u00e7a Kodu:<\/strong> NUTR205 X\/3AS NTN<br data-start=\"377\" data-end=\"380\" \/><strong data-start=\"380\" data-end=\"392\">Malzeme:<\/strong> Y\u00fcksek kaliteli rulman \u00e7eli\u011fi<br data-start=\"422\" data-end=\"425\" \/><strong data-start=\"425\" data-end=\"444\">Kullan\u0131m Alan\u0131:<\/strong> Asans\u00f6r sistemleri<br data-start=\"463\" data-end=\"466\" \/><strong data-start=\"466\" data-end=\"478\">Avantaj:<\/strong> Y\u00fcksek dayan\u0131kl\u0131l\u0131k, hassas \u00e7al\u0131\u015fma, uzun \u00f6m\u00fcr<\/p>\n<p data-start=\"529\" data-end=\"776\">\n","protected":false},"featured_media":14567,"template":"","meta":[],"product_brand":[],"product_cat":[457],"product_tag":[],"class_list":{"0":"post-14563","1":"product","2":"type-product","3":"status-publish","4":"has-post-thumbnail","6":"product_cat-asansor-rulmanlari","8":"first","9":"instock","10":"taxable","11":"shipping-taxable","12":"purchasable","13":"product-type-simple"},"_links":{"self":[{"href":"https:\/\/ceoparts.com\/tr\/wp-json\/wp\/v2\/product\/14563","targetHints":{"allow":["GET"]}}],"collection":[{"href":"https:\/\/ceoparts.com\/tr\/wp-json\/wp\/v2\/product"}],"about":[{"href":"https:\/\/ceoparts.com\/tr\/wp-json\/wp\/v2\/types\/product"}],"wp:featuredmedia":[{"embeddable":true,"href":"https:\/\/ceoparts.com\/tr\/wp-json\/wp\/v2\/media\/14567"}],"wp:attachment":[{"href":"https:\/\/ceoparts.com\/tr\/wp-json\/wp\/v2\/media?parent=14563"}],"wp:term":[{"taxonomy":"product_brand","embeddable":true,"href":"https:\/\/ceoparts.com\/tr\/wp-json\/wp\/v2\/product_brand?post=14563"},{"taxonomy":"product_cat","embeddable":true,"href":"https:\/\/ceoparts.com\/tr\/wp-json\/wp\/v2\/product_cat?post=14563"},{"taxonomy":"product_tag","embeddable":true,"href":"https:\/\/ceoparts.com\/tr\/wp-json\/wp\/v2\/product_tag?post=14563"}],"curies":[{"name":"wp","href":"https:\/\/api.w.org\/{rel}","templated":true}]}}