{"id":14569,"date":"2025-02-15T10:35:53","date_gmt":"2025-02-15T07:35:53","guid":{"rendered":"https:\/\/ceoparts.com\/?post_type=product&#038;p=14569"},"modified":"2026-05-16T07:31:05","modified_gmt":"2026-05-16T04:31:05","slug":"6005-metal-rulman","status":"publish","type":"product","link":"https:\/\/ceoparts.com\/tr\/urun\/6005-metal-rulman\/","title":{"rendered":"6005 Metal Rulman"},"content":{"rendered":"<p>6005 Metal Rulman<\/p>\n<p><\/p>\n<table class=\"table\" aria-describedby=\"Boyutlar\">\n<tbody>\n<tr>\n<td class=\"feature-name\"><span class=\"name\">Delik \u00e7ap\u0131<\/span><\/td>\n<td class=\"feature-value value-no-wrap\"><span class=\"value\">25<\/span><span class=\"unit\">\u00a0mm<\/span><\/td>\n<\/tr>\n<tr>\n<td class=\"feature-name\"><span class=\"name\">D\u0131\u015f \u00e7ap<\/span><\/td>\n<td class=\"feature-value value-no-wrap\"><span class=\"value\">47<\/span><span class=\"unit\">\u00a0mm<\/span><\/td>\n<\/tr>\n<tr>\n<td class=\"feature-name\"><span class=\"name\">Geni\u015flik<\/span><\/td>\n<td class=\"feature-value value-no-wrap\"><span class=\"value\">12<\/span><span class=\"unit\">\u00a0mm<\/span><\/td>\n<\/tr>\n<\/tbody>\n<\/table>\n<p><\/p>","protected":false},"excerpt":{"rendered":"<p data-start=\"0\" data-end=\"219\"><br data-start=\"5\" data-end=\"8\" \/>End\u00fcstriyel uygulamalarda kullan\u0131lan <strong data-start=\"45\" data-end=\"66\">6005 Metal Rulman<\/strong>, metal kapakl\u0131 yap\u0131s\u0131 sayesinde d\u0131\u015f etkenlere kar\u015f\u0131 koruma sa\u011flar ve y\u00fcksek dayan\u0131kl\u0131l\u0131k sunar. D\u00fc\u015f\u00fck s\u00fcrt\u00fcnme ile uzun \u00f6m\u00fcrl\u00fc ve sessiz \u00e7al\u0131\u015fma sa\u011flar.<\/p>\n<p data-start=\"221\" data-end=\"541\"><strong data-start=\"221\" data-end=\"236\">\u00d6zellikler:<\/strong><br data-start=\"236\" data-end=\"239\" \/><strong data-start=\"239\" data-end=\"252\">\u00dcr\u00fcn Ad\u0131:<\/strong> 6005 Metal Rulman<br data-start=\"270\" data-end=\"273\" \/><strong data-start=\"273\" data-end=\"288\">Par\u00e7a Kodu:<\/strong> Belirtilmemi\u015f<br data-start=\"302\" data-end=\"305\" \/><strong data-start=\"305\" data-end=\"317\">Malzeme:<\/strong> Y\u00fcksek kaliteli rulman \u00e7eli\u011fi, metal kapakl\u0131<br data-start=\"362\" data-end=\"365\" \/><strong data-start=\"365\" data-end=\"384\">Kullan\u0131m Alan\u0131:<\/strong> Elektrik motorlar\u0131, makine ekipmanlar\u0131, genel end\u00fcstriyel uygulamalar<br data-start=\"454\" data-end=\"457\" \/><strong data-start=\"457\" data-end=\"469\">Avantaj:<\/strong> D\u0131\u015f etkenlere kar\u015f\u0131 koruma, d\u00fc\u015f\u00fck s\u00fcrt\u00fcnme, uzun \u00f6m\u00fcr, sessiz \u00e7al\u0131\u015fma<\/p>\n<p data-start=\"543\" data-end=\"771\">\n","protected":false},"featured_media":14570,"template":"","meta":[],"product_brand":[],"product_cat":[458],"product_tag":[],"class_list":{"0":"post-14569","1":"product","2":"type-product","3":"status-publish","4":"has-post-thumbnail","6":"product_cat-denge-teker-rulmanlari","8":"first","9":"instock","10":"taxable","11":"shipping-taxable","12":"purchasable","13":"product-type-simple"},"_links":{"self":[{"href":"https:\/\/ceoparts.com\/tr\/wp-json\/wp\/v2\/product\/14569","targetHints":{"allow":["GET"]}}],"collection":[{"href":"https:\/\/ceoparts.com\/tr\/wp-json\/wp\/v2\/product"}],"about":[{"href":"https:\/\/ceoparts.com\/tr\/wp-json\/wp\/v2\/types\/product"}],"wp:featuredmedia":[{"embeddable":true,"href":"https:\/\/ceoparts.com\/tr\/wp-json\/wp\/v2\/media\/14570"}],"wp:attachment":[{"href":"https:\/\/ceoparts.com\/tr\/wp-json\/wp\/v2\/media?parent=14569"}],"wp:term":[{"taxonomy":"product_brand","embeddable":true,"href":"https:\/\/ceoparts.com\/tr\/wp-json\/wp\/v2\/product_brand?post=14569"},{"taxonomy":"product_cat","embeddable":true,"href":"https:\/\/ceoparts.com\/tr\/wp-json\/wp\/v2\/product_cat?post=14569"},{"taxonomy":"product_tag","embeddable":true,"href":"https:\/\/ceoparts.com\/tr\/wp-json\/wp\/v2\/product_tag?post=14569"}],"curies":[{"name":"wp","href":"https:\/\/api.w.org\/{rel}","templated":true}]}}