{"id":14592,"date":"2025-02-15T12:23:02","date_gmt":"2025-02-15T09:23:02","guid":{"rendered":"https:\/\/ceoparts.com\/?post_type=product&#038;p=14592"},"modified":"2026-05-16T17:12:23","modified_gmt":"2026-05-16T14:12:23","slug":"fmx-gobek-rulmani-29245033","status":"publish","type":"product","link":"https:\/\/ceoparts.com\/tr\/urun\/fmx-gobek-rulmani-29245033\/","title":{"rendered":"FMX G\u00f6bek Rulman\u0131 &#8211; 29245033"},"content":{"rendered":"<p>FMX G\u00f6bek Rulman\u0131 &#8211; 29245033<\/p>\n<p><span style=\"font-family: ti;\">Linde-115-03-R14-R16-R20-03-2010<br \/>\nStill FM-X14NG &#8211; FM-X17NG &#8211; FMX-20NG<\/span><\/p>","protected":false},"excerpt":{"rendered":"<p data-start=\"0\" data-end=\"257\"><br data-start=\"5\" data-end=\"8\" \/>Forklift uygulamalar\u0131nda kullan\u0131lan <strong data-start=\"44\" data-end=\"65\">FMX G\u00f6bek Rulman\u0131<\/strong>, FMX model forkliftlerin g\u00f6bek sistemlerinde y\u00fcksek dayan\u0131kl\u0131l\u0131k ve sorunsuz performans sa\u011flayan kaliteli rulmand\u0131r. Uzun \u00f6m\u00fcrl\u00fc yap\u0131s\u0131 ve hassas \u00e7al\u0131\u015fmas\u0131 ile forklift verimlili\u011fini art\u0131r\u0131r.<\/p>\n<p data-start=\"259\" data-end=\"500\"><strong data-start=\"259\" data-end=\"274\">\u00d6zellikler:<\/strong><br data-start=\"274\" data-end=\"277\" \/><strong data-start=\"277\" data-end=\"290\">\u00dcr\u00fcn Ad\u0131:<\/strong> FMX G\u00f6bek Rulman\u0131<br data-start=\"308\" data-end=\"311\" \/><strong data-start=\"311\" data-end=\"326\">Par\u00e7a Kodu:<\/strong> 29245033<br data-start=\"335\" data-end=\"338\" \/><strong data-start=\"338\" data-end=\"350\">Malzeme:<\/strong> Y\u00fcksek dayan\u0131ml\u0131 rulman \u00e7eli\u011fi<br data-start=\"381\" data-end=\"384\" \/><strong data-start=\"384\" data-end=\"403\">Kullan\u0131m Alan\u0131:<\/strong> FMX forklift g\u00f6bek sistemleri<br data-start=\"433\" data-end=\"436\" \/><strong data-start=\"436\" data-end=\"448\">Avantaj:<\/strong> Uzun \u00f6m\u00fcr, hassas performans, y\u00fcksek dayan\u0131kl\u0131l\u0131k<\/p>\n<p data-start=\"502\" data-end=\"726\">\n","protected":false},"featured_media":14613,"template":"","meta":[],"product_brand":[],"product_cat":[241,459,524],"product_tag":[],"class_list":{"0":"post-14592","1":"product","2":"type-product","3":"status-publish","4":"has-post-thumbnail","6":"product_cat-still","7":"product_cat-gobek-rulmanlar","8":"product_cat-yedek-parca-still","10":"first","11":"instock","12":"taxable","13":"shipping-taxable","14":"purchasable","15":"product-type-simple"},"_links":{"self":[{"href":"https:\/\/ceoparts.com\/tr\/wp-json\/wp\/v2\/product\/14592","targetHints":{"allow":["GET"]}}],"collection":[{"href":"https:\/\/ceoparts.com\/tr\/wp-json\/wp\/v2\/product"}],"about":[{"href":"https:\/\/ceoparts.com\/tr\/wp-json\/wp\/v2\/types\/product"}],"wp:featuredmedia":[{"embeddable":true,"href":"https:\/\/ceoparts.com\/tr\/wp-json\/wp\/v2\/media\/14613"}],"wp:attachment":[{"href":"https:\/\/ceoparts.com\/tr\/wp-json\/wp\/v2\/media?parent=14592"}],"wp:term":[{"taxonomy":"product_brand","embeddable":true,"href":"https:\/\/ceoparts.com\/tr\/wp-json\/wp\/v2\/product_brand?post=14592"},{"taxonomy":"product_cat","embeddable":true,"href":"https:\/\/ceoparts.com\/tr\/wp-json\/wp\/v2\/product_cat?post=14592"},{"taxonomy":"product_tag","embeddable":true,"href":"https:\/\/ceoparts.com\/tr\/wp-json\/wp\/v2\/product_tag?post=14592"}],"curies":[{"name":"wp","href":"https:\/\/api.w.org\/{rel}","templated":true}]}}