{"id":14607,"date":"2025-02-15T12:46:09","date_gmt":"2025-02-15T09:46:09","guid":{"rendered":"https:\/\/ceoparts.com\/?post_type=product&#038;p=14607"},"modified":"2026-05-16T17:05:12","modified_gmt":"2026-05-16T14:05:12","slug":"bt-rre160h-gobek-rulmani","status":"publish","type":"product","link":"https:\/\/ceoparts.com\/tr\/urun\/bt-rre160h-gobek-rulmani\/","title":{"rendered":"BT RRE160H G\u00f6bek Rulman\u0131"},"content":{"rendered":"<p>BT RRE160H G\u00f6bek Rulman\u0131<\/p>","protected":false},"excerpt":{"rendered":"<p data-start=\"0\" data-end=\"273\"><br data-start=\"5\" data-end=\"8\" \/>Forklift uygulamalar\u0131nda kullan\u0131lan <strong data-start=\"44\" data-end=\"72\">BT RRE160H G\u00f6bek Rulman\u0131<\/strong>, BT RRE160H model forkliftlerin g\u00f6bek sistemlerinde y\u00fcksek dayan\u0131kl\u0131l\u0131k ve hassas performans sa\u011flayan kaliteli rulmand\u0131r. Dayan\u0131kl\u0131 yap\u0131s\u0131 ile forkliftin uzun \u00f6m\u00fcrl\u00fc ve sorunsuz \u00e7al\u0131\u015fmas\u0131n\u0131 destekler.<\/p>\n<p data-start=\"275\" data-end=\"535\"><strong data-start=\"275\" data-end=\"290\">\u00d6zellikler:<\/strong><br data-start=\"290\" data-end=\"293\" \/><strong data-start=\"293\" data-end=\"306\">\u00dcr\u00fcn Ad\u0131:<\/strong> BT RRE160H G\u00f6bek Rulman\u0131<br data-start=\"331\" data-end=\"334\" \/><strong data-start=\"334\" data-end=\"349\">Par\u00e7a Kodu:<\/strong> Belirtilmemi\u015f<br data-start=\"363\" data-end=\"366\" \/><strong data-start=\"366\" data-end=\"378\">Malzeme:<\/strong> Y\u00fcksek dayan\u0131ml\u0131 rulman \u00e7eli\u011fi<br data-start=\"409\" data-end=\"412\" \/><strong data-start=\"412\" data-end=\"431\">Kullan\u0131m Alan\u0131:<\/strong> BT RRE160H forklift g\u00f6bek sistemleri<br data-start=\"468\" data-end=\"471\" \/><strong data-start=\"471\" data-end=\"483\">Avantaj:<\/strong> Uzun \u00f6m\u00fcr, hassas performans, y\u00fcksek dayan\u0131kl\u0131l\u0131k<\/p>\n<p data-start=\"537\" data-end=\"779\">\n","protected":false},"featured_media":14615,"template":"","meta":[],"product_brand":[],"product_cat":[251,459,518],"product_tag":[],"class_list":{"0":"post-14607","1":"product","2":"type-product","3":"status-publish","4":"has-post-thumbnail","6":"product_cat-bt","7":"product_cat-gobek-rulmanlar","8":"product_cat-yedek-parca-bt","10":"first","11":"instock","12":"taxable","13":"shipping-taxable","14":"purchasable","15":"product-type-simple"},"_links":{"self":[{"href":"https:\/\/ceoparts.com\/tr\/wp-json\/wp\/v2\/product\/14607","targetHints":{"allow":["GET"]}}],"collection":[{"href":"https:\/\/ceoparts.com\/tr\/wp-json\/wp\/v2\/product"}],"about":[{"href":"https:\/\/ceoparts.com\/tr\/wp-json\/wp\/v2\/types\/product"}],"wp:featuredmedia":[{"embeddable":true,"href":"https:\/\/ceoparts.com\/tr\/wp-json\/wp\/v2\/media\/14615"}],"wp:attachment":[{"href":"https:\/\/ceoparts.com\/tr\/wp-json\/wp\/v2\/media?parent=14607"}],"wp:term":[{"taxonomy":"product_brand","embeddable":true,"href":"https:\/\/ceoparts.com\/tr\/wp-json\/wp\/v2\/product_brand?post=14607"},{"taxonomy":"product_cat","embeddable":true,"href":"https:\/\/ceoparts.com\/tr\/wp-json\/wp\/v2\/product_cat?post=14607"},{"taxonomy":"product_tag","embeddable":true,"href":"https:\/\/ceoparts.com\/tr\/wp-json\/wp\/v2\/product_tag?post=14607"}],"curies":[{"name":"wp","href":"https:\/\/api.w.org\/{rel}","templated":true}]}}