{"id":14619,"date":"2025-02-17T09:40:46","date_gmt":"2025-02-17T06:40:46","guid":{"rendered":"https:\/\/ceoparts.com\/?post_type=product&#038;p=14619"},"modified":"2026-05-16T17:29:15","modified_gmt":"2026-05-16T14:29:15","slug":"jungheinrich-etv216-gobek-rulmani-50452065","status":"publish","type":"product","link":"https:\/\/ceoparts.com\/tr\/urun\/jungheinrich-etv216-gobek-rulmani-50452065\/","title":{"rendered":"Jungheinrich ETV216 G\u00f6bek Rulman\u0131 &#8211; 50452065"},"content":{"rendered":"<p>Jungheinrich ETV216 G\u00f6bek Rulman\u0131 &#8211; 50452065<\/p>\n<p>Jungheinrich 50452065<\/p>\n<p>&nbsp;<\/p>\n<table border=\"0\" width=\"290\" cellspacing=\"0\" cellpadding=\"0\">\n<colgroup>\n<col width=\"192\" \/>\n<col width=\"98\" \/><\/colgroup>\n<tbody>\n<tr>\n<td width=\"192\" height=\"20\">ETVQ 20\/25 (US)<\/td>\n<td width=\"98\">1.11 &#8211;<\/td>\n<\/tr>\n<tr>\n<td height=\"20\">ETVQ 20\/25 (CN)<\/td>\n<td>12.11 &#8211;<\/td>\n<\/tr>\n<tr>\n<td height=\"20\">ETVQ 20\/25<\/td>\n<td>9.10 &#8211;<\/td>\n<\/tr>\n<tr>\n<td height=\"20\">ETV 114n\/116n<\/td>\n<td>7.11 &#8211;<\/td>\n<\/tr>\n<tr>\n<td height=\"20\">ETV 114\/116 (US)<\/td>\n<td>1.11 &#8211; 10.11<\/td>\n<\/tr>\n<tr>\n<td height=\"20\">ETV 114\/116 (CN)<\/td>\n<td>11.11 &#8211; 1.12<\/td>\n<\/tr>\n<tr>\n<td height=\"20\">ETV 114\/116<\/td>\n<td>11.05 &#8211; 12.11<\/td>\n<\/tr>\n<tr>\n<td height=\"20\">ETV 110\/112 (US)<\/td>\n<td>5.14 &#8211;<\/td>\n<\/tr>\n<tr>\n<td height=\"20\">ETV 110\/112 (US)<\/td>\n<td>1.11 &#8211;<\/td>\n<\/tr>\n<tr>\n<td height=\"20\">ETV 110\/112 (CN)<\/td>\n<td>12.11 &#8211;<\/td>\n<\/tr>\n<tr>\n<td height=\"20\">ETV 110\/112 (CN)<\/td>\n<td>5.14 &#8211;<\/td>\n<\/tr>\n<tr>\n<td height=\"20\">ETV 110\/112<\/td>\n<td>5.14 &#8211;<\/td>\n<\/tr>\n<tr>\n<td height=\"20\">ETV 110\/112<\/td>\n<td>11.05 &#8211;<\/td>\n<\/tr>\n<tr>\n<td height=\"20\">ETR 314\/320<\/td>\n<td>6.06 &#8211; 11.09<\/td>\n<\/tr>\n<tr>\n<td height=\"20\">ETM\/V 320\/325 (US)<\/td>\n<td>1.11 &#8211; 2.14<\/td>\n<\/tr>\n<tr>\n<td height=\"20\">ETM\/V 320\/325 (CN)<\/td>\n<td>12.11 &#8211; 2.14<\/td>\n<\/tr>\n<tr>\n<td height=\"20\">ETM\/V 320\/325<\/td>\n<td>12.04 &#8211; 2.14<\/td>\n<\/tr>\n<tr>\n<td height=\"20\">ETM\/V 318-325 (US)<\/td>\n<td>10.13 &#8211;<\/td>\n<\/tr>\n<tr>\n<td height=\"20\">ETM\/V 318-325 (CN)<\/td>\n<td>10.13 &#8211;<\/td>\n<\/tr>\n<tr>\n<td height=\"20\">ETM\/V 318-325<\/td>\n<td>10.13 &#8211;<\/td>\n<\/tr>\n<tr>\n<td height=\"20\">ETM\/V 214\/216 (US)<\/td>\n<td>1.11 &#8211; 10.12<\/td>\n<\/tr>\n<tr>\n<td height=\"20\">ETM\/V 214\/216 (US)<\/td>\n<td>9.11 &#8211;<\/td>\n<\/tr>\n<tr>\n<td height=\"20\">ETM\/V 214\/216 (CN)<\/td>\n<td>12.11 &#8211; 10.12<\/td>\n<\/tr>\n<tr>\n<td height=\"20\">ETM\/V 214\/216 (CN)<\/td>\n<td>12.11 &#8211;<\/td>\n<\/tr>\n<tr>\n<td height=\"20\">ETM\/V 214\/216<\/td>\n<td>9.11 &#8211;<\/td>\n<\/tr>\n<tr>\n<td height=\"20\">ETM\/V 214\/216<\/td>\n<td>12.03 &#8211; 10.12<\/td>\n<\/tr>\n<tr>\n<td height=\"20\">ETM\/V 214-325 Cab<\/td>\n<td>9.11 &#8211;<\/td>\n<\/tr>\n<tr>\n<td height=\"20\">ESE 533<\/td>\n<td>3.10 &#8211;<\/td>\n<\/tr>\n<tr>\n<td height=\"20\">ESE 420\/430<\/td>\n<td>7.09 &#8211;<\/td>\n<\/tr>\n<tr>\n<td height=\"20\">ESE 420\/430<\/td>\n<td>5.05 &#8211; 7.09<\/td>\n<\/tr>\n<tr>\n<td height=\"20\">EOP11-15N2<\/td>\n<td>1.10 &#8211;<\/td>\n<\/tr>\n<tr>\n<td height=\"20\">EKX 410 (2012)\/ US<\/td>\n<td>1.12 &#8211;<\/td>\n<\/tr>\n<tr>\n<td height=\"20\">EKX 410 (2012)<\/td>\n<td>1.12 &#8211;<\/td>\n<\/tr>\n<tr>\n<td height=\"20\">EKS 208\/312\u00a0\u00a0Z S\/F ZI L S\/F LI<\/td>\n<td>3.09 &#8211;<\/td>\n<\/tr>\n<tr>\n<td height=\"20\">EKS 208\/312\u00a0\u00a0US Z S\/F ZI L S\/F<\/td>\n<td>3.09 &#8211;<\/td>\n<\/tr>\n<tr>\n<td height=\"20\">EFX 413 I (2013)<\/td>\n<td>1.13 &#8211;<\/td>\n<\/tr>\n<tr>\n<td height=\"20\">EFX 410 S\/F (2013)<\/td>\n<td>1.13 &#8211;<\/td>\n<\/tr>\n<\/tbody>\n<\/table>\n<p><\/p>","protected":false},"excerpt":{"rendered":"<p data-start=\"0\" data-end=\"288\"><br data-start=\"5\" data-end=\"8\" \/>Forklift uygulamalar\u0131nda kullan\u0131lan <strong data-start=\"44\" data-end=\"81\">Jungheinrich ETV216 G\u00f6bek Rulman\u0131<\/strong>, Jungheinrich ETV216 model forkliftlerin g\u00f6bek sistemlerinde y\u00fcksek dayan\u0131kl\u0131l\u0131k ve sorunsuz \u00e7al\u0131\u015fma sa\u011flayan kaliteli rulmand\u0131r. Uzun \u00f6m\u00fcrl\u00fc yap\u0131s\u0131 ve hassas performans\u0131 ile forklift verimlili\u011fini art\u0131r\u0131r.<\/p>\n<p data-start=\"290\" data-end=\"563\"><strong data-start=\"290\" data-end=\"305\">\u00d6zellikler:<\/strong><br data-start=\"305\" data-end=\"308\" \/><strong data-start=\"308\" data-end=\"321\">\u00dcr\u00fcn Ad\u0131:<\/strong> Jungheinrich ETV216 G\u00f6bek Rulman\u0131<br data-start=\"355\" data-end=\"358\" \/><strong data-start=\"358\" data-end=\"373\">Par\u00e7a Kodu:<\/strong> 50452065<br data-start=\"382\" data-end=\"385\" \/><strong data-start=\"385\" data-end=\"397\">Malzeme:<\/strong> Y\u00fcksek dayan\u0131ml\u0131 rulman \u00e7eli\u011fi<br data-start=\"428\" data-end=\"431\" \/><strong data-start=\"431\" data-end=\"450\">Kullan\u0131m Alan\u0131:<\/strong> Jungheinrich ETV216 forklift g\u00f6bek sistemleri<br data-start=\"496\" data-end=\"499\" \/><strong data-start=\"499\" data-end=\"511\">Avantaj:<\/strong> Uzun \u00f6m\u00fcr, hassas performans, y\u00fcksek dayan\u0131kl\u0131l\u0131k<\/p>\n<p data-start=\"565\" data-end=\"824\">\n","protected":false},"featured_media":14631,"template":"","meta":[],"product_brand":[],"product_cat":[236,459,522],"product_tag":[],"class_list":{"0":"post-14619","1":"product","2":"type-product","3":"status-publish","4":"has-post-thumbnail","6":"product_cat-jungheinrich","7":"product_cat-gobek-rulmanlar","8":"product_cat-yedek-parca-jungheinrich","10":"first","11":"instock","12":"taxable","13":"shipping-taxable","14":"purchasable","15":"product-type-simple"},"_links":{"self":[{"href":"https:\/\/ceoparts.com\/tr\/wp-json\/wp\/v2\/product\/14619","targetHints":{"allow":["GET"]}}],"collection":[{"href":"https:\/\/ceoparts.com\/tr\/wp-json\/wp\/v2\/product"}],"about":[{"href":"https:\/\/ceoparts.com\/tr\/wp-json\/wp\/v2\/types\/product"}],"wp:featuredmedia":[{"embeddable":true,"href":"https:\/\/ceoparts.com\/tr\/wp-json\/wp\/v2\/media\/14631"}],"wp:attachment":[{"href":"https:\/\/ceoparts.com\/tr\/wp-json\/wp\/v2\/media?parent=14619"}],"wp:term":[{"taxonomy":"product_brand","embeddable":true,"href":"https:\/\/ceoparts.com\/tr\/wp-json\/wp\/v2\/product_brand?post=14619"},{"taxonomy":"product_cat","embeddable":true,"href":"https:\/\/ceoparts.com\/tr\/wp-json\/wp\/v2\/product_cat?post=14619"},{"taxonomy":"product_tag","embeddable":true,"href":"https:\/\/ceoparts.com\/tr\/wp-json\/wp\/v2\/product_tag?post=14619"}],"curies":[{"name":"wp","href":"https:\/\/api.w.org\/{rel}","templated":true}]}}