{"id":14632,"date":"2025-02-17T09:57:57","date_gmt":"2025-02-17T06:57:57","guid":{"rendered":"https:\/\/ceoparts.com\/?post_type=product&#038;p=14632"},"modified":"2026-05-16T15:57:01","modified_gmt":"2026-05-16T12:57:01","slug":"tabla-rulmani","status":"publish","type":"product","link":"https:\/\/ceoparts.com\/tr\/urun\/tabla-rulmani\/","title":{"rendered":"Tabla Rulman\u0131"},"content":{"rendered":"<p>Tabla Rulman\u0131<\/p>","protected":false},"excerpt":{"rendered":"<p data-start=\"0\" data-end=\"256\"><br data-start=\"5\" data-end=\"8\" \/>Forklift uygulamalar\u0131nda kullan\u0131lan <strong data-start=\"44\" data-end=\"61\">Tabla Rulman\u0131<\/strong>, forklift tabla hareketlerinin sorunsuz ve dayan\u0131kl\u0131 \u00e7al\u0131\u015fmas\u0131n\u0131 sa\u011flayan y\u00fcksek kaliteli rulmand\u0131r. Y\u00fcksek dayan\u0131kl\u0131l\u0131k ve hassas performans\u0131yla forklift operasyonlar\u0131n\u0131n verimlili\u011fini art\u0131r\u0131r.<\/p>\n<p data-start=\"258\" data-end=\"496\"><strong data-start=\"258\" data-end=\"273\">\u00d6zellikler:<\/strong><br data-start=\"273\" data-end=\"276\" \/><strong data-start=\"276\" data-end=\"289\">\u00dcr\u00fcn Ad\u0131:<\/strong> Tabla Rulman\u0131<br data-start=\"303\" data-end=\"306\" \/><strong data-start=\"306\" data-end=\"321\">Par\u00e7a Kodu:<\/strong> Belirtilmemi\u015f<br data-start=\"335\" data-end=\"338\" \/><strong data-start=\"338\" data-end=\"350\">Malzeme:<\/strong> Y\u00fcksek dayan\u0131ml\u0131 rulman \u00e7eli\u011fi<br data-start=\"381\" data-end=\"384\" \/><strong data-start=\"384\" data-end=\"403\">Kullan\u0131m Alan\u0131:<\/strong> Forklift tabla sistemleri<br data-start=\"429\" data-end=\"432\" \/><strong data-start=\"432\" data-end=\"444\">Avantaj:<\/strong> Y\u00fcksek dayan\u0131kl\u0131l\u0131k, hassas performans, uzun \u00f6m\u00fcr<\/p>\n<p data-start=\"498\" data-end=\"711\">\n","protected":false},"featured_media":14652,"template":"","meta":[],"product_brand":[],"product_cat":[459],"product_tag":[],"class_list":{"0":"post-14632","1":"product","2":"type-product","3":"status-publish","4":"has-post-thumbnail","6":"product_cat-gobek-rulmanlar","8":"first","9":"instock","10":"taxable","11":"shipping-taxable","12":"purchasable","13":"product-type-simple"},"_links":{"self":[{"href":"https:\/\/ceoparts.com\/tr\/wp-json\/wp\/v2\/product\/14632","targetHints":{"allow":["GET"]}}],"collection":[{"href":"https:\/\/ceoparts.com\/tr\/wp-json\/wp\/v2\/product"}],"about":[{"href":"https:\/\/ceoparts.com\/tr\/wp-json\/wp\/v2\/types\/product"}],"wp:featuredmedia":[{"embeddable":true,"href":"https:\/\/ceoparts.com\/tr\/wp-json\/wp\/v2\/media\/14652"}],"wp:attachment":[{"href":"https:\/\/ceoparts.com\/tr\/wp-json\/wp\/v2\/media?parent=14632"}],"wp:term":[{"taxonomy":"product_brand","embeddable":true,"href":"https:\/\/ceoparts.com\/tr\/wp-json\/wp\/v2\/product_brand?post=14632"},{"taxonomy":"product_cat","embeddable":true,"href":"https:\/\/ceoparts.com\/tr\/wp-json\/wp\/v2\/product_cat?post=14632"},{"taxonomy":"product_tag","embeddable":true,"href":"https:\/\/ceoparts.com\/tr\/wp-json\/wp\/v2\/product_tag?post=14632"}],"curies":[{"name":"wp","href":"https:\/\/api.w.org\/{rel}","templated":true}]}}