{"id":14646,"date":"2025-02-17T10:06:45","date_gmt":"2025-02-17T07:06:45","guid":{"rendered":"https:\/\/ceoparts.com\/?post_type=product&#038;p=14646"},"modified":"2026-05-16T16:18:39","modified_gmt":"2026-05-16T13:18:39","slug":"lpe200-bt-gobek-rulmani-180189","status":"publish","type":"product","link":"https:\/\/ceoparts.com\/tr\/urun\/lpe200-bt-gobek-rulmani-180189\/","title":{"rendered":"LPE200 BT G\u00f6bek Rulman\u0131 &#8211; 180189"},"content":{"rendered":"<p>LPE200 BT G\u00f6bek Rulman\u0131 &#8211; 180189<\/p>","protected":false},"excerpt":{"rendered":"<p data-start=\"0\" data-end=\"247\"><br data-start=\"5\" data-end=\"8\" \/>Forklift uygulamalar\u0131nda kullan\u0131lan <strong data-start=\"44\" data-end=\"71\">LPE200 BT G\u00f6bek Rulman\u0131<\/strong>, forklift g\u00f6bek sistemlerinde y\u00fcksek dayan\u0131kl\u0131l\u0131k ve sorunsuz \u00e7al\u0131\u015fma sa\u011flayan kaliteli rulmand\u0131r. Uzun \u00f6m\u00fcrl\u00fc yap\u0131s\u0131 ve hassas performans\u0131 ile forklift verimlili\u011fini art\u0131r\u0131r.<\/p>\n<p data-start=\"249\" data-end=\"500\"><strong data-start=\"249\" data-end=\"264\">\u00d6zellikler:<\/strong><br data-start=\"264\" data-end=\"267\" \/><strong data-start=\"267\" data-end=\"280\">\u00dcr\u00fcn Ad\u0131:<\/strong> LPE200 BT G\u00f6bek Rulman\u0131<br data-start=\"304\" data-end=\"307\" \/><strong data-start=\"307\" data-end=\"322\">Par\u00e7a Kodu:<\/strong> 180189<br data-start=\"329\" data-end=\"332\" \/><strong data-start=\"332\" data-end=\"344\">Malzeme:<\/strong> Y\u00fcksek dayan\u0131ml\u0131 rulman \u00e7eli\u011fi<br data-start=\"375\" data-end=\"378\" \/><strong data-start=\"378\" data-end=\"397\">Kullan\u0131m Alan\u0131:<\/strong> LPE200 BT forklift g\u00f6bek sistemleri<br data-start=\"433\" data-end=\"436\" \/><strong data-start=\"436\" data-end=\"448\">Avantaj:<\/strong> Uzun \u00f6m\u00fcr, hassas performans, y\u00fcksek dayan\u0131kl\u0131l\u0131k<\/p>\n<p data-start=\"502\" data-end=\"723\">\n","protected":false},"featured_media":14648,"template":"","meta":[],"product_brand":[],"product_cat":[459,518,251],"product_tag":[],"class_list":{"0":"post-14646","1":"product","2":"type-product","3":"status-publish","4":"has-post-thumbnail","6":"product_cat-gobek-rulmanlar","7":"product_cat-yedek-parca-bt","8":"product_cat-bt","10":"first","11":"instock","12":"taxable","13":"shipping-taxable","14":"purchasable","15":"product-type-simple"},"_links":{"self":[{"href":"https:\/\/ceoparts.com\/tr\/wp-json\/wp\/v2\/product\/14646","targetHints":{"allow":["GET"]}}],"collection":[{"href":"https:\/\/ceoparts.com\/tr\/wp-json\/wp\/v2\/product"}],"about":[{"href":"https:\/\/ceoparts.com\/tr\/wp-json\/wp\/v2\/types\/product"}],"wp:featuredmedia":[{"embeddable":true,"href":"https:\/\/ceoparts.com\/tr\/wp-json\/wp\/v2\/media\/14648"}],"wp:attachment":[{"href":"https:\/\/ceoparts.com\/tr\/wp-json\/wp\/v2\/media?parent=14646"}],"wp:term":[{"taxonomy":"product_brand","embeddable":true,"href":"https:\/\/ceoparts.com\/tr\/wp-json\/wp\/v2\/product_brand?post=14646"},{"taxonomy":"product_cat","embeddable":true,"href":"https:\/\/ceoparts.com\/tr\/wp-json\/wp\/v2\/product_cat?post=14646"},{"taxonomy":"product_tag","embeddable":true,"href":"https:\/\/ceoparts.com\/tr\/wp-json\/wp\/v2\/product_tag?post=14646"}],"curies":[{"name":"wp","href":"https:\/\/api.w.org\/{rel}","templated":true}]}}