{"id":14653,"date":"2025-02-17T10:20:35","date_gmt":"2025-02-17T07:20:35","guid":{"rendered":"https:\/\/ceoparts.com\/?post_type=product&#038;p=14653"},"modified":"2026-05-16T15:55:35","modified_gmt":"2026-05-16T12:55:35","slug":"39x68x37-mm-bms-dac-aks-rulmani-39680037-811407625b","status":"publish","type":"product","link":"https:\/\/ceoparts.com\/tr\/urun\/39x68x37-mm-bms-dac-aks-rulmani-39680037-811407625b\/","title":{"rendered":"39x68x37 mm Bms \/ Dac Aks Rulman\u0131 &#8211; 39680037 , 811407625B"},"content":{"rendered":"<p>39x68x37 mm Bms \/ Dac Aks Rulman\u0131 &#8211; 39680037 , 811407625B<\/p>","protected":false},"excerpt":{"rendered":"<p data-start=\"0\" data-end=\"241\"><br data-start=\"5\" data-end=\"8\" \/>Forklift uygulamalar\u0131nda kullan\u0131lan <strong data-start=\"44\" data-end=\"81\">39x68x37 mm BMS \/ DAC Aks Rulman\u0131<\/strong>, forklift akslar\u0131nda y\u00fcksek dayan\u0131kl\u0131l\u0131k ve hassas hareket sa\u011flayan kaliteli rulmand\u0131r. Dayan\u0131kl\u0131 yap\u0131s\u0131 ile forklift performans\u0131n\u0131 art\u0131r\u0131r ve uzun \u00f6m\u00fcr sunar.<\/p>\n<p data-start=\"243\" data-end=\"506\"><strong data-start=\"243\" data-end=\"258\">\u00d6zellikler:<\/strong><br data-start=\"258\" data-end=\"261\" \/><strong data-start=\"261\" data-end=\"274\">\u00dcr\u00fcn Ad\u0131:<\/strong> 39x68x37 mm BMS \/ DAC Aks Rulman\u0131<br data-start=\"308\" data-end=\"311\" \/><strong data-start=\"311\" data-end=\"326\">Par\u00e7a Kodu:<\/strong> 39680037, 811407625B<br data-start=\"347\" data-end=\"350\" \/><strong data-start=\"350\" data-end=\"362\">Malzeme:<\/strong> Y\u00fcksek dayan\u0131ml\u0131 rulman \u00e7eli\u011fi<br data-start=\"393\" data-end=\"396\" \/><strong data-start=\"396\" data-end=\"415\">Kullan\u0131m Alan\u0131:<\/strong> Forklift aks sistemleri<br data-start=\"439\" data-end=\"442\" \/><strong data-start=\"442\" data-end=\"454\">Avantaj:<\/strong> Y\u00fcksek dayan\u0131kl\u0131l\u0131k, hassas performans, uzun \u00f6m\u00fcr<\/p>\n<p data-start=\"508\" data-end=\"741\">\n","protected":false},"featured_media":14654,"template":"","meta":[],"product_brand":[],"product_cat":[460],"product_tag":[],"class_list":{"0":"post-14653","1":"product","2":"type-product","3":"status-publish","4":"has-post-thumbnail","6":"product_cat-yuk-ve-mekanizma-rulmanlari","8":"first","9":"instock","10":"taxable","11":"shipping-taxable","12":"purchasable","13":"product-type-simple"},"_links":{"self":[{"href":"https:\/\/ceoparts.com\/tr\/wp-json\/wp\/v2\/product\/14653","targetHints":{"allow":["GET"]}}],"collection":[{"href":"https:\/\/ceoparts.com\/tr\/wp-json\/wp\/v2\/product"}],"about":[{"href":"https:\/\/ceoparts.com\/tr\/wp-json\/wp\/v2\/types\/product"}],"wp:featuredmedia":[{"embeddable":true,"href":"https:\/\/ceoparts.com\/tr\/wp-json\/wp\/v2\/media\/14654"}],"wp:attachment":[{"href":"https:\/\/ceoparts.com\/tr\/wp-json\/wp\/v2\/media?parent=14653"}],"wp:term":[{"taxonomy":"product_brand","embeddable":true,"href":"https:\/\/ceoparts.com\/tr\/wp-json\/wp\/v2\/product_brand?post=14653"},{"taxonomy":"product_cat","embeddable":true,"href":"https:\/\/ceoparts.com\/tr\/wp-json\/wp\/v2\/product_cat?post=14653"},{"taxonomy":"product_tag","embeddable":true,"href":"https:\/\/ceoparts.com\/tr\/wp-json\/wp\/v2\/product_tag?post=14653"}],"curies":[{"name":"wp","href":"https:\/\/api.w.org\/{rel}","templated":true}]}}