{"id":14658,"date":"2025-02-17T10:27:35","date_gmt":"2025-02-17T07:27:35","guid":{"rendered":"https:\/\/ceoparts.com\/?post_type=product&#038;p=14658"},"modified":"2026-05-17T02:44:48","modified_gmt":"2026-05-16T23:44:48","slug":"39x72x37-mm-kare-mekanizma-rulmani-dac39720037","status":"publish","type":"product","link":"https:\/\/ceoparts.com\/tr\/urun\/39x72x37-mm-kare-mekanizma-rulmani-dac39720037\/","title":{"rendered":"39x72x37 mm Kare Mekanizma Rulman\u0131 &#8211; DAC39720037"},"content":{"rendered":"<p>39x72x37 mm Kare Mekanizma Rulman\u0131 &#8211; DAC39720037<\/p>","protected":false},"excerpt":{"rendered":"<p data-start=\"0\" data-end=\"235\"><br data-start=\"5\" data-end=\"8\" \/>Forklift uygulamalar\u0131nda kullan\u0131lan <strong data-start=\"44\" data-end=\"82\">39x72x37 mm Kare Mekanizma Rulman\u0131<\/strong>, forklift mekanizmalar\u0131nda y\u00fcksek dayan\u0131kl\u0131l\u0131k ve hassas hareket sa\u011flayan kaliteli rulmand\u0131r. Kare yap\u0131s\u0131 sayesinde mekanik uyum ve stabiliteyi art\u0131r\u0131r.<\/p>\n<p data-start=\"237\" data-end=\"501\"><strong data-start=\"237\" data-end=\"252\">\u00d6zellikler:<\/strong><br data-start=\"252\" data-end=\"255\" \/><strong data-start=\"255\" data-end=\"268\">\u00dcr\u00fcn Ad\u0131:<\/strong> 39x72x37 mm Kare Mekanizma Rulman\u0131<br data-start=\"303\" data-end=\"306\" \/><strong data-start=\"306\" data-end=\"321\">Par\u00e7a Kodu:<\/strong> DAC39720037<br data-start=\"333\" data-end=\"336\" \/><strong data-start=\"336\" data-end=\"348\">Malzeme:<\/strong> Y\u00fcksek dayan\u0131ml\u0131 rulman \u00e7eli\u011fi<br data-start=\"379\" data-end=\"382\" \/><strong data-start=\"382\" data-end=\"401\">Kullan\u0131m Alan\u0131:<\/strong> Forklift mekanizma sistemleri<br data-start=\"431\" data-end=\"434\" \/><strong data-start=\"434\" data-end=\"446\">Avantaj:<\/strong> Y\u00fcksek dayan\u0131kl\u0131l\u0131k, mekanik uyum, hassas performans<\/p>\n<p data-start=\"503\" data-end=\"715\">\n","protected":false},"featured_media":14664,"template":"","meta":[],"product_brand":[],"product_cat":[460],"product_tag":[],"class_list":{"0":"post-14658","1":"product","2":"type-product","3":"status-publish","4":"has-post-thumbnail","6":"product_cat-yuk-ve-mekanizma-rulmanlari","8":"first","9":"instock","10":"taxable","11":"shipping-taxable","12":"purchasable","13":"product-type-simple"},"_links":{"self":[{"href":"https:\/\/ceoparts.com\/tr\/wp-json\/wp\/v2\/product\/14658","targetHints":{"allow":["GET"]}}],"collection":[{"href":"https:\/\/ceoparts.com\/tr\/wp-json\/wp\/v2\/product"}],"about":[{"href":"https:\/\/ceoparts.com\/tr\/wp-json\/wp\/v2\/types\/product"}],"wp:featuredmedia":[{"embeddable":true,"href":"https:\/\/ceoparts.com\/tr\/wp-json\/wp\/v2\/media\/14664"}],"wp:attachment":[{"href":"https:\/\/ceoparts.com\/tr\/wp-json\/wp\/v2\/media?parent=14658"}],"wp:term":[{"taxonomy":"product_brand","embeddable":true,"href":"https:\/\/ceoparts.com\/tr\/wp-json\/wp\/v2\/product_brand?post=14658"},{"taxonomy":"product_cat","embeddable":true,"href":"https:\/\/ceoparts.com\/tr\/wp-json\/wp\/v2\/product_cat?post=14658"},{"taxonomy":"product_tag","embeddable":true,"href":"https:\/\/ceoparts.com\/tr\/wp-json\/wp\/v2\/product_tag?post=14658"}],"curies":[{"name":"wp","href":"https:\/\/api.w.org\/{rel}","templated":true}]}}