{"id":14665,"date":"2025-02-17T10:44:54","date_gmt":"2025-02-17T07:44:54","guid":{"rendered":"https:\/\/ceoparts.com\/?post_type=product&#038;p=14665"},"modified":"2026-05-16T10:57:27","modified_gmt":"2026-05-16T07:57:27","slug":"40x68x42-mm-yuk-teker-rulmani-du40680042","status":"publish","type":"product","link":"https:\/\/ceoparts.com\/tr\/urun\/40x68x42-mm-yuk-teker-rulmani-du40680042\/","title":{"rendered":"40x68x42 mm Y\u00fck Teker Rulman\u0131 &#8211; DU40680042"},"content":{"rendered":"<p>40x68x42 mm Y\u00fck Teker Rulman\u0131 &#8211; DU40680042<\/p>","protected":false},"excerpt":{"rendered":"<p data-start=\"0\" data-end=\"246\"><br data-start=\"5\" data-end=\"8\" \/>Forklift uygulamalar\u0131nda kullan\u0131lan <strong data-start=\"44\" data-end=\"77\">40x68x42 mm Y\u00fck Teker Rulman\u0131<\/strong>, forklift y\u00fck tekerlerinin sorunsuz ve dayan\u0131kl\u0131 \u00e7al\u0131\u015fmas\u0131n\u0131 sa\u011flayan y\u00fcksek kaliteli rulmand\u0131r. Y\u00fcksek dayan\u0131kl\u0131l\u0131k ve hassas yap\u0131s\u0131yla forklift performans\u0131n\u0131 art\u0131r\u0131r.<\/p>\n<p data-start=\"248\" data-end=\"503\"><strong data-start=\"248\" data-end=\"263\">\u00d6zellikler:<\/strong><br data-start=\"263\" data-end=\"266\" \/><strong data-start=\"266\" data-end=\"279\">\u00dcr\u00fcn Ad\u0131:<\/strong> 40x68x42 mm Y\u00fck Teker Rulman\u0131<br data-start=\"309\" data-end=\"312\" \/><strong data-start=\"312\" data-end=\"327\">Par\u00e7a Kodu:<\/strong> DU40680042<br data-start=\"338\" data-end=\"341\" \/><strong data-start=\"341\" data-end=\"353\">Malzeme:<\/strong> Y\u00fcksek dayan\u0131ml\u0131 rulman \u00e7eli\u011fi<br data-start=\"384\" data-end=\"387\" \/><strong data-start=\"387\" data-end=\"406\">Kullan\u0131m Alan\u0131:<\/strong> Forklift y\u00fck teker sistemleri<br data-start=\"436\" data-end=\"439\" \/><strong data-start=\"439\" data-end=\"451\">Avantaj:<\/strong> Y\u00fcksek dayan\u0131kl\u0131l\u0131k, hassas performans, uzun \u00f6m\u00fcr<\/p>\n<p data-start=\"505\" data-end=\"710\">\n","protected":false},"featured_media":14669,"template":"","meta":[],"product_brand":[],"product_cat":[460],"product_tag":[],"class_list":{"0":"post-14665","1":"product","2":"type-product","3":"status-publish","4":"has-post-thumbnail","6":"product_cat-yuk-ve-mekanizma-rulmanlari","8":"first","9":"instock","10":"taxable","11":"shipping-taxable","12":"purchasable","13":"product-type-simple"},"_links":{"self":[{"href":"https:\/\/ceoparts.com\/tr\/wp-json\/wp\/v2\/product\/14665","targetHints":{"allow":["GET"]}}],"collection":[{"href":"https:\/\/ceoparts.com\/tr\/wp-json\/wp\/v2\/product"}],"about":[{"href":"https:\/\/ceoparts.com\/tr\/wp-json\/wp\/v2\/types\/product"}],"wp:featuredmedia":[{"embeddable":true,"href":"https:\/\/ceoparts.com\/tr\/wp-json\/wp\/v2\/media\/14669"}],"wp:attachment":[{"href":"https:\/\/ceoparts.com\/tr\/wp-json\/wp\/v2\/media?parent=14665"}],"wp:term":[{"taxonomy":"product_brand","embeddable":true,"href":"https:\/\/ceoparts.com\/tr\/wp-json\/wp\/v2\/product_brand?post=14665"},{"taxonomy":"product_cat","embeddable":true,"href":"https:\/\/ceoparts.com\/tr\/wp-json\/wp\/v2\/product_cat?post=14665"},{"taxonomy":"product_tag","embeddable":true,"href":"https:\/\/ceoparts.com\/tr\/wp-json\/wp\/v2\/product_tag?post=14665"}],"curies":[{"name":"wp","href":"https:\/\/api.w.org\/{rel}","templated":true}]}}