{"id":14670,"date":"2025-02-17T10:57:32","date_gmt":"2025-02-17T07:57:32","guid":{"rendered":"https:\/\/ceoparts.com\/?post_type=product&#038;p=14670"},"modified":"2026-05-16T10:58:15","modified_gmt":"2026-05-16T07:58:15","slug":"40x73x55-mm-gh0036-yuk-teker-rulmani-bth-1024","status":"publish","type":"product","link":"https:\/\/ceoparts.com\/tr\/urun\/40x73x55-mm-gh0036-yuk-teker-rulmani-bth-1024\/","title":{"rendered":"40x73x55 mm GH0036 Y\u00fck Teker Rulman\u0131 &#8211; Bth 1024"},"content":{"rendered":"<p>40x73x55 mm GH0036 Y\u00fck Teker Rulman\u0131 &#8211; Bth 1024<\/p>","protected":false},"excerpt":{"rendered":"<p data-start=\"0\" data-end=\"264\"><br data-start=\"5\" data-end=\"8\" \/>Forklift uygulamalar\u0131nda kullan\u0131lan <strong data-start=\"44\" data-end=\"84\">40x73x55 mm GH0036 Y\u00fck Teker Rulman\u0131<\/strong>, forklift y\u00fck tekerinin sorunsuz ve dayan\u0131kl\u0131 \u00e7al\u0131\u015fmas\u0131n\u0131 sa\u011flayan y\u00fcksek kaliteli bir rulmand\u0131r. Y\u00fcksek dayan\u0131kl\u0131l\u0131k ve hassasiyet \u00f6zellikleri ile forklift performans\u0131n\u0131 art\u0131r\u0131r.<\/p>\n<p data-start=\"266\" data-end=\"526\"><strong data-start=\"266\" data-end=\"281\">\u00d6zellikler:<\/strong><br data-start=\"281\" data-end=\"284\" \/><strong data-start=\"284\" data-end=\"297\">\u00dcr\u00fcn Ad\u0131:<\/strong> 40x73x55 mm GH0036 Y\u00fck Teker Rulman\u0131<br data-start=\"334\" data-end=\"337\" \/><strong data-start=\"337\" data-end=\"352\">Par\u00e7a Kodu:<\/strong> BTH 1024<br data-start=\"361\" data-end=\"364\" \/><strong data-start=\"364\" data-end=\"376\">Malzeme:<\/strong> Y\u00fcksek dayan\u0131ml\u0131 rulman \u00e7eli\u011fi<br data-start=\"407\" data-end=\"410\" \/><strong data-start=\"410\" data-end=\"429\">Kullan\u0131m Alan\u0131:<\/strong> Forklift y\u00fck teker sistemleri<br data-start=\"459\" data-end=\"462\" \/><strong data-start=\"462\" data-end=\"474\">Avantaj:<\/strong> Y\u00fcksek dayan\u0131kl\u0131l\u0131k, hassas performans, uzun \u00f6m\u00fcr<\/p>\n<p data-start=\"528\" data-end=\"740\">\n","protected":false},"featured_media":14671,"template":"","meta":[],"product_brand":[],"product_cat":[251,460,518],"product_tag":[],"class_list":{"0":"post-14670","1":"product","2":"type-product","3":"status-publish","4":"has-post-thumbnail","6":"product_cat-bt","7":"product_cat-yuk-ve-mekanizma-rulmanlari","8":"product_cat-yedek-parca-bt","10":"first","11":"instock","12":"taxable","13":"shipping-taxable","14":"purchasable","15":"product-type-simple"},"_links":{"self":[{"href":"https:\/\/ceoparts.com\/tr\/wp-json\/wp\/v2\/product\/14670","targetHints":{"allow":["GET"]}}],"collection":[{"href":"https:\/\/ceoparts.com\/tr\/wp-json\/wp\/v2\/product"}],"about":[{"href":"https:\/\/ceoparts.com\/tr\/wp-json\/wp\/v2\/types\/product"}],"wp:featuredmedia":[{"embeddable":true,"href":"https:\/\/ceoparts.com\/tr\/wp-json\/wp\/v2\/media\/14671"}],"wp:attachment":[{"href":"https:\/\/ceoparts.com\/tr\/wp-json\/wp\/v2\/media?parent=14670"}],"wp:term":[{"taxonomy":"product_brand","embeddable":true,"href":"https:\/\/ceoparts.com\/tr\/wp-json\/wp\/v2\/product_brand?post=14670"},{"taxonomy":"product_cat","embeddable":true,"href":"https:\/\/ceoparts.com\/tr\/wp-json\/wp\/v2\/product_cat?post=14670"},{"taxonomy":"product_tag","embeddable":true,"href":"https:\/\/ceoparts.com\/tr\/wp-json\/wp\/v2\/product_tag?post=14670"}],"curies":[{"name":"wp","href":"https:\/\/api.w.org\/{rel}","templated":true}]}}