{"id":14688,"date":"2025-02-17T13:11:08","date_gmt":"2025-02-17T10:11:08","guid":{"rendered":"https:\/\/ceoparts.com\/?post_type=product&#038;p=14688"},"modified":"2026-05-17T21:15:35","modified_gmt":"2026-05-17T18:15:35","slug":"hidrolik-yagi-tanki-rre160","status":"publish","type":"product","link":"https:\/\/ceoparts.com\/tr\/urun\/hidrolik-yagi-tanki-rre160\/","title":{"rendered":"Hidrolik Ya\u011f\u0131 Tank\u0131 &#8211; RRE160"},"content":{"rendered":"<p>Hidrolik Ya\u011f\u0131 Tank\u0131 &#8211; RRE160<\/p>","protected":false},"excerpt":{"rendered":"<p data-start=\"0\" data-end=\"315\"><br data-start=\"5\" data-end=\"8\" \/>Forklift uygulamalar\u0131nda kullan\u0131lan <strong data-start=\"44\" data-end=\"77\">BT RRE160 Hidrolik Ya\u011f\u0131 Tank\u0131<\/strong>, forkliftin hidrolik sisteminde ya\u011f depolamak ve bas\u0131n\u00e7l\u0131 hidrolik ak\u0131\u015f\u0131n\u0131 d\u00fczenlemek i\u00e7in tasarlanm\u0131\u015f dayan\u0131kl\u0131 ve y\u00fcksek kaliteli bir par\u00e7ad\u0131r. Y\u00fcksek mukavemetli malzemesi ve s\u0131zd\u0131rmaz yap\u0131s\u0131yla uzun \u00f6m\u00fcrl\u00fc ve g\u00fcvenli kullan\u0131m sa\u011flar.<\/p>\n<p data-start=\"317\" data-end=\"576\"><strong data-start=\"317\" data-end=\"332\">\u00d6zellikler:<\/strong><br data-start=\"332\" data-end=\"335\" \/><strong data-start=\"335\" data-end=\"348\">\u00dcr\u00fcn Ad\u0131:<\/strong> BT RRE160 Hidrolik Ya\u011f\u0131 Tank\u0131<br data-start=\"378\" data-end=\"381\" \/><strong data-start=\"381\" data-end=\"396\">Par\u00e7a Kodu:<\/strong> 7591890<br data-start=\"404\" data-end=\"407\" \/><strong data-start=\"407\" data-end=\"419\">Malzeme:<\/strong> Y\u00fcksek dayan\u0131ml\u0131 metal\/plastik<br data-start=\"450\" data-end=\"453\" \/><strong data-start=\"453\" data-end=\"472\">Kullan\u0131m Alan\u0131:<\/strong> BT RRE160 forklift hidrolik sistemleri<br data-start=\"511\" data-end=\"514\" \/><strong data-start=\"514\" data-end=\"526\">Avantaj:<\/strong> G\u00fcvenli ya\u011f depolama, dayan\u0131kl\u0131 yap\u0131, uzun \u00f6m\u00fcr<\/p>\n<p data-start=\"578\" data-end=\"853\">\n","protected":false},"featured_media":14689,"template":"","meta":[],"product_brand":[],"product_cat":[251,461,518],"product_tag":[],"class_list":{"0":"post-14688","1":"product","2":"type-product","3":"status-publish","4":"has-post-thumbnail","6":"product_cat-bt","7":"product_cat-hidrolik-sistemi","8":"product_cat-yedek-parca-bt","10":"first","11":"instock","12":"taxable","13":"shipping-taxable","14":"purchasable","15":"product-type-simple"},"_links":{"self":[{"href":"https:\/\/ceoparts.com\/tr\/wp-json\/wp\/v2\/product\/14688","targetHints":{"allow":["GET"]}}],"collection":[{"href":"https:\/\/ceoparts.com\/tr\/wp-json\/wp\/v2\/product"}],"about":[{"href":"https:\/\/ceoparts.com\/tr\/wp-json\/wp\/v2\/types\/product"}],"wp:featuredmedia":[{"embeddable":true,"href":"https:\/\/ceoparts.com\/tr\/wp-json\/wp\/v2\/media\/14689"}],"wp:attachment":[{"href":"https:\/\/ceoparts.com\/tr\/wp-json\/wp\/v2\/media?parent=14688"}],"wp:term":[{"taxonomy":"product_brand","embeddable":true,"href":"https:\/\/ceoparts.com\/tr\/wp-json\/wp\/v2\/product_brand?post=14688"},{"taxonomy":"product_cat","embeddable":true,"href":"https:\/\/ceoparts.com\/tr\/wp-json\/wp\/v2\/product_cat?post=14688"},{"taxonomy":"product_tag","embeddable":true,"href":"https:\/\/ceoparts.com\/tr\/wp-json\/wp\/v2\/product_tag?post=14688"}],"curies":[{"name":"wp","href":"https:\/\/api.w.org\/{rel}","templated":true}]}}