{"id":14693,"date":"2025-02-17T13:13:46","date_gmt":"2025-02-17T10:13:46","guid":{"rendered":"https:\/\/ceoparts.com\/?post_type=product&#038;p=14693"},"modified":"2026-05-16T15:18:46","modified_gmt":"2026-05-16T12:18:46","slug":"linde-l10-379-hidrolik-yag-tanki","status":"publish","type":"product","link":"https:\/\/ceoparts.com\/tr\/urun\/linde-l10-379-hidrolik-yag-tanki\/","title":{"rendered":"Linde L10 &#8211; 379 Hidrolik Ya\u011f Tank\u0131"},"content":{"rendered":"<p>Linde L10 &#8211; 379 Hidrolik Ya\u011f Tank\u0131<\/p>","protected":false},"excerpt":{"rendered":"<p data-start=\"0\" data-end=\"299\"><br data-start=\"5\" data-end=\"8\" \/>Forklift uygulamalar\u0131nda kullan\u0131lan <strong data-start=\"44\" data-end=\"80\">Linde L10 379 Hidrolik Ya\u011f Tank\u0131<\/strong>, forkliftin hidrolik sisteminde ya\u011f depolamak ve ya\u011f ak\u0131\u015f\u0131n\u0131 d\u00fczenlemek i\u00e7in tasarlanm\u0131\u015f dayan\u0131kl\u0131 ve y\u00fcksek kaliteli bir par\u00e7ad\u0131r. Y\u00fcksek mukavemetli malzemesi sayesinde uzun \u00f6m\u00fcrl\u00fc kullan\u0131m ve g\u00fcvenli \u00e7al\u0131\u015fma sa\u011flar.<\/p>\n<p data-start=\"301\" data-end=\"565\"><strong data-start=\"301\" data-end=\"316\">\u00d6zellikler:<\/strong><br data-start=\"316\" data-end=\"319\" \/><strong data-start=\"319\" data-end=\"332\">\u00dcr\u00fcn Ad\u0131:<\/strong> Linde L10 379 Hidrolik Ya\u011f Tank\u0131<br data-start=\"365\" data-end=\"368\" \/><strong data-start=\"368\" data-end=\"383\">Par\u00e7a Kodu:<\/strong> 379<br data-start=\"387\" data-end=\"390\" \/><strong data-start=\"390\" data-end=\"402\">Malzeme:<\/strong> Y\u00fcksek dayan\u0131ml\u0131 metal\/plastik<br data-start=\"433\" data-end=\"436\" \/><strong data-start=\"436\" data-end=\"455\">Kullan\u0131m Alan\u0131:<\/strong> Linde L10 forklift hidrolik sistemleri<br data-start=\"494\" data-end=\"497\" \/><strong data-start=\"497\" data-end=\"509\">Avantaj:<\/strong> Y\u00fcksek kapasite, dayan\u0131kl\u0131 yap\u0131, g\u00fcvenli ya\u011f depolama<\/p>\n<p data-start=\"567\" data-end=\"809\">\n","protected":false},"featured_media":14695,"template":"","meta":[],"product_brand":[],"product_cat":[246,461,523],"product_tag":[],"class_list":{"0":"post-14693","1":"product","2":"type-product","3":"status-publish","4":"has-post-thumbnail","6":"product_cat-linde","7":"product_cat-hidrolik-sistemi","8":"product_cat-yedek-parca-linde","10":"first","11":"instock","12":"taxable","13":"shipping-taxable","14":"purchasable","15":"product-type-simple"},"_links":{"self":[{"href":"https:\/\/ceoparts.com\/tr\/wp-json\/wp\/v2\/product\/14693","targetHints":{"allow":["GET"]}}],"collection":[{"href":"https:\/\/ceoparts.com\/tr\/wp-json\/wp\/v2\/product"}],"about":[{"href":"https:\/\/ceoparts.com\/tr\/wp-json\/wp\/v2\/types\/product"}],"wp:featuredmedia":[{"embeddable":true,"href":"https:\/\/ceoparts.com\/tr\/wp-json\/wp\/v2\/media\/14695"}],"wp:attachment":[{"href":"https:\/\/ceoparts.com\/tr\/wp-json\/wp\/v2\/media?parent=14693"}],"wp:term":[{"taxonomy":"product_brand","embeddable":true,"href":"https:\/\/ceoparts.com\/tr\/wp-json\/wp\/v2\/product_brand?post=14693"},{"taxonomy":"product_cat","embeddable":true,"href":"https:\/\/ceoparts.com\/tr\/wp-json\/wp\/v2\/product_cat?post=14693"},{"taxonomy":"product_tag","embeddable":true,"href":"https:\/\/ceoparts.com\/tr\/wp-json\/wp\/v2\/product_tag?post=14693"}],"curies":[{"name":"wp","href":"https:\/\/api.w.org\/{rel}","templated":true}]}}