{"id":14697,"date":"2025-02-17T14:44:54","date_gmt":"2025-02-17T11:44:54","guid":{"rendered":"https:\/\/ceoparts.com\/?post_type=product&#038;p=14697"},"modified":"2026-05-16T17:05:34","modified_gmt":"2026-05-16T14:05:34","slug":"still-rx2020-hidrolik-pompa-0534066","status":"publish","type":"product","link":"https:\/\/ceoparts.com\/tr\/urun\/still-rx2020-hidrolik-pompa-0534066\/","title":{"rendered":"Still Rx2020 Hidrolik Pompa &#8211; 0534066"},"content":{"rendered":"<p>Still Rx2020 Hidrolik Pompa &#8211; 0534066<\/p>","protected":false},"excerpt":{"rendered":"<p data-start=\"0\" data-end=\"301\"><br data-start=\"5\" data-end=\"8\" \/>Forklift uygulamalar\u0131nda kullan\u0131lan <strong data-start=\"44\" data-end=\"75\">Still Rx2020 Hidrolik Pompa<\/strong>, forkliftin hidrolik sistemlerinde y\u00fcksek performans ve dayan\u0131kl\u0131l\u0131k sa\u011flayan \u00f6nemli bir bile\u015fendir. Kaliteli malzemelerden \u00fcretilmi\u015f olup, forkliftin hidrolik fonksiyonlar\u0131n\u0131n sorunsuz ve verimli \u00e7al\u0131\u015fmas\u0131na katk\u0131da bulunur.<\/p>\n<p data-start=\"303\" data-end=\"576\"><strong data-start=\"303\" data-end=\"318\">\u00d6zellikler:<\/strong><br data-start=\"318\" data-end=\"321\" \/><strong data-start=\"321\" data-end=\"334\">\u00dcr\u00fcn Ad\u0131:<\/strong> Still Rx2020 Hidrolik Pompa<br data-start=\"362\" data-end=\"365\" \/><strong data-start=\"365\" data-end=\"380\">Par\u00e7a Kodu:<\/strong> 0534066<br data-start=\"388\" data-end=\"391\" \/><strong data-start=\"391\" data-end=\"403\">Malzeme:<\/strong> Y\u00fcksek dayan\u0131ml\u0131 metal ala\u015f\u0131m\u0131<br data-start=\"434\" data-end=\"437\" \/><strong data-start=\"437\" data-end=\"456\">Kullan\u0131m Alan\u0131:<\/strong> Still Rx2020 forklift hidrolik sistemleri<br data-start=\"498\" data-end=\"501\" \/><strong data-start=\"501\" data-end=\"513\">Avantaj:<\/strong> Y\u00fcksek performans, dayan\u0131kl\u0131 yap\u0131, sorunsuz hidrolik kontrol<\/p>\n<p data-start=\"578\" data-end=\"828\">\n","protected":false},"featured_media":14698,"template":"","meta":[],"product_brand":[],"product_cat":[241,461,524],"product_tag":[],"class_list":{"0":"post-14697","1":"product","2":"type-product","3":"status-publish","4":"has-post-thumbnail","6":"product_cat-still","7":"product_cat-hidrolik-sistemi","8":"product_cat-yedek-parca-still","10":"first","11":"instock","12":"taxable","13":"shipping-taxable","14":"purchasable","15":"product-type-simple"},"_links":{"self":[{"href":"https:\/\/ceoparts.com\/tr\/wp-json\/wp\/v2\/product\/14697","targetHints":{"allow":["GET"]}}],"collection":[{"href":"https:\/\/ceoparts.com\/tr\/wp-json\/wp\/v2\/product"}],"about":[{"href":"https:\/\/ceoparts.com\/tr\/wp-json\/wp\/v2\/types\/product"}],"wp:featuredmedia":[{"embeddable":true,"href":"https:\/\/ceoparts.com\/tr\/wp-json\/wp\/v2\/media\/14698"}],"wp:attachment":[{"href":"https:\/\/ceoparts.com\/tr\/wp-json\/wp\/v2\/media?parent=14697"}],"wp:term":[{"taxonomy":"product_brand","embeddable":true,"href":"https:\/\/ceoparts.com\/tr\/wp-json\/wp\/v2\/product_brand?post=14697"},{"taxonomy":"product_cat","embeddable":true,"href":"https:\/\/ceoparts.com\/tr\/wp-json\/wp\/v2\/product_cat?post=14697"},{"taxonomy":"product_tag","embeddable":true,"href":"https:\/\/ceoparts.com\/tr\/wp-json\/wp\/v2\/product_tag?post=14697"}],"curies":[{"name":"wp","href":"https:\/\/api.w.org\/{rel}","templated":true}]}}