{"id":14702,"date":"2025-02-17T14:56:30","date_gmt":"2025-02-17T11:56:30","guid":{"rendered":"https:\/\/ceoparts.com\/?post_type=product&#038;p=14702"},"modified":"2026-05-16T18:09:37","modified_gmt":"2026-05-16T15:09:37","slug":"yale-t16-valf-582015491","status":"publish","type":"product","link":"https:\/\/ceoparts.com\/tr\/urun\/yale-t16-valf-582015491\/","title":{"rendered":"Yale T16 Valf &#8211; 582015491"},"content":{"rendered":"<p>Yale T16 Valf &#8211; 582015491<\/p>\n","protected":false},"excerpt":{"rendered":"<p data-start=\"0\" data-end=\"260\"><br data-start=\"5\" data-end=\"8\" \/>Forklift uygulamalar\u0131nda kullan\u0131lan <strong data-start=\"44\" data-end=\"61\">Yale T16 Valf<\/strong>, forkliftin hidrolik sistemlerinde ak\u0131\u015f kontrol\u00fcn\u00fc sa\u011flayan dayan\u0131kl\u0131 ve kaliteli bir par\u00e7ad\u0131r. Y\u00fcksek performansl\u0131 yap\u0131s\u0131 sayesinde hidrolik sistemin g\u00fcvenli ve verimli \u00e7al\u0131\u015fmas\u0131na katk\u0131da bulunur.<\/p>\n<p data-start=\"262\" data-end=\"502\"><strong data-start=\"262\" data-end=\"277\">\u00d6zellikler:<\/strong><br data-start=\"277\" data-end=\"280\" \/><strong data-start=\"280\" data-end=\"293\">\u00dcr\u00fcn Ad\u0131:<\/strong> Yale T16 Valf<br data-start=\"307\" data-end=\"310\" \/><strong data-start=\"310\" data-end=\"325\">Par\u00e7a Kodu:<\/strong> 582015491<br data-start=\"335\" data-end=\"338\" \/><strong data-start=\"338\" data-end=\"350\">Malzeme:<\/strong> Y\u00fcksek dayan\u0131ml\u0131 metal<br data-start=\"373\" data-end=\"376\" \/><strong data-start=\"376\" data-end=\"395\">Kullan\u0131m Alan\u0131:<\/strong> Yale T16 forklift hidrolik sistemleri<br data-start=\"433\" data-end=\"436\" \/><strong data-start=\"436\" data-end=\"448\">Avantaj:<\/strong> G\u00fcvenli hidrolik kontrol, dayan\u0131kl\u0131 yap\u0131, uzun \u00f6m\u00fcr<\/p>\n<p data-start=\"504\" data-end=\"733\">\n","protected":false},"featured_media":14703,"template":"","meta":[],"product_brand":[],"product_cat":[461],"product_tag":[],"class_list":{"0":"post-14702","1":"product","2":"type-product","3":"status-publish","4":"has-post-thumbnail","6":"product_cat-hidrolik-sistemi","8":"first","9":"instock","10":"taxable","11":"shipping-taxable","12":"purchasable","13":"product-type-simple"},"_links":{"self":[{"href":"https:\/\/ceoparts.com\/tr\/wp-json\/wp\/v2\/product\/14702","targetHints":{"allow":["GET"]}}],"collection":[{"href":"https:\/\/ceoparts.com\/tr\/wp-json\/wp\/v2\/product"}],"about":[{"href":"https:\/\/ceoparts.com\/tr\/wp-json\/wp\/v2\/types\/product"}],"wp:featuredmedia":[{"embeddable":true,"href":"https:\/\/ceoparts.com\/tr\/wp-json\/wp\/v2\/media\/14703"}],"wp:attachment":[{"href":"https:\/\/ceoparts.com\/tr\/wp-json\/wp\/v2\/media?parent=14702"}],"wp:term":[{"taxonomy":"product_brand","embeddable":true,"href":"https:\/\/ceoparts.com\/tr\/wp-json\/wp\/v2\/product_brand?post=14702"},{"taxonomy":"product_cat","embeddable":true,"href":"https:\/\/ceoparts.com\/tr\/wp-json\/wp\/v2\/product_cat?post=14702"},{"taxonomy":"product_tag","embeddable":true,"href":"https:\/\/ceoparts.com\/tr\/wp-json\/wp\/v2\/product_tag?post=14702"}],"curies":[{"name":"wp","href":"https:\/\/api.w.org\/{rel}","templated":true}]}}