{"id":14713,"date":"2025-02-17T15:14:11","date_gmt":"2025-02-17T12:14:11","guid":{"rendered":"https:\/\/ceoparts.com\/?post_type=product&#038;p=14713"},"modified":"2026-05-16T22:10:55","modified_gmt":"2026-05-16T19:10:55","slug":"linde-t16-1152-dis-kapak-11524320601","status":"publish","type":"product","link":"https:\/\/ceoparts.com\/tr\/urun\/linde-t16-1152-dis-kapak-11524320601\/","title":{"rendered":"Linde T16 1152 D\u0131\u015f Kapak &#8211; 11524320601"},"content":{"rendered":"<p>Linde T16 1152 D\u0131\u015f Kapak &#8211; 11524320601<\/p>\n<p>Linde 11524320601<\/p>\n<table border=\"0\" width=\"191\" cellspacing=\"0\" cellpadding=\"0\">\n<colgroup>\n<col width=\"64\" \/>\n<col width=\"127\" \/><\/colgroup>\n<tbody>\n<tr>\n<td class=\"xl63\" width=\"64\" height=\"20\"><span style=\"font-family: Calibri;\">1151<\/span><\/td>\n<td class=\"xl63\" width=\"127\"><span style=\"font-family: Calibri;\">T16\/T16P\/T20\/T20P<\/span><\/td>\n<\/tr>\n<tr>\n<td class=\"xl63\" height=\"20\"><span style=\"font-family: Calibri;\">1152<\/span><\/td>\n<td class=\"xl63\"><span style=\"font-family: Calibri;\">T16\/T18\/T20\/T16L<\/span><\/td>\n<\/tr>\n<tr>\n<td class=\"xl63\" height=\"20\"><span style=\"font-family: Calibri;\">1152<\/span><\/td>\n<td class=\"xl63\"><span style=\"font-family: Calibri;\">T16\/T18\/T20\/T16L<\/span><\/td>\n<\/tr>\n<tr>\n<td class=\"xl63\" height=\"20\"><span style=\"font-family: Calibri;\">1152<\/span><\/td>\n<td class=\"xl63\"><span style=\"font-family: Calibri;\">T16\/T18\/T20\/T16L<\/span><\/td>\n<\/tr>\n<tr>\n<td class=\"xl63\" height=\"20\"><span style=\"font-family: Calibri;\">1160<\/span><\/td>\n<td class=\"xl63\"><span style=\"font-family: Calibri;\">D06\/D08<\/span><\/td>\n<\/tr>\n<\/tbody>\n<\/table>","protected":false},"excerpt":{"rendered":"<p data-start=\"0\" data-end=\"292\"><br data-start=\"5\" data-end=\"8\" \/>Forklift uygulamalar\u0131nda kullan\u0131lan <strong data-start=\"44\" data-end=\"72\">Linde T16 1152 D\u0131\u015f Kapak<\/strong>, forkliftin d\u0131\u015f mekanizma ve g\u00f6vde bile\u015fenlerini toz, darbe ve d\u0131\u015f etkenlere kar\u015f\u0131 koruyan dayan\u0131kl\u0131 ve kaliteli bir par\u00e7ad\u0131r. Y\u00fcksek mukavemetli yap\u0131s\u0131 sayesinde forkliftin g\u00fcvenli ve uzun \u00f6m\u00fcrl\u00fc \u00e7al\u0131\u015fmas\u0131n\u0131 destekler.<\/p>\n<p data-start=\"294\" data-end=\"562\"><strong data-start=\"294\" data-end=\"309\">\u00d6zellikler:<\/strong><br data-start=\"309\" data-end=\"312\" \/><strong data-start=\"312\" data-end=\"325\">\u00dcr\u00fcn Ad\u0131:<\/strong> Linde T16 1152 D\u0131\u015f Kapak<br data-start=\"350\" data-end=\"353\" \/><strong data-start=\"353\" data-end=\"368\">Par\u00e7a Kodu:<\/strong> 11524320601<br data-start=\"380\" data-end=\"383\" \/><strong data-start=\"383\" data-end=\"395\">Malzeme:<\/strong> Y\u00fcksek dayan\u0131ml\u0131 plastik<br data-start=\"420\" data-end=\"423\" \/><strong data-start=\"423\" data-end=\"442\">Kullan\u0131m Alan\u0131:<\/strong> Linde T16 forklift d\u0131\u015f g\u00f6vde ve kapak sistemleri<br data-start=\"491\" data-end=\"494\" \/><strong data-start=\"494\" data-end=\"506\">Avantaj:<\/strong> D\u0131\u015f etkenlere kar\u015f\u0131 koruma, dayan\u0131kl\u0131 yap\u0131, uzun \u00f6m\u00fcr<\/p>\n<p data-start=\"564\" data-end=\"843\">\n","protected":false},"featured_media":14716,"template":"","meta":[],"product_brand":[],"product_cat":[246,472,523],"product_tag":[],"class_list":{"0":"post-14713","1":"product","2":"type-product","3":"status-publish","4":"has-post-thumbnail","6":"product_cat-linde","7":"product_cat-kaporta-aksami","8":"product_cat-yedek-parca-linde","10":"first","11":"instock","12":"taxable","13":"shipping-taxable","14":"purchasable","15":"product-type-simple"},"_links":{"self":[{"href":"https:\/\/ceoparts.com\/tr\/wp-json\/wp\/v2\/product\/14713","targetHints":{"allow":["GET"]}}],"collection":[{"href":"https:\/\/ceoparts.com\/tr\/wp-json\/wp\/v2\/product"}],"about":[{"href":"https:\/\/ceoparts.com\/tr\/wp-json\/wp\/v2\/types\/product"}],"wp:featuredmedia":[{"embeddable":true,"href":"https:\/\/ceoparts.com\/tr\/wp-json\/wp\/v2\/media\/14716"}],"wp:attachment":[{"href":"https:\/\/ceoparts.com\/tr\/wp-json\/wp\/v2\/media?parent=14713"}],"wp:term":[{"taxonomy":"product_brand","embeddable":true,"href":"https:\/\/ceoparts.com\/tr\/wp-json\/wp\/v2\/product_brand?post=14713"},{"taxonomy":"product_cat","embeddable":true,"href":"https:\/\/ceoparts.com\/tr\/wp-json\/wp\/v2\/product_cat?post=14713"},{"taxonomy":"product_tag","embeddable":true,"href":"https:\/\/ceoparts.com\/tr\/wp-json\/wp\/v2\/product_tag?post=14713"}],"curies":[{"name":"wp","href":"https:\/\/api.w.org\/{rel}","templated":true}]}}