{"id":14720,"date":"2025-02-17T15:31:06","date_gmt":"2025-02-17T12:31:06","guid":{"rendered":"https:\/\/ceoparts.com\/?post_type=product&#038;p=14720"},"modified":"2026-05-16T17:33:42","modified_gmt":"2026-05-16T14:33:42","slug":"toyota-bt-lwe-aku-ust-kapak-256123001","status":"publish","type":"product","link":"https:\/\/ceoparts.com\/tr\/urun\/toyota-bt-lwe-aku-ust-kapak-256123001\/","title":{"rendered":"Toyota BT \/ LWE Ak\u00fc \u00dcst Kapak &#8211; 256123001"},"content":{"rendered":"<p>Toyota BT \/ LWE Ak\u00fc \u00dcst Kapak &#8211; 256123001<\/p>","protected":false},"excerpt":{"rendered":"<p data-start=\"0\" data-end=\"244\"><br data-start=\"5\" data-end=\"8\" \/>Forklift uygulamalar\u0131nda kullan\u0131lan <strong data-start=\"44\" data-end=\"77\">Toyota BT \/ LWE Ak\u00fc \u00dcst Kapak<\/strong>, ak\u00fcn\u00fcn d\u0131\u015f etkenlerden korunmas\u0131n\u0131 sa\u011flayan sa\u011flam ve dayan\u0131kl\u0131 bir par\u00e7ad\u0131r. Y\u00fcksek kaliteli malzemesi ile ak\u00fcn\u00fcn g\u00fcvenli\u011fini art\u0131r\u0131r ve uzun \u00f6m\u00fcrl\u00fc kullan\u0131m sunar.<\/p>\n<p data-start=\"246\" data-end=\"510\"><strong data-start=\"246\" data-end=\"261\">\u00d6zellikler:<\/strong><br data-start=\"261\" data-end=\"264\" \/><strong data-start=\"264\" data-end=\"277\">\u00dcr\u00fcn Ad\u0131:<\/strong> Toyota BT \/ LWE Ak\u00fc \u00dcst Kapak<br data-start=\"307\" data-end=\"310\" \/><strong data-start=\"310\" data-end=\"325\">Par\u00e7a Kodu:<\/strong> 256123001<br data-start=\"335\" data-end=\"338\" \/><strong data-start=\"338\" data-end=\"350\">Malzeme:<\/strong> Y\u00fcksek dayan\u0131ml\u0131 plastik<br data-start=\"375\" data-end=\"378\" \/><strong data-start=\"378\" data-end=\"397\">Kullan\u0131m Alan\u0131:<\/strong> Toyota BT \/ LWE forklift ak\u00fc koruma sistemleri<br data-start=\"444\" data-end=\"447\" \/><strong data-start=\"447\" data-end=\"459\">Avantaj:<\/strong> Ak\u00fc koruma, dayan\u0131kl\u0131 yap\u0131, uzun \u00f6m\u00fcrl\u00fc kullan\u0131m<\/p>\n<p data-start=\"512\" data-end=\"747\">\n","protected":false},"featured_media":14722,"template":"","meta":[],"product_brand":[],"product_cat":[251,472,518,521,530],"product_tag":[],"class_list":{"0":"post-14720","1":"product","2":"type-product","3":"status-publish","4":"has-post-thumbnail","6":"product_cat-bt","7":"product_cat-kaporta-aksami","8":"product_cat-yedek-parca-bt","9":"product_cat-toyota","10":"product_cat-yedek-parca-toyota","12":"first","13":"instock","14":"taxable","15":"shipping-taxable","16":"purchasable","17":"product-type-simple"},"_links":{"self":[{"href":"https:\/\/ceoparts.com\/tr\/wp-json\/wp\/v2\/product\/14720","targetHints":{"allow":["GET"]}}],"collection":[{"href":"https:\/\/ceoparts.com\/tr\/wp-json\/wp\/v2\/product"}],"about":[{"href":"https:\/\/ceoparts.com\/tr\/wp-json\/wp\/v2\/types\/product"}],"wp:featuredmedia":[{"embeddable":true,"href":"https:\/\/ceoparts.com\/tr\/wp-json\/wp\/v2\/media\/14722"}],"wp:attachment":[{"href":"https:\/\/ceoparts.com\/tr\/wp-json\/wp\/v2\/media?parent=14720"}],"wp:term":[{"taxonomy":"product_brand","embeddable":true,"href":"https:\/\/ceoparts.com\/tr\/wp-json\/wp\/v2\/product_brand?post=14720"},{"taxonomy":"product_cat","embeddable":true,"href":"https:\/\/ceoparts.com\/tr\/wp-json\/wp\/v2\/product_cat?post=14720"},{"taxonomy":"product_tag","embeddable":true,"href":"https:\/\/ceoparts.com\/tr\/wp-json\/wp\/v2\/product_tag?post=14720"}],"curies":[{"name":"wp","href":"https:\/\/api.w.org\/{rel}","templated":true}]}}