{"id":14726,"date":"2025-02-17T15:39:23","date_gmt":"2025-02-17T12:39:23","guid":{"rendered":"https:\/\/ceoparts.com\/?post_type=product&#038;p=14726"},"modified":"2026-05-16T19:47:05","modified_gmt":"2026-05-16T16:47:05","slug":"still-kapak-0702730","status":"publish","type":"product","link":"https:\/\/ceoparts.com\/tr\/urun\/still-kapak-0702730\/","title":{"rendered":"Still Kapak &#8211; 0702730"},"content":{"rendered":"<p>Still Kapak &#8211; 0702730<\/p>","protected":false},"excerpt":{"rendered":"<p>RX20 6210-6217<br \/>\nRX60-19-20 6311-13-15<\/p>\n<p data-start=\"0\" data-end=\"313\"><br data-start=\"5\" data-end=\"8\" \/>Forklift uygulamalar\u0131nda kullan\u0131lan <strong data-start=\"44\" data-end=\"59\">Still Kapak<\/strong>, forkliftin i\u00e7 mekanizma ve kontrol elemanlar\u0131n\u0131 d\u0131\u015f etkenlerden, tozdan ve darbelerden korumak i\u00e7in \u00f6zel olarak \u00fcretilmi\u015f sa\u011flam ve kaliteli bir par\u00e7ad\u0131r. Y\u00fcksek dayan\u0131ml\u0131 yap\u0131s\u0131 sayesinde sistemlerin g\u00fcvenli ve uzun \u00f6m\u00fcrl\u00fc \u00e7al\u0131\u015fmas\u0131na katk\u0131da bulunur.<\/p>\n<p data-start=\"315\" data-end=\"568\"><strong data-start=\"315\" data-end=\"330\">\u00d6zellikler:<\/strong><br data-start=\"330\" data-end=\"333\" \/><strong data-start=\"333\" data-end=\"346\">\u00dcr\u00fcn Ad\u0131:<\/strong> Still Kapak<br data-start=\"358\" data-end=\"361\" \/><strong data-start=\"361\" data-end=\"376\">Par\u00e7a Kodu:<\/strong> 0702730<br data-start=\"384\" data-end=\"387\" \/><strong data-start=\"387\" data-end=\"399\">Malzeme:<\/strong> Y\u00fcksek dayan\u0131ml\u0131 plastik<br data-start=\"424\" data-end=\"427\" \/><strong data-start=\"427\" data-end=\"446\">Kullan\u0131m Alan\u0131:<\/strong> Still forklift g\u00f6vde ve mekanizma kapak sistemleri<br data-start=\"497\" data-end=\"500\" \/><strong data-start=\"500\" data-end=\"512\">Avantaj:<\/strong> D\u0131\u015f etkenlere kar\u015f\u0131 koruma, dayan\u0131kl\u0131 yap\u0131, uzun \u00f6m\u00fcr<\/p>\n<p data-start=\"570\" data-end=\"841\">\n","protected":false},"featured_media":14728,"template":"","meta":[],"product_brand":[],"product_cat":[241,472,524],"product_tag":[],"class_list":{"0":"post-14726","1":"product","2":"type-product","3":"status-publish","4":"has-post-thumbnail","6":"product_cat-still","7":"product_cat-kaporta-aksami","8":"product_cat-yedek-parca-still","10":"first","11":"instock","12":"taxable","13":"shipping-taxable","14":"purchasable","15":"product-type-simple"},"_links":{"self":[{"href":"https:\/\/ceoparts.com\/tr\/wp-json\/wp\/v2\/product\/14726","targetHints":{"allow":["GET"]}}],"collection":[{"href":"https:\/\/ceoparts.com\/tr\/wp-json\/wp\/v2\/product"}],"about":[{"href":"https:\/\/ceoparts.com\/tr\/wp-json\/wp\/v2\/types\/product"}],"wp:featuredmedia":[{"embeddable":true,"href":"https:\/\/ceoparts.com\/tr\/wp-json\/wp\/v2\/media\/14728"}],"wp:attachment":[{"href":"https:\/\/ceoparts.com\/tr\/wp-json\/wp\/v2\/media?parent=14726"}],"wp:term":[{"taxonomy":"product_brand","embeddable":true,"href":"https:\/\/ceoparts.com\/tr\/wp-json\/wp\/v2\/product_brand?post=14726"},{"taxonomy":"product_cat","embeddable":true,"href":"https:\/\/ceoparts.com\/tr\/wp-json\/wp\/v2\/product_cat?post=14726"},{"taxonomy":"product_tag","embeddable":true,"href":"https:\/\/ceoparts.com\/tr\/wp-json\/wp\/v2\/product_tag?post=14726"}],"curies":[{"name":"wp","href":"https:\/\/api.w.org\/{rel}","templated":true}]}}