{"id":14731,"date":"2025-02-17T15:43:25","date_gmt":"2025-02-17T12:43:25","guid":{"rendered":"https:\/\/ceoparts.com\/?post_type=product&#038;p=14731"},"modified":"2026-05-16T21:02:01","modified_gmt":"2026-05-16T18:02:01","slug":"still-forklift-dis-kapak-56334313800","status":"publish","type":"product","link":"https:\/\/ceoparts.com\/tr\/urun\/still-forklift-dis-kapak-56334313800\/","title":{"rendered":"Still Forklift D\u0131\u015f Kapak &#8211; 56334313800"},"content":{"rendered":"<p>Still Forklift D\u0131\u015f Kapak &#8211; 56334313800<\/p>","protected":false},"excerpt":{"rendered":"<p data-start=\"0\" data-end=\"319\"><br data-start=\"5\" data-end=\"8\" \/>Forklift uygulamalar\u0131nda kullan\u0131lan <strong data-start=\"44\" data-end=\"72\">Still Forklift D\u0131\u015f Kapak<\/strong>, forkliftin d\u0131\u015f mekanizma ve kontrol sistemlerini toz, darbe ve d\u0131\u015f etkenlerden korumak amac\u0131yla \u00fcretilmi\u015f sa\u011flam ve kaliteli bir par\u00e7ad\u0131r. Y\u00fcksek dayan\u0131kl\u0131l\u0131\u011fa sahip yap\u0131s\u0131 sayesinde forkliftin uzun \u00f6m\u00fcrl\u00fc ve g\u00fcvenli \u00e7al\u0131\u015fmas\u0131na katk\u0131da bulunur.<\/p>\n<p data-start=\"321\" data-end=\"584\"><strong data-start=\"321\" data-end=\"336\">\u00d6zellikler:<\/strong><br data-start=\"336\" data-end=\"339\" \/><strong data-start=\"339\" data-end=\"352\">\u00dcr\u00fcn Ad\u0131:<\/strong> Still Forklift D\u0131\u015f Kapak<br data-start=\"377\" data-end=\"380\" \/><strong data-start=\"380\" data-end=\"395\">Par\u00e7a Kodu:<\/strong> 56334313800<br data-start=\"407\" data-end=\"410\" \/><strong data-start=\"410\" data-end=\"422\">Malzeme:<\/strong> Y\u00fcksek dayan\u0131ml\u0131 plastik<br data-start=\"447\" data-end=\"450\" \/><strong data-start=\"450\" data-end=\"469\">Kullan\u0131m Alan\u0131:<\/strong> Still forklift d\u0131\u015f g\u00f6vde ve kapak sistemleri<br data-start=\"514\" data-end=\"517\" \/><strong data-start=\"517\" data-end=\"529\">Avantaj:<\/strong> D\u0131\u015f mekanizma koruma, darbe ve toz \u00f6nleme, uzun \u00f6m\u00fcr<\/p>\n<p data-start=\"586\" data-end=\"862\">\n","protected":false},"featured_media":14733,"template":"","meta":[],"product_brand":[],"product_cat":[241,472,524],"product_tag":[],"class_list":{"0":"post-14731","1":"product","2":"type-product","3":"status-publish","4":"has-post-thumbnail","6":"product_cat-still","7":"product_cat-kaporta-aksami","8":"product_cat-yedek-parca-still","10":"first","11":"instock","12":"taxable","13":"shipping-taxable","14":"purchasable","15":"product-type-simple"},"_links":{"self":[{"href":"https:\/\/ceoparts.com\/tr\/wp-json\/wp\/v2\/product\/14731","targetHints":{"allow":["GET"]}}],"collection":[{"href":"https:\/\/ceoparts.com\/tr\/wp-json\/wp\/v2\/product"}],"about":[{"href":"https:\/\/ceoparts.com\/tr\/wp-json\/wp\/v2\/types\/product"}],"wp:featuredmedia":[{"embeddable":true,"href":"https:\/\/ceoparts.com\/tr\/wp-json\/wp\/v2\/media\/14733"}],"wp:attachment":[{"href":"https:\/\/ceoparts.com\/tr\/wp-json\/wp\/v2\/media?parent=14731"}],"wp:term":[{"taxonomy":"product_brand","embeddable":true,"href":"https:\/\/ceoparts.com\/tr\/wp-json\/wp\/v2\/product_brand?post=14731"},{"taxonomy":"product_cat","embeddable":true,"href":"https:\/\/ceoparts.com\/tr\/wp-json\/wp\/v2\/product_cat?post=14731"},{"taxonomy":"product_tag","embeddable":true,"href":"https:\/\/ceoparts.com\/tr\/wp-json\/wp\/v2\/product_tag?post=14731"}],"curies":[{"name":"wp","href":"https:\/\/api.w.org\/{rel}","templated":true}]}}