{"id":14737,"date":"2025-02-17T15:51:29","date_gmt":"2025-02-17T12:51:29","guid":{"rendered":"https:\/\/ceoparts.com\/?post_type=product&#038;p=14737"},"modified":"2026-05-16T19:37:27","modified_gmt":"2026-05-16T16:37:27","slug":"still-panel-kapagi-0706966","status":"publish","type":"product","link":"https:\/\/ceoparts.com\/tr\/urun\/still-panel-kapagi-0706966\/","title":{"rendered":"Still Panel Kapa\u011f\u0131 &#8211; 0706966"},"content":{"rendered":"<p>Still Panel Kapa\u011f\u0131 &#8211; 0706966<\/p>","protected":false},"excerpt":{"rendered":"<p data-start=\"0\" data-end=\"315\"><br data-start=\"5\" data-end=\"8\" \/>Forklift uygulamalar\u0131nda kullan\u0131lan <strong data-start=\"44\" data-end=\"74\">Still Panel Kapa\u011f\u0131 0706966<\/strong>, forkliftin kontrol panellerini ve i\u00e7 mekanizmalar\u0131n\u0131 toz, darbe ve d\u0131\u015f etkenlerden korumak i\u00e7in \u00fcretilmi\u015f sa\u011flam ve uzun \u00f6m\u00fcrl\u00fc bir par\u00e7ad\u0131r. Dayan\u0131kl\u0131 yap\u0131s\u0131 sayesinde forklift sistemlerinin d\u00fczenli ve g\u00fcvenli \u00e7al\u0131\u015fmas\u0131na katk\u0131da bulunur.<\/p>\n<p data-start=\"317\" data-end=\"570\"><strong data-start=\"317\" data-end=\"332\">\u00d6zellikler:<\/strong><br data-start=\"332\" data-end=\"335\" \/><strong data-start=\"335\" data-end=\"348\">\u00dcr\u00fcn Ad\u0131:<\/strong> Still Panel Kapa\u011f\u0131<br data-start=\"367\" data-end=\"370\" \/><strong data-start=\"370\" data-end=\"385\">Par\u00e7a Kodu:<\/strong> 0706966<br data-start=\"393\" data-end=\"396\" \/><strong data-start=\"396\" data-end=\"408\">Malzeme:<\/strong> Y\u00fcksek dayan\u0131ml\u0131 plastik<br data-start=\"433\" data-end=\"436\" \/><strong data-start=\"436\" data-end=\"455\">Kullan\u0131m Alan\u0131:<\/strong> Still forklift panel ve kontrol sistemleri<br data-start=\"498\" data-end=\"501\" \/><strong data-start=\"501\" data-end=\"513\">Avantaj:<\/strong> Mekanizma koruma, dayan\u0131kl\u0131 yap\u0131, uzun \u00f6m\u00fcrl\u00fc kullan\u0131m<\/p>\n<p data-start=\"572\" data-end=\"856\">\n","protected":false},"featured_media":14739,"template":"","meta":[],"product_brand":[],"product_cat":[241,472,524],"product_tag":[],"class_list":{"0":"post-14737","1":"product","2":"type-product","3":"status-publish","4":"has-post-thumbnail","6":"product_cat-still","7":"product_cat-kaporta-aksami","8":"product_cat-yedek-parca-still","10":"first","11":"instock","12":"taxable","13":"shipping-taxable","14":"purchasable","15":"product-type-simple"},"_links":{"self":[{"href":"https:\/\/ceoparts.com\/tr\/wp-json\/wp\/v2\/product\/14737","targetHints":{"allow":["GET"]}}],"collection":[{"href":"https:\/\/ceoparts.com\/tr\/wp-json\/wp\/v2\/product"}],"about":[{"href":"https:\/\/ceoparts.com\/tr\/wp-json\/wp\/v2\/types\/product"}],"wp:featuredmedia":[{"embeddable":true,"href":"https:\/\/ceoparts.com\/tr\/wp-json\/wp\/v2\/media\/14739"}],"wp:attachment":[{"href":"https:\/\/ceoparts.com\/tr\/wp-json\/wp\/v2\/media?parent=14737"}],"wp:term":[{"taxonomy":"product_brand","embeddable":true,"href":"https:\/\/ceoparts.com\/tr\/wp-json\/wp\/v2\/product_brand?post=14737"},{"taxonomy":"product_cat","embeddable":true,"href":"https:\/\/ceoparts.com\/tr\/wp-json\/wp\/v2\/product_cat?post=14737"},{"taxonomy":"product_tag","embeddable":true,"href":"https:\/\/ceoparts.com\/tr\/wp-json\/wp\/v2\/product_tag?post=14737"}],"curies":[{"name":"wp","href":"https:\/\/api.w.org\/{rel}","templated":true}]}}