{"id":14742,"date":"2025-02-17T16:19:04","date_gmt":"2025-02-17T13:19:04","guid":{"rendered":"https:\/\/ceoparts.com\/?post_type=product&#038;p=14742"},"modified":"2026-05-02T14:22:48","modified_gmt":"2026-05-02T11:22:48","slug":"still-kapak-0711029","status":"publish","type":"product","link":"https:\/\/ceoparts.com\/tr\/urun\/still-kapak-0711029\/","title":{"rendered":"Still Kapak &#8211; 0711029"},"content":{"rendered":"<p>Still Kapak &#8211; 0711029<\/p>","protected":false},"excerpt":{"rendered":"<p data-start=\"0\" data-end=\"275\"><br data-start=\"5\" data-end=\"8\" \/>Forklift uygulamalar\u0131nda kullan\u0131lan <strong data-start=\"44\" data-end=\"67\">Still Kapak 0711029<\/strong>, forkliftin i\u00e7 mekanizmas\u0131n\u0131 d\u0131\u015f etkenlerden, toz ve darbelerden korumak amac\u0131yla \u00fcretilmi\u015f dayan\u0131kl\u0131 ve kaliteli bir par\u00e7ad\u0131r. Forkliftin sistem elemanlar\u0131n\u0131n d\u00fczenli ve g\u00fcvenli \u00e7al\u0131\u015fmas\u0131na katk\u0131da bulunur.<\/p>\n<p data-start=\"277\" data-end=\"528\"><strong data-start=\"277\" data-end=\"292\">\u00d6zellikler:<\/strong><br data-start=\"292\" data-end=\"295\" \/><strong data-start=\"295\" data-end=\"308\">\u00dcr\u00fcn Ad\u0131:<\/strong> Still Kapak<br data-start=\"320\" data-end=\"323\" \/><strong data-start=\"323\" data-end=\"338\">Par\u00e7a Kodu:<\/strong> 0711029<br data-start=\"346\" data-end=\"349\" \/><strong data-start=\"349\" data-end=\"361\">Malzeme:<\/strong> Y\u00fcksek dayan\u0131ml\u0131 plastik<br data-start=\"386\" data-end=\"389\" \/><strong data-start=\"389\" data-end=\"408\">Kullan\u0131m Alan\u0131:<\/strong> Still forklift g\u00f6vde ve mekanizma kapak sistemleri<br data-start=\"459\" data-end=\"462\" \/><strong data-start=\"462\" data-end=\"474\">Avantaj:<\/strong> Dayan\u0131kl\u0131 yap\u0131, sistem koruma, uzun \u00f6m\u00fcrl\u00fc kullan\u0131m<\/p>\n<p data-start=\"530\" data-end=\"786\">\n","protected":false},"featured_media":14745,"template":"","meta":[],"product_brand":[],"product_cat":[241,472,524],"product_tag":[],"class_list":{"0":"post-14742","1":"product","2":"type-product","3":"status-publish","4":"has-post-thumbnail","6":"product_cat-still","7":"product_cat-kaporta-aksami","8":"product_cat-yedek-parca-still","10":"first","11":"instock","12":"taxable","13":"shipping-taxable","14":"purchasable","15":"product-type-simple"},"_links":{"self":[{"href":"https:\/\/ceoparts.com\/tr\/wp-json\/wp\/v2\/product\/14742","targetHints":{"allow":["GET"]}}],"collection":[{"href":"https:\/\/ceoparts.com\/tr\/wp-json\/wp\/v2\/product"}],"about":[{"href":"https:\/\/ceoparts.com\/tr\/wp-json\/wp\/v2\/types\/product"}],"wp:featuredmedia":[{"embeddable":true,"href":"https:\/\/ceoparts.com\/tr\/wp-json\/wp\/v2\/media\/14745"}],"wp:attachment":[{"href":"https:\/\/ceoparts.com\/tr\/wp-json\/wp\/v2\/media?parent=14742"}],"wp:term":[{"taxonomy":"product_brand","embeddable":true,"href":"https:\/\/ceoparts.com\/tr\/wp-json\/wp\/v2\/product_brand?post=14742"},{"taxonomy":"product_cat","embeddable":true,"href":"https:\/\/ceoparts.com\/tr\/wp-json\/wp\/v2\/product_cat?post=14742"},{"taxonomy":"product_tag","embeddable":true,"href":"https:\/\/ceoparts.com\/tr\/wp-json\/wp\/v2\/product_tag?post=14742"}],"curies":[{"name":"wp","href":"https:\/\/api.w.org\/{rel}","templated":true}]}}