{"id":14747,"date":"2025-02-17T16:26:32","date_gmt":"2025-02-17T13:26:32","guid":{"rendered":"https:\/\/ceoparts.com\/?post_type=product&#038;p=14747"},"modified":"2026-05-17T11:49:17","modified_gmt":"2026-05-17T08:49:17","slug":"bt-rre160h-kapak","status":"publish","type":"product","link":"https:\/\/ceoparts.com\/tr\/urun\/bt-rre160h-kapak\/","title":{"rendered":"BT RRE160H Kapak"},"content":{"rendered":"<p>BT RRE160H Kapak<\/p>","protected":false},"excerpt":{"rendered":"<p data-start=\"0\" data-end=\"319\"><br data-start=\"5\" data-end=\"8\" \/>Forklift uygulamalar\u0131nda kullan\u0131lan <strong data-start=\"44\" data-end=\"64\">BT RRE160H Kapak<\/strong>, forkliftin i\u00e7 mekanizma ve elektronik bile\u015fenlerini d\u0131\u015f etkenlerden, tozdan ve darbeden korumak amac\u0131yla \u00fcretilmi\u015f sa\u011flam ve kaliteli bir par\u00e7ad\u0131r. Dayan\u0131kl\u0131 yap\u0131s\u0131 sayesinde uzun \u00f6m\u00fcrl\u00fc kullan\u0131m sa\u011flar ve forkliftin g\u00fcvenli \u00e7al\u0131\u015fmas\u0131na katk\u0131da bulunur.<\/p>\n<p data-start=\"321\" data-end=\"563\"><strong data-start=\"321\" data-end=\"336\">\u00d6zellikler:<\/strong><br data-start=\"336\" data-end=\"339\" \/><strong data-start=\"339\" data-end=\"352\">\u00dcr\u00fcn Ad\u0131:<\/strong> BT RRE160H Kapak<br data-start=\"369\" data-end=\"372\" \/><strong data-start=\"372\" data-end=\"387\">Par\u00e7a Kodu:<\/strong> &#8211;<br data-start=\"389\" data-end=\"392\" \/><strong data-start=\"392\" data-end=\"404\">Malzeme:<\/strong> Y\u00fcksek dayan\u0131ml\u0131 plastik<br data-start=\"429\" data-end=\"432\" \/><strong data-start=\"432\" data-end=\"451\">Kullan\u0131m Alan\u0131:<\/strong> BT RRE160H forklift g\u00f6vde ve sistem koruma<br data-start=\"494\" data-end=\"497\" \/><strong data-start=\"497\" data-end=\"509\">Avantaj:<\/strong> Dayan\u0131kl\u0131 yap\u0131, sistem koruma, uzun \u00f6m\u00fcrl\u00fc kullan\u0131m<\/p>\n<p data-start=\"565\" data-end=\"848\">\n","protected":false},"featured_media":14748,"template":"","meta":[],"product_brand":[],"product_cat":[251,472,518],"product_tag":[],"class_list":{"0":"post-14747","1":"product","2":"type-product","3":"status-publish","4":"has-post-thumbnail","6":"product_cat-bt","7":"product_cat-kaporta-aksami","8":"product_cat-yedek-parca-bt","10":"first","11":"instock","12":"taxable","13":"shipping-taxable","14":"purchasable","15":"product-type-simple"},"_links":{"self":[{"href":"https:\/\/ceoparts.com\/tr\/wp-json\/wp\/v2\/product\/14747","targetHints":{"allow":["GET"]}}],"collection":[{"href":"https:\/\/ceoparts.com\/tr\/wp-json\/wp\/v2\/product"}],"about":[{"href":"https:\/\/ceoparts.com\/tr\/wp-json\/wp\/v2\/types\/product"}],"wp:featuredmedia":[{"embeddable":true,"href":"https:\/\/ceoparts.com\/tr\/wp-json\/wp\/v2\/media\/14748"}],"wp:attachment":[{"href":"https:\/\/ceoparts.com\/tr\/wp-json\/wp\/v2\/media?parent=14747"}],"wp:term":[{"taxonomy":"product_brand","embeddable":true,"href":"https:\/\/ceoparts.com\/tr\/wp-json\/wp\/v2\/product_brand?post=14747"},{"taxonomy":"product_cat","embeddable":true,"href":"https:\/\/ceoparts.com\/tr\/wp-json\/wp\/v2\/product_cat?post=14747"},{"taxonomy":"product_tag","embeddable":true,"href":"https:\/\/ceoparts.com\/tr\/wp-json\/wp\/v2\/product_tag?post=14747"}],"curies":[{"name":"wp","href":"https:\/\/api.w.org\/{rel}","templated":true}]}}