{"id":14752,"date":"2025-02-17T16:44:02","date_gmt":"2025-02-17T13:44:02","guid":{"rendered":"https:\/\/ceoparts.com\/?post_type=product&#038;p=14752"},"modified":"2026-05-16T15:09:34","modified_gmt":"2026-05-16T12:09:34","slug":"bt-rre160-panel","status":"publish","type":"product","link":"https:\/\/ceoparts.com\/tr\/urun\/bt-rre160-panel\/","title":{"rendered":"BT RRE160 Panel"},"content":{"rendered":"<p>BT RRE160 Panel<\/p>","protected":false},"excerpt":{"rendered":"<p data-start=\"0\" data-end=\"323\"><br data-start=\"5\" data-end=\"8\" \/>Forklift uygulamalar\u0131nda kullan\u0131lan <strong data-start=\"44\" data-end=\"63\">BT RRE160 Panel<\/strong>, forkliftin kontrol ve sistem bile\u015fenlerinin d\u00fczenli ve g\u00fcvenli \u015fekilde yerle\u015ftirilmesini sa\u011flamak i\u00e7in tasarlanm\u0131\u015f dayan\u0131kl\u0131 ve i\u015flevsel bir par\u00e7ad\u0131r. Sa\u011flam yap\u0131s\u0131 ile sistem elemanlar\u0131n\u0131 d\u0131\u015f etkenlerden korur ve forkliftin verimli \u00e7al\u0131\u015fmas\u0131na katk\u0131 sa\u011flar.<\/p>\n<p data-start=\"325\" data-end=\"591\"><strong data-start=\"325\" data-end=\"340\">\u00d6zellikler:<\/strong><br data-start=\"340\" data-end=\"343\" \/><strong data-start=\"343\" data-end=\"356\">\u00dcr\u00fcn Ad\u0131:<\/strong> BT RRE160 Panel<br data-start=\"372\" data-end=\"375\" \/><strong data-start=\"375\" data-end=\"390\">Par\u00e7a Kodu:<\/strong> &#8211;<br data-start=\"392\" data-end=\"395\" \/><strong data-start=\"395\" data-end=\"407\">Malzeme:<\/strong> Y\u00fcksek mukavemetli metal ve plastik bile\u015fen<br data-start=\"451\" data-end=\"454\" \/><strong data-start=\"454\" data-end=\"473\">Kullan\u0131m Alan\u0131:<\/strong> BT RRE160 forklift kontrol ve g\u00f6vde sistemleri<br data-start=\"520\" data-end=\"523\" \/><strong data-start=\"523\" data-end=\"535\">Avantaj:<\/strong> Dayan\u0131kl\u0131 yap\u0131, sistem elemanlar\u0131n\u0131 koruma, uzun \u00f6m\u00fcr<\/p>\n<p data-start=\"593\" data-end=\"880\">\n","protected":false},"featured_media":14753,"template":"","meta":[],"product_brand":[],"product_cat":[251,472,518],"product_tag":[],"class_list":{"0":"post-14752","1":"product","2":"type-product","3":"status-publish","4":"has-post-thumbnail","6":"product_cat-bt","7":"product_cat-kaporta-aksami","8":"product_cat-yedek-parca-bt","10":"first","11":"instock","12":"taxable","13":"shipping-taxable","14":"purchasable","15":"product-type-simple"},"_links":{"self":[{"href":"https:\/\/ceoparts.com\/tr\/wp-json\/wp\/v2\/product\/14752","targetHints":{"allow":["GET"]}}],"collection":[{"href":"https:\/\/ceoparts.com\/tr\/wp-json\/wp\/v2\/product"}],"about":[{"href":"https:\/\/ceoparts.com\/tr\/wp-json\/wp\/v2\/types\/product"}],"wp:featuredmedia":[{"embeddable":true,"href":"https:\/\/ceoparts.com\/tr\/wp-json\/wp\/v2\/media\/14753"}],"wp:attachment":[{"href":"https:\/\/ceoparts.com\/tr\/wp-json\/wp\/v2\/media?parent=14752"}],"wp:term":[{"taxonomy":"product_brand","embeddable":true,"href":"https:\/\/ceoparts.com\/tr\/wp-json\/wp\/v2\/product_brand?post=14752"},{"taxonomy":"product_cat","embeddable":true,"href":"https:\/\/ceoparts.com\/tr\/wp-json\/wp\/v2\/product_cat?post=14752"},{"taxonomy":"product_tag","embeddable":true,"href":"https:\/\/ceoparts.com\/tr\/wp-json\/wp\/v2\/product_tag?post=14752"}],"curies":[{"name":"wp","href":"https:\/\/api.w.org\/{rel}","templated":true}]}}