{"id":14767,"date":"2025-02-17T17:42:54","date_gmt":"2025-02-17T14:42:54","guid":{"rendered":"https:\/\/ceoparts.com\/?post_type=product&#038;p=14767"},"modified":"2026-05-16T19:46:09","modified_gmt":"2026-05-16T16:46:09","slug":"still-koruma-kapak-51904382200","status":"publish","type":"product","link":"https:\/\/ceoparts.com\/tr\/urun\/still-koruma-kapak-51904382200\/","title":{"rendered":"Still Koruma Kapak &#8211; 51904382200"},"content":{"rendered":"<p>Still Koruma Kapak &#8211; 51904382200<\/p>","protected":false},"excerpt":{"rendered":"<p data-start=\"0\" data-end=\"291\"><br data-start=\"5\" data-end=\"8\" \/>Forklift uygulamalar\u0131nda kullan\u0131lan <strong data-start=\"44\" data-end=\"78\">Still Koruma Kapak 51904382200<\/strong>, forkliftin i\u00e7 bile\u015fenlerini darbe, toz ve d\u0131\u015f etkenlerden korumak amac\u0131yla \u00fcretilmi\u015f dayan\u0131kl\u0131 ve kaliteli bir par\u00e7ad\u0131r. Forkliftin performans\u0131n\u0131 ve i\u00e7 aksam\u0131n\u0131 uzun \u00f6m\u00fcrl\u00fc kullan\u0131ma uygun \u015fekilde muhafaza eder.<\/p>\n<p data-start=\"293\" data-end=\"542\"><strong data-start=\"293\" data-end=\"308\">\u00d6zellikler:<\/strong><br data-start=\"308\" data-end=\"311\" \/><strong data-start=\"311\" data-end=\"324\">\u00dcr\u00fcn Ad\u0131:<\/strong> Still Koruma Kapak<br data-start=\"343\" data-end=\"346\" \/><strong data-start=\"346\" data-end=\"361\">Par\u00e7a Kodu:<\/strong> 51904382200<br data-start=\"373\" data-end=\"376\" \/><strong data-start=\"376\" data-end=\"388\">Malzeme:<\/strong> Y\u00fcksek dayan\u0131ml\u0131 plastik<br data-start=\"413\" data-end=\"416\" \/><strong data-start=\"416\" data-end=\"435\">Kullan\u0131m Alan\u0131:<\/strong> Still forklift koruma kapak sistemleri<br data-start=\"474\" data-end=\"477\" \/><strong data-start=\"477\" data-end=\"489\">Avantaj:<\/strong> Mekanizma korumas\u0131, darbe ve toz \u00f6nleme, uzun \u00f6m\u00fcr<\/p>\n<p data-start=\"544\" data-end=\"821\">\n","protected":false},"featured_media":14768,"template":"","meta":[],"product_brand":[],"product_cat":[241,472,524],"product_tag":[],"class_list":{"0":"post-14767","1":"product","2":"type-product","3":"status-publish","4":"has-post-thumbnail","6":"product_cat-still","7":"product_cat-kaporta-aksami","8":"product_cat-yedek-parca-still","10":"first","11":"instock","12":"taxable","13":"shipping-taxable","14":"purchasable","15":"product-type-simple"},"_links":{"self":[{"href":"https:\/\/ceoparts.com\/tr\/wp-json\/wp\/v2\/product\/14767","targetHints":{"allow":["GET"]}}],"collection":[{"href":"https:\/\/ceoparts.com\/tr\/wp-json\/wp\/v2\/product"}],"about":[{"href":"https:\/\/ceoparts.com\/tr\/wp-json\/wp\/v2\/types\/product"}],"wp:featuredmedia":[{"embeddable":true,"href":"https:\/\/ceoparts.com\/tr\/wp-json\/wp\/v2\/media\/14768"}],"wp:attachment":[{"href":"https:\/\/ceoparts.com\/tr\/wp-json\/wp\/v2\/media?parent=14767"}],"wp:term":[{"taxonomy":"product_brand","embeddable":true,"href":"https:\/\/ceoparts.com\/tr\/wp-json\/wp\/v2\/product_brand?post=14767"},{"taxonomy":"product_cat","embeddable":true,"href":"https:\/\/ceoparts.com\/tr\/wp-json\/wp\/v2\/product_cat?post=14767"},{"taxonomy":"product_tag","embeddable":true,"href":"https:\/\/ceoparts.com\/tr\/wp-json\/wp\/v2\/product_tag?post=14767"}],"curies":[{"name":"wp","href":"https:\/\/api.w.org\/{rel}","templated":true}]}}