{"id":14772,"date":"2025-02-17T17:46:12","date_gmt":"2025-02-17T14:46:12","guid":{"rendered":"https:\/\/ceoparts.com\/?post_type=product&#038;p=14772"},"modified":"2026-05-16T17:22:51","modified_gmt":"2026-05-16T14:22:51","slug":"still-kapak-0727968","status":"publish","type":"product","link":"https:\/\/ceoparts.com\/tr\/urun\/still-kapak-0727968\/","title":{"rendered":"Still Kapak &#8211; 0727968"},"content":{"rendered":"<p>Still Kapak &#8211; 0727968<\/p>","protected":false},"excerpt":{"rendered":"<p data-start=\"0\" data-end=\"295\"><br data-start=\"5\" data-end=\"8\" \/>Forklift uygulamalar\u0131nda kullan\u0131lan <strong data-start=\"44\" data-end=\"67\">Still Kapak 0727968<\/strong>, forkliftin i\u00e7 mekanizma ve komponentlerini d\u0131\u015f etkenlerden korumak amac\u0131yla \u00fcretilmi\u015f, sa\u011flam ve uzun \u00f6m\u00fcrl\u00fc bir par\u00e7ad\u0131r. Dayan\u0131kl\u0131 yap\u0131s\u0131 sayesinde hem forkliftin \u00f6mr\u00fcn\u00fc uzat\u0131r hem de mekanizman\u0131n d\u00fczenli \u00e7al\u0131\u015fmas\u0131n\u0131 sa\u011flar.<\/p>\n<p data-start=\"297\" data-end=\"521\"><strong data-start=\"297\" data-end=\"312\">\u00d6zellikler:<\/strong><br data-start=\"312\" data-end=\"315\" \/><strong data-start=\"315\" data-end=\"328\">\u00dcr\u00fcn Ad\u0131:<\/strong> Still Kapak<br data-start=\"340\" data-end=\"343\" \/><strong data-start=\"343\" data-end=\"358\">Par\u00e7a Kodu:<\/strong> 0727968<br data-start=\"366\" data-end=\"369\" \/><strong data-start=\"369\" data-end=\"381\">Malzeme:<\/strong> Y\u00fcksek dayan\u0131ml\u0131 plastik<br data-start=\"406\" data-end=\"409\" \/><strong data-start=\"409\" data-end=\"428\">Kullan\u0131m Alan\u0131:<\/strong> Still forklift kapak sistemleri<br data-start=\"460\" data-end=\"463\" \/><strong data-start=\"463\" data-end=\"475\">Avantaj:<\/strong> Dayan\u0131kl\u0131 yap\u0131, mekanizma koruma, uzun \u00f6m\u00fcr<\/p>\n<p data-start=\"523\" data-end=\"793\">\n","protected":false},"featured_media":14773,"template":"","meta":[],"product_brand":[],"product_cat":[241,472,524],"product_tag":[],"class_list":{"0":"post-14772","1":"product","2":"type-product","3":"status-publish","4":"has-post-thumbnail","6":"product_cat-still","7":"product_cat-kaporta-aksami","8":"product_cat-yedek-parca-still","10":"first","11":"instock","12":"taxable","13":"shipping-taxable","14":"purchasable","15":"product-type-simple"},"_links":{"self":[{"href":"https:\/\/ceoparts.com\/tr\/wp-json\/wp\/v2\/product\/14772","targetHints":{"allow":["GET"]}}],"collection":[{"href":"https:\/\/ceoparts.com\/tr\/wp-json\/wp\/v2\/product"}],"about":[{"href":"https:\/\/ceoparts.com\/tr\/wp-json\/wp\/v2\/types\/product"}],"wp:featuredmedia":[{"embeddable":true,"href":"https:\/\/ceoparts.com\/tr\/wp-json\/wp\/v2\/media\/14773"}],"wp:attachment":[{"href":"https:\/\/ceoparts.com\/tr\/wp-json\/wp\/v2\/media?parent=14772"}],"wp:term":[{"taxonomy":"product_brand","embeddable":true,"href":"https:\/\/ceoparts.com\/tr\/wp-json\/wp\/v2\/product_brand?post=14772"},{"taxonomy":"product_cat","embeddable":true,"href":"https:\/\/ceoparts.com\/tr\/wp-json\/wp\/v2\/product_cat?post=14772"},{"taxonomy":"product_tag","embeddable":true,"href":"https:\/\/ceoparts.com\/tr\/wp-json\/wp\/v2\/product_tag?post=14772"}],"curies":[{"name":"wp","href":"https:\/\/api.w.org\/{rel}","templated":true}]}}