{"id":14781,"date":"2025-02-17T17:54:49","date_gmt":"2025-02-17T14:54:49","guid":{"rendered":"https:\/\/ceoparts.com\/?post_type=product&#038;p=14781"},"modified":"2026-05-16T18:34:49","modified_gmt":"2026-05-16T15:34:49","slug":"still-cam-31049014-51904375700","status":"publish","type":"product","link":"https:\/\/ceoparts.com\/tr\/urun\/still-cam-31049014-51904375700\/","title":{"rendered":"Still Cam &#8211; 31049014 , 51904375700"},"content":{"rendered":"<p>Still Cam &#8211; 31049014 , 51904375700<\/p>","protected":false},"excerpt":{"rendered":"<p data-start=\"0\" data-end=\"259\"><br data-start=\"5\" data-end=\"8\" \/>Forklift uygulamalar\u0131nda kullan\u0131lan <strong data-start=\"44\" data-end=\"79\">Still Cam 31049014, 51904375700<\/strong>, forklift mekanizmas\u0131nda hareket ve kontrol sa\u011flayan dayan\u0131kl\u0131 ve y\u00fcksek kaliteli kam par\u00e7as\u0131d\u0131r. Sa\u011flam yap\u0131s\u0131 ile uzun \u00f6m\u00fcrl\u00fc kullan\u0131m sunar ve forkliftin performans\u0131n\u0131 art\u0131r\u0131r.<\/p>\n<p data-start=\"261\" data-end=\"492\"><strong data-start=\"261\" data-end=\"276\">\u00d6zellikler:<\/strong><br data-start=\"276\" data-end=\"279\" \/><strong data-start=\"279\" data-end=\"292\">\u00dcr\u00fcn Ad\u0131:<\/strong> Still Cam<br data-start=\"302\" data-end=\"305\" \/><strong data-start=\"305\" data-end=\"320\">Par\u00e7a Kodu:<\/strong> 31049014, 51904375700<br data-start=\"342\" data-end=\"345\" \/><strong data-start=\"345\" data-end=\"357\">Malzeme:<\/strong> Dayan\u0131kl\u0131 metal<br data-start=\"373\" data-end=\"376\" \/><strong data-start=\"376\" data-end=\"395\">Kullan\u0131m Alan\u0131:<\/strong> Still forklift mekanizma sistemleri<br data-start=\"431\" data-end=\"434\" \/><strong data-start=\"434\" data-end=\"446\">Avantaj:<\/strong> Uzun \u00f6m\u00fcrl\u00fc, sa\u011flam yap\u0131, y\u00fcksek performans<\/p>\n<p data-start=\"494\" data-end=\"726\">\n","protected":false},"featured_media":14784,"template":"","meta":[],"product_brand":[],"product_cat":[241,472,524],"product_tag":[],"class_list":{"0":"post-14781","1":"product","2":"type-product","3":"status-publish","4":"has-post-thumbnail","6":"product_cat-still","7":"product_cat-kaporta-aksami","8":"product_cat-yedek-parca-still","10":"first","11":"instock","12":"taxable","13":"shipping-taxable","14":"purchasable","15":"product-type-simple"},"_links":{"self":[{"href":"https:\/\/ceoparts.com\/tr\/wp-json\/wp\/v2\/product\/14781","targetHints":{"allow":["GET"]}}],"collection":[{"href":"https:\/\/ceoparts.com\/tr\/wp-json\/wp\/v2\/product"}],"about":[{"href":"https:\/\/ceoparts.com\/tr\/wp-json\/wp\/v2\/types\/product"}],"wp:featuredmedia":[{"embeddable":true,"href":"https:\/\/ceoparts.com\/tr\/wp-json\/wp\/v2\/media\/14784"}],"wp:attachment":[{"href":"https:\/\/ceoparts.com\/tr\/wp-json\/wp\/v2\/media?parent=14781"}],"wp:term":[{"taxonomy":"product_brand","embeddable":true,"href":"https:\/\/ceoparts.com\/tr\/wp-json\/wp\/v2\/product_brand?post=14781"},{"taxonomy":"product_cat","embeddable":true,"href":"https:\/\/ceoparts.com\/tr\/wp-json\/wp\/v2\/product_cat?post=14781"},{"taxonomy":"product_tag","embeddable":true,"href":"https:\/\/ceoparts.com\/tr\/wp-json\/wp\/v2\/product_tag?post=14781"}],"curies":[{"name":"wp","href":"https:\/\/api.w.org\/{rel}","templated":true}]}}