{"id":14786,"date":"2025-02-18T08:55:19","date_gmt":"2025-02-18T05:55:19","guid":{"rendered":"https:\/\/ceoparts.com\/?post_type=product&#038;p=14786"},"modified":"2026-05-16T18:35:04","modified_gmt":"2026-05-16T15:35:04","slug":"linde-on-kapak-11514322900","status":"publish","type":"product","link":"https:\/\/ceoparts.com\/tr\/urun\/linde-on-kapak-11514322900\/","title":{"rendered":"Linde \u00d6n Kapak &#8211; 11514322900"},"content":{"rendered":"<p>Linde \u00d6n Kapak &#8211; 11514322900<\/p>","protected":false},"excerpt":{"rendered":"<p data-start=\"0\" data-end=\"305\"><br data-start=\"5\" data-end=\"8\" \/>Forklift uygulamalar\u0131nda kullan\u0131lan <strong data-start=\"44\" data-end=\"74\">Linde \u00d6n Kapak 11514322900<\/strong>, forkliftin \u00f6n b\u00f6l\u00fcm\u00fcn\u00fc koruyan dayan\u0131kl\u0131 ve y\u00fcksek kaliteli kapakt\u0131r. Sa\u011flam yap\u0131s\u0131 ile d\u0131\u015f etkenlere kar\u015f\u0131 koruma sa\u011flar, forkliftin performans\u0131n\u0131 ve dayan\u0131kl\u0131l\u0131\u011f\u0131n\u0131 art\u0131r\u0131r. Kolay montaj \u00f6zelli\u011fi ile h\u0131zl\u0131 de\u011fi\u015fim imkan\u0131 sunar.<\/p>\n<p data-start=\"307\" data-end=\"557\"><strong data-start=\"307\" data-end=\"322\">\u00d6zellikler:<\/strong><br data-start=\"322\" data-end=\"325\" \/><strong data-start=\"325\" data-end=\"338\">\u00dcr\u00fcn Ad\u0131:<\/strong> Linde \u00d6n Kapak<br data-start=\"353\" data-end=\"356\" \/><strong data-start=\"356\" data-end=\"371\">Par\u00e7a Kodu:<\/strong> 11514322900<br data-start=\"383\" data-end=\"386\" \/><strong data-start=\"386\" data-end=\"398\">Malzeme:<\/strong> Dayan\u0131kl\u0131 metal ve plastik bile\u015fenler<br data-start=\"436\" data-end=\"439\" \/><strong data-start=\"439\" data-end=\"458\">Kullan\u0131m Alan\u0131:<\/strong> Linde forklift \u00f6n b\u00f6l\u00fcm\u00fc<br data-start=\"483\" data-end=\"486\" \/><strong data-start=\"486\" data-end=\"498\">Avantaj:<\/strong> Dayan\u0131kl\u0131 yap\u0131, d\u0131\u015f etkenlere kar\u015f\u0131 koruma, kolay montaj<\/p>\n<p data-start=\"559\" data-end=\"850\">\n","protected":false},"featured_media":14787,"template":"","meta":[],"product_brand":[],"product_cat":[246,472,523],"product_tag":[],"class_list":{"0":"post-14786","1":"product","2":"type-product","3":"status-publish","4":"has-post-thumbnail","6":"product_cat-linde","7":"product_cat-kaporta-aksami","8":"product_cat-yedek-parca-linde","10":"first","11":"instock","12":"taxable","13":"shipping-taxable","14":"purchasable","15":"product-type-simple"},"_links":{"self":[{"href":"https:\/\/ceoparts.com\/tr\/wp-json\/wp\/v2\/product\/14786","targetHints":{"allow":["GET"]}}],"collection":[{"href":"https:\/\/ceoparts.com\/tr\/wp-json\/wp\/v2\/product"}],"about":[{"href":"https:\/\/ceoparts.com\/tr\/wp-json\/wp\/v2\/types\/product"}],"wp:featuredmedia":[{"embeddable":true,"href":"https:\/\/ceoparts.com\/tr\/wp-json\/wp\/v2\/media\/14787"}],"wp:attachment":[{"href":"https:\/\/ceoparts.com\/tr\/wp-json\/wp\/v2\/media?parent=14786"}],"wp:term":[{"taxonomy":"product_brand","embeddable":true,"href":"https:\/\/ceoparts.com\/tr\/wp-json\/wp\/v2\/product_brand?post=14786"},{"taxonomy":"product_cat","embeddable":true,"href":"https:\/\/ceoparts.com\/tr\/wp-json\/wp\/v2\/product_cat?post=14786"},{"taxonomy":"product_tag","embeddable":true,"href":"https:\/\/ceoparts.com\/tr\/wp-json\/wp\/v2\/product_tag?post=14786"}],"curies":[{"name":"wp","href":"https:\/\/api.w.org\/{rel}","templated":true}]}}