{"id":14791,"date":"2025-02-18T09:10:31","date_gmt":"2025-02-18T06:10:31","guid":{"rendered":"https:\/\/ceoparts.com\/?post_type=product&#038;p=14791"},"modified":"2026-05-16T23:14:06","modified_gmt":"2026-05-16T20:14:06","slug":"toyota-bt-lwe200-aku-ust-kapak-256124001","status":"publish","type":"product","link":"https:\/\/ceoparts.com\/tr\/urun\/toyota-bt-lwe200-aku-ust-kapak-256124001\/","title":{"rendered":"Toyota BT \/ LPE200 Ak\u00fc \u00dcst Kapak \u2013 256124001"},"content":{"rendered":"<p>Toyota BT \/ LPE200 Ak\u00fc \u00dcst Kapak \u2013 256124001<\/p>","protected":false},"excerpt":{"rendered":"<p data-start=\"0\" data-end=\"267\"><br data-start=\"5\" data-end=\"8\" \/>Forklift uygulamalar\u0131nda kullan\u0131lan <strong data-start=\"44\" data-end=\"90\">Toyota BT \/ LPE200 Ak\u00fc \u00dcst Kapak 256124001<\/strong>, forklift ak\u00fcs\u00fcn\u00fc koruyan dayan\u0131kl\u0131 ve y\u00fcksek kaliteli \u00fcst kapakt\u0131r. Sa\u011flam yap\u0131s\u0131 ile ak\u00fcn\u00fcn g\u00fcvenli\u011fini sa\u011flar, d\u0131\u015f etkenlere kar\u015f\u0131 koruma sunar ve kolay montaj imkan\u0131 verir.<\/p>\n<p data-start=\"269\" data-end=\"537\"><strong data-start=\"269\" data-end=\"284\">\u00d6zellikler:<\/strong><br data-start=\"284\" data-end=\"287\" \/><strong data-start=\"287\" data-end=\"300\">\u00dcr\u00fcn Ad\u0131:<\/strong> Toyota BT \/ LPE200 Ak\u00fc \u00dcst Kapak<br data-start=\"333\" data-end=\"336\" \/><strong data-start=\"336\" data-end=\"351\">Par\u00e7a Kodu:<\/strong> 256124001<br data-start=\"361\" data-end=\"364\" \/><strong data-start=\"364\" data-end=\"376\">Malzeme:<\/strong> Dayan\u0131kl\u0131 plastik ve metal bile\u015fenler<br data-start=\"414\" data-end=\"417\" \/><strong data-start=\"417\" data-end=\"436\">Kullan\u0131m Alan\u0131:<\/strong> Toyota BT LPE200 forklift ak\u00fc sistemleri<br data-start=\"477\" data-end=\"480\" \/><strong data-start=\"480\" data-end=\"492\">Avantaj:<\/strong> Ak\u00fc korumas\u0131, dayan\u0131kl\u0131 yap\u0131, kolay montaj<\/p>\n<p data-start=\"539\" data-end=\"793\">\n","protected":false},"featured_media":14792,"template":"","meta":[],"product_brand":[],"product_cat":[251,472,518,521,530],"product_tag":[],"class_list":{"0":"post-14791","1":"product","2":"type-product","3":"status-publish","4":"has-post-thumbnail","6":"product_cat-bt","7":"product_cat-kaporta-aksami","8":"product_cat-yedek-parca-bt","9":"product_cat-toyota","10":"product_cat-yedek-parca-toyota","12":"first","13":"instock","14":"taxable","15":"shipping-taxable","16":"purchasable","17":"product-type-simple"},"_links":{"self":[{"href":"https:\/\/ceoparts.com\/tr\/wp-json\/wp\/v2\/product\/14791","targetHints":{"allow":["GET"]}}],"collection":[{"href":"https:\/\/ceoparts.com\/tr\/wp-json\/wp\/v2\/product"}],"about":[{"href":"https:\/\/ceoparts.com\/tr\/wp-json\/wp\/v2\/types\/product"}],"wp:featuredmedia":[{"embeddable":true,"href":"https:\/\/ceoparts.com\/tr\/wp-json\/wp\/v2\/media\/14792"}],"wp:attachment":[{"href":"https:\/\/ceoparts.com\/tr\/wp-json\/wp\/v2\/media?parent=14791"}],"wp:term":[{"taxonomy":"product_brand","embeddable":true,"href":"https:\/\/ceoparts.com\/tr\/wp-json\/wp\/v2\/product_brand?post=14791"},{"taxonomy":"product_cat","embeddable":true,"href":"https:\/\/ceoparts.com\/tr\/wp-json\/wp\/v2\/product_cat?post=14791"},{"taxonomy":"product_tag","embeddable":true,"href":"https:\/\/ceoparts.com\/tr\/wp-json\/wp\/v2\/product_tag?post=14791"}],"curies":[{"name":"wp","href":"https:\/\/api.w.org\/{rel}","templated":true}]}}