{"id":14799,"date":"2025-02-18T09:48:10","date_gmt":"2025-02-18T06:48:10","guid":{"rendered":"https:\/\/ceoparts.com\/?post_type=product&#038;p=14799"},"modified":"2026-05-16T21:02:26","modified_gmt":"2026-05-16T18:02:26","slug":"still-exu-kol-amorsitoru-4482725","status":"publish","type":"product","link":"https:\/\/ceoparts.com\/tr\/urun\/still-exu-kol-amorsitoru-4482725\/","title":{"rendered":"Still EXU Kol Amortis\u00f6r\u00fc &#8211; 4482725"},"content":{"rendered":"<p>Still EXU Kol Amortis\u00f6r\u00fc &#8211; 4482725<\/p>\n<p>STILL 4482725 STABILUS<\/p>\n<p>Still EXU W40154<\/p>\n<p>Still EXU W40152<\/p>\n<p>Still 4482725<\/p>","protected":false},"excerpt":{"rendered":"<p data-start=\"0\" data-end=\"284\"><br data-start=\"5\" data-end=\"8\" \/>Forklift uygulamalar\u0131nda kullan\u0131lan <strong data-start=\"44\" data-end=\"80\">Still EXU Kol Amortis\u00f6r\u00fc 4482725<\/strong>, operat\u00f6r kolunun dengeli ve kontroll\u00fc hareket etmesini sa\u011flayan y\u00fcksek kaliteli gazl\u0131 amortis\u00f6rd\u00fcr. Sa\u011flam yap\u0131s\u0131 sayesinde uzun \u00f6m\u00fcrl\u00fc kullan\u0131m sa\u011flar ve titre\u015fimleri azaltarak s\u00fcr\u00fc\u015f konforunu art\u0131r\u0131r.<\/p>\n<p data-start=\"286\" data-end=\"549\"><strong data-start=\"286\" data-end=\"301\">\u00d6zellikler:<\/strong><br data-start=\"301\" data-end=\"304\" \/><strong data-start=\"304\" data-end=\"317\">\u00dcr\u00fcn Ad\u0131:<\/strong> Still EXU Kol Amortis\u00f6r\u00fc<br data-start=\"342\" data-end=\"345\" \/><strong data-start=\"345\" data-end=\"360\">Par\u00e7a Kodu:<\/strong> 4482725<br data-start=\"368\" data-end=\"371\" \/><strong data-start=\"371\" data-end=\"383\">Malzeme:<\/strong> Gazl\u0131 amortis\u00f6r ve dayan\u0131kl\u0131 metal g\u00f6vde<br data-start=\"424\" data-end=\"427\" \/><strong data-start=\"427\" data-end=\"446\">Kullan\u0131m Alan\u0131:<\/strong> Still forklift kol sistemleri<br data-start=\"476\" data-end=\"479\" \/><strong data-start=\"479\" data-end=\"491\">Avantaj:<\/strong> Dengeli hareket, titre\u015fim azaltma, uzun \u00f6m\u00fcrl\u00fc kullan\u0131m<\/p>\n<p data-start=\"551\" data-end=\"823\">\n","protected":false},"featured_media":14801,"template":"","meta":[],"product_brand":[],"product_cat":[241,497,524],"product_tag":[],"class_list":{"0":"post-14799","1":"product","2":"type-product","3":"status-publish","4":"has-post-thumbnail","6":"product_cat-still","7":"product_cat-amortisor-grubu","8":"product_cat-yedek-parca-still","10":"first","11":"instock","12":"taxable","13":"shipping-taxable","14":"purchasable","15":"product-type-simple"},"_links":{"self":[{"href":"https:\/\/ceoparts.com\/tr\/wp-json\/wp\/v2\/product\/14799","targetHints":{"allow":["GET"]}}],"collection":[{"href":"https:\/\/ceoparts.com\/tr\/wp-json\/wp\/v2\/product"}],"about":[{"href":"https:\/\/ceoparts.com\/tr\/wp-json\/wp\/v2\/types\/product"}],"wp:featuredmedia":[{"embeddable":true,"href":"https:\/\/ceoparts.com\/tr\/wp-json\/wp\/v2\/media\/14801"}],"wp:attachment":[{"href":"https:\/\/ceoparts.com\/tr\/wp-json\/wp\/v2\/media?parent=14799"}],"wp:term":[{"taxonomy":"product_brand","embeddable":true,"href":"https:\/\/ceoparts.com\/tr\/wp-json\/wp\/v2\/product_brand?post=14799"},{"taxonomy":"product_cat","embeddable":true,"href":"https:\/\/ceoparts.com\/tr\/wp-json\/wp\/v2\/product_cat?post=14799"},{"taxonomy":"product_tag","embeddable":true,"href":"https:\/\/ceoparts.com\/tr\/wp-json\/wp\/v2\/product_tag?post=14799"}],"curies":[{"name":"wp","href":"https:\/\/api.w.org\/{rel}","templated":true}]}}