{"id":14805,"date":"2025-02-18T10:25:51","date_gmt":"2025-02-18T07:25:51","guid":{"rendered":"https:\/\/ceoparts.com\/?post_type=product&#038;p=14805"},"modified":"2026-05-16T21:02:05","modified_gmt":"2026-05-16T18:02:05","slug":"still-linde-ecu-kol-amortisoru-0009655720","status":"publish","type":"product","link":"https:\/\/ceoparts.com\/tr\/urun\/still-linde-ecu-kol-amortisoru-0009655720\/","title":{"rendered":"Still \/ Linde ECU Kol Amortis\u00f6r\u00fc &#8211; 0009655720"},"content":{"rendered":"<p>Still \/ Linde ECU Kol Amortis\u00f6r\u00fc &#8211; 0009655720<\/p>\n<p><\/p>\n<table style=\"height: 162px;\" border=\"0\" width=\"432\" cellspacing=\"0\" cellpadding=\"0\">\n<colgroup>\n<col width=\"291\" \/>\n<col width=\"15\" \/>\n<col width=\"93\" \/><\/colgroup>\n<tbody>\n<tr>\n<td class=\"xl65\" width=\"291\" height=\"25\"><\/td>\n<td class=\"xl65\" width=\"15\"><\/td>\n<td class=\"xl65\" width=\"93\"><\/td>\n<\/tr>\n<tr>\n<td class=\"xl65\" width=\"291\" height=\"25\"><strong>G\u00fc\u00e7 (N)<\/strong><\/td>\n<td class=\"xl65\" width=\"15\"><strong>:<\/strong><\/td>\n<td class=\"xl65\" width=\"93\"><strong>400<\/strong><\/td>\n<\/tr>\n<tr>\n<td class=\"xl65\" width=\"291\" height=\"25\"><strong>Uzunluk (mm)<\/strong><\/td>\n<td class=\"xl65\" width=\"15\"><strong>:<\/strong><\/td>\n<td class=\"xl65\" width=\"93\"><strong>270<\/strong><\/td>\n<\/tr>\n<tr>\n<td class=\"xl65\" width=\"291\" height=\"25\"><strong>Piston \u00c7ap\u0131 (mm)<\/strong><\/td>\n<td class=\"xl65\" width=\"15\"><strong>:<\/strong><\/td>\n<td class=\"xl65\" width=\"93\"><strong>18<\/strong><\/td>\n<\/tr>\n<tr>\n<td class=\"xl65\" width=\"291\" height=\"25\"><strong>Piston Kolu \u00c7ap\u0131 (mm)<\/strong><\/td>\n<td class=\"xl65\" width=\"15\"><strong>:<\/strong><\/td>\n<td class=\"xl65\" width=\"93\"><strong>8<\/strong><\/td>\n<\/tr>\n<tr>\n<td class=\"xl65\" width=\"291\" height=\"25\"><strong>Ba\u011flant\u0131 Delik \u00c7ap\u0131 (mm)<\/strong><\/td>\n<td class=\"xl65\" width=\"15\"><strong>:<\/strong><\/td>\n<td class=\"xl65\" width=\"93\"><strong>8,30<\/strong><\/td>\n<\/tr>\n<\/tbody>\n<\/table>\n<p><\/p>","protected":false},"excerpt":{"rendered":"<p data-start=\"0\" data-end=\"288\"><br data-start=\"5\" data-end=\"8\" \/>Forklift uygulamalar\u0131nda kullan\u0131lan <strong data-start=\"44\" data-end=\"91\">Still \/ Linde ECU Kol Amortis\u00f6r\u00fc 0009655720<\/strong>, operat\u00f6r kolunun dengeli ve kontroll\u00fc hareket etmesini sa\u011flayan y\u00fcksek kaliteli gazl\u0131 amortis\u00f6rd\u00fcr. Sa\u011flam yap\u0131s\u0131 ile uzun \u00f6m\u00fcrl\u00fc kullan\u0131m sunar ve titre\u015fimleri azaltarak s\u00fcr\u00fc\u015f konforunu art\u0131r\u0131r.<\/p>\n<p data-start=\"290\" data-end=\"573\"><strong data-start=\"290\" data-end=\"305\">\u00d6zellikler:<\/strong><br data-start=\"305\" data-end=\"308\" \/><strong data-start=\"308\" data-end=\"321\">\u00dcr\u00fcn Ad\u0131:<\/strong> Still \/ Linde ECU Kol Amortis\u00f6r\u00fc<br data-start=\"354\" data-end=\"357\" \/><strong data-start=\"357\" data-end=\"372\">Par\u00e7a Kodu:<\/strong> 0009655720<br data-start=\"383\" data-end=\"386\" \/><strong data-start=\"386\" data-end=\"398\">Malzeme:<\/strong> Gazl\u0131 amortis\u00f6r ve dayan\u0131kl\u0131 metal g\u00f6vde<br data-start=\"439\" data-end=\"442\" \/><strong data-start=\"442\" data-end=\"461\">Kullan\u0131m Alan\u0131:<\/strong> Still ve Linde forklift kol sistemleri<br data-start=\"500\" data-end=\"503\" \/><strong data-start=\"503\" data-end=\"515\">Avantaj:<\/strong> Dengeli hareket, titre\u015fim azaltma, uzun \u00f6m\u00fcrl\u00fc kullan\u0131m<\/p>\n<p data-start=\"575\" data-end=\"858\">\n","protected":false},"featured_media":14816,"template":"","meta":[],"product_brand":[],"product_cat":[241,246,497,523,524],"product_tag":[],"class_list":{"0":"post-14805","1":"product","2":"type-product","3":"status-publish","4":"has-post-thumbnail","6":"product_cat-still","7":"product_cat-linde","8":"product_cat-amortisor-grubu","9":"product_cat-yedek-parca-linde","10":"product_cat-yedek-parca-still","12":"first","13":"instock","14":"taxable","15":"shipping-taxable","16":"purchasable","17":"product-type-simple"},"_links":{"self":[{"href":"https:\/\/ceoparts.com\/tr\/wp-json\/wp\/v2\/product\/14805","targetHints":{"allow":["GET"]}}],"collection":[{"href":"https:\/\/ceoparts.com\/tr\/wp-json\/wp\/v2\/product"}],"about":[{"href":"https:\/\/ceoparts.com\/tr\/wp-json\/wp\/v2\/types\/product"}],"wp:featuredmedia":[{"embeddable":true,"href":"https:\/\/ceoparts.com\/tr\/wp-json\/wp\/v2\/media\/14816"}],"wp:attachment":[{"href":"https:\/\/ceoparts.com\/tr\/wp-json\/wp\/v2\/media?parent=14805"}],"wp:term":[{"taxonomy":"product_brand","embeddable":true,"href":"https:\/\/ceoparts.com\/tr\/wp-json\/wp\/v2\/product_brand?post=14805"},{"taxonomy":"product_cat","embeddable":true,"href":"https:\/\/ceoparts.com\/tr\/wp-json\/wp\/v2\/product_cat?post=14805"},{"taxonomy":"product_tag","embeddable":true,"href":"https:\/\/ceoparts.com\/tr\/wp-json\/wp\/v2\/product_tag?post=14805"}],"curies":[{"name":"wp","href":"https:\/\/api.w.org\/{rel}","templated":true}]}}