{"id":14812,"date":"2025-02-18T10:39:50","date_gmt":"2025-02-18T07:39:50","guid":{"rendered":"https:\/\/ceoparts.com\/?post_type=product&#038;p=14812"},"modified":"2026-05-16T18:47:01","modified_gmt":"2026-05-16T15:47:01","slug":"still-linde-exvsf-kol-amortisoru-0009655733","status":"publish","type":"product","link":"https:\/\/ceoparts.com\/tr\/urun\/still-linde-exvsf-kol-amortisoru-0009655733\/","title":{"rendered":"Still \/ Linde EXVSF Kol Amortis\u00f6r\u00fc &#8211; 0009655733"},"content":{"rendered":"<p>Still \/ Linde EXVSF Kol Amortis\u00f6r\u00fc &#8211; 0009655733<\/p>\n<p><\/p>\n<table class=\"transparant\">\n<tbody>\n<tr>\n<th class=\"alignLeft\" title=\"TY-AT\"><span style=\"color: #000000; font-family: Times New Roman; font-size: medium;\">Uygulama t\u00fcr\u00fc<\/span><\/th>\n<td><span style=\"color: #000000; font-family: Times New Roman; font-size: medium;\">GAZ YAYI<\/span><\/td>\n<\/tr>\n<tr>\n<th class=\"alignLeft\" title=\"TY-GA\"><span style=\"color: #000000; font-family: Times New Roman; font-size: medium;\">Gaz yay\u0131\/amortis\u00f6r tipi<\/span><\/th>\n<td><span style=\"color: #000000; font-family: Times New Roman; font-size: medium;\">\u0130TME T\u0130P\u0130<\/span><\/td>\n<\/tr>\n<tr>\n<th class=\"alignLeft\" title=\"D1\"><span style=\"color: #000000; font-family: Times New Roman; font-size: medium;\">Piston \u00e7ubu\u011fu \u00e7ap\u0131 D1 (mm)<\/span><\/th>\n<td><span style=\"color: #000000; font-family: Times New Roman; font-size: medium;\">10<\/span><\/td>\n<\/tr>\n<tr>\n<th class=\"alignLeft\" title=\"N\"><span style=\"color: #000000; font-family: Times New Roman; font-size: medium;\">G\u00fc\u00e7 (N)<\/span><\/th>\n<td><span style=\"color: #000000; font-family: Times New Roman; font-size: medium;\">1300<\/span><\/td>\n<\/tr>\n<tr>\n<th class=\"alignLeft\" title=\"C1\"><span style=\"color: #000000; font-family: Times New Roman; font-size: medium;\">Merkez mesafesi C1 (mm)<\/span><\/th>\n<td><span style=\"color: #000000; font-family: Times New Roman; font-size: medium;\">165<\/span><\/td>\n<\/tr>\n<tr>\n<th class=\"alignLeft\" title=\"L1\"><span style=\"color: #000000; font-family: Times New Roman; font-size: medium;\">Piston \u00e7ubu\u011fu uzunlu\u011fu L1 (mm)<\/span><\/th>\n<td><span style=\"color: #000000; font-family: Times New Roman; font-size: medium;\">50<\/span><\/td>\n<\/tr>\n<tr>\n<th class=\"alignLeft\" title=\"TY-CO1\"><span style=\"color: #000000; font-family: Times New Roman; font-size: medium;\">Ba\u011flant\u0131 tipi piston \u00e7ubu\u011fu taraf\u0131<\/span><\/th>\n<td><span style=\"color: #000000; font-family: Times New Roman; font-size: medium;\">T\u0130P A<\/span><\/td>\n<\/tr>\n<tr>\n<th class=\"alignLeft\" title=\"H1a\"><span style=\"color: #000000; font-family: Times New Roman; font-size: medium;\">Montaj y\u00fcksekli\u011fi H1a (mm)<\/span><\/th>\n<td><span style=\"color: #000000; font-family: Times New Roman; font-size: medium;\">26,5<\/span><\/td>\n<\/tr>\n<tr>\n<th class=\"alignLeft\" title=\"L3a\"><span style=\"color: #000000; font-family: Times New Roman; font-size: medium;\">Toplam uzunluk L3a \u200b\u200b(mm)<\/span><\/th>\n<td><span style=\"color: #000000; font-family: Times New Roman; font-size: medium;\">29.5<\/span><\/td>\n<\/tr>\n<tr>\n<th class=\"alignLeft\" title=\"L4a\"><span style=\"color: #000000; font-family: Times New Roman; font-size: medium;\">Ba\u011flant\u0131 mesafesi L4a (mm)<\/span><\/th>\n<td><span style=\"color: #000000; font-family: Times New Roman; font-size: medium;\">18<\/span><\/td>\n<\/tr>\n<tr>\n<th class=\"alignLeft\" title=\"TA1a\"><span style=\"color: #000000; font-family: Times New Roman; font-size: medium;\">TA1a montaj di\u015fi<\/span><\/th>\n<td><span style=\"color: #000000; font-family: Times New Roman; font-size: medium;\">M6<\/span><\/td>\n<\/tr>\n<tr>\n<th class=\"alignLeft\" title=\"TA2a\"><span style=\"color: #000000; font-family: Times New Roman; font-size: medium;\">TA2a topunun ipli\u011fi<\/span><\/th>\n<td><span style=\"color: #000000; font-family: Times New Roman; font-size: medium;\">M8<\/span><\/td>\n<\/tr>\n<tr>\n<th class=\"alignLeft\" title=\"BAa\"><span style=\"color: #000000; font-family: Times New Roman; font-size: medium;\">Top hediyesi<\/span><\/th>\n<td><span style=\"color: #000000; font-family: Times New Roman; font-size: medium;\">EVET<\/span><\/td>\n<\/tr>\n<tr>\n<th class=\"alignLeft\" title=\"TY-BUa\"><span style=\"color: #000000; font-family: Times New Roman; font-size: medium;\">Bur\u00e7 mevcut<\/span><\/th>\n<td><span style=\"color: #000000; font-family: Times New Roman; font-size: medium;\">HAYIR<\/span><\/td>\n<\/tr>\n<tr>\n<th class=\"alignLeft\" title=\"TY-CO2\"><span style=\"color: #000000; font-family: Times New Roman; font-size: medium;\">Ba\u011flant\u0131 tipi piston taraf\u0131<\/span><\/th>\n<td><span style=\"color: #000000; font-family: Times New Roman; font-size: medium;\">T\u0130P L<\/span><\/td>\n<\/tr>\n<tr>\n<th class=\"alignLeft\" title=\"TA1b\"><span style=\"color: #000000; font-family: Times New Roman; font-size: medium;\">TA1b montaj di\u015fi<\/span><\/th>\n<td><span style=\"color: #000000; font-family: Times New Roman; font-size: medium;\">M8<\/span><\/td>\n<\/tr>\n<tr>\n<th class=\"alignLeft\" title=\"BAb\"><span style=\"color: #000000; font-family: Times New Roman; font-size: medium;\">Top hediyesi<\/span><\/th>\n<td><span style=\"color: #000000; font-family: Times New Roman; font-size: medium;\">HAYIR<\/span><\/td>\n<\/tr>\n<tr>\n<th class=\"alignLeft\" title=\"TE\u015eEKK\u00dcRLER\"><span style=\"color: #000000; font-family: Times New Roman; font-size: medium;\">Bur\u00e7 mevcut<\/span><\/th>\n<td><span style=\"color: #000000; font-family: Times New Roman; font-size: medium;\">HAYIR<\/span><\/td>\n<\/tr>\n<\/tbody>\n<\/table>\n<p>&nbsp;<\/p>\n<table border=\"0\" width=\"438\" cellspacing=\"0\" cellpadding=\"0\">\n<colgroup>\n<col width=\"82\" \/>\n<col width=\"356\" \/><\/colgroup>\n<tbody>\n<tr>\n<td class=\"xl65\" width=\"82\" height=\"20\"><span style=\"font-family: Calibri;\">360<\/span><\/td>\n<td width=\"356\"><span style=\"font-family: Calibri;\">T16\/T18\/T20<\/span><\/td>\n<\/tr>\n<tr>\n<td class=\"xl65\" height=\"20\"><span style=\"font-family: Calibri;\">360<\/span><\/td>\n<td><span style=\"font-family: Calibri;\">T16\/T18\/T20\/T16L<\/span><\/td>\n<\/tr>\n<tr>\n<td class=\"xl65\" height=\"20\"><span style=\"font-family: Calibri;\">379<\/span><\/td>\n<td><span style=\"font-family: Calibri;\">L10\/12-L10\/12AS<\/span><\/td>\n<\/tr>\n<\/tbody>\n<\/table>\n<p>&nbsp;<\/p>","protected":false},"excerpt":{"rendered":"<p data-start=\"0\" data-end=\"288\"><br data-start=\"5\" data-end=\"8\" \/>Forklift uygulamalar\u0131nda kullan\u0131lan <strong data-start=\"44\" data-end=\"93\">Still \/ Linde EXVSF Kol Amortis\u00f6r\u00fc 0009655733<\/strong>, operat\u00f6r kolunun dengeli ve kontroll\u00fc hareket etmesini sa\u011flayan y\u00fcksek kaliteli gazl\u0131 amortis\u00f6rd\u00fcr. Sa\u011flam yap\u0131s\u0131 ile uzun \u00f6m\u00fcrl\u00fc kullan\u0131m sunar ve titre\u015fimleri azaltarak konforlu s\u00fcr\u00fc\u015f sa\u011flar.<\/p>\n<p data-start=\"290\" data-end=\"575\"><strong data-start=\"290\" data-end=\"305\">\u00d6zellikler:<\/strong><br data-start=\"305\" data-end=\"308\" \/><strong data-start=\"308\" data-end=\"321\">\u00dcr\u00fcn Ad\u0131:<\/strong> Still \/ Linde EXVSF Kol Amortis\u00f6r\u00fc<br data-start=\"356\" data-end=\"359\" \/><strong data-start=\"359\" data-end=\"374\">Par\u00e7a Kodu:<\/strong> 0009655733<br data-start=\"385\" data-end=\"388\" \/><strong data-start=\"388\" data-end=\"400\">Malzeme:<\/strong> Gazl\u0131 amortis\u00f6r ve dayan\u0131kl\u0131 metal g\u00f6vde<br data-start=\"441\" data-end=\"444\" \/><strong data-start=\"444\" data-end=\"463\">Kullan\u0131m Alan\u0131:<\/strong> Still ve Linde forklift kol sistemleri<br data-start=\"502\" data-end=\"505\" \/><strong data-start=\"505\" data-end=\"517\">Avantaj:<\/strong> Dengeli hareket, titre\u015fim azaltma, uzun \u00f6m\u00fcrl\u00fc kullan\u0131m<\/p>\n<p data-start=\"577\" data-end=\"859\">\n","protected":false},"featured_media":14813,"template":"","meta":[],"product_brand":[],"product_cat":[524,241,246,497,523],"product_tag":[],"class_list":{"0":"post-14812","1":"product","2":"type-product","3":"status-publish","4":"has-post-thumbnail","6":"product_cat-yedek-parca-still","7":"product_cat-still","8":"product_cat-linde","9":"product_cat-amortisor-grubu","10":"product_cat-yedek-parca-linde","12":"first","13":"instock","14":"taxable","15":"shipping-taxable","16":"purchasable","17":"product-type-simple"},"_links":{"self":[{"href":"https:\/\/ceoparts.com\/tr\/wp-json\/wp\/v2\/product\/14812","targetHints":{"allow":["GET"]}}],"collection":[{"href":"https:\/\/ceoparts.com\/tr\/wp-json\/wp\/v2\/product"}],"about":[{"href":"https:\/\/ceoparts.com\/tr\/wp-json\/wp\/v2\/types\/product"}],"wp:featuredmedia":[{"embeddable":true,"href":"https:\/\/ceoparts.com\/tr\/wp-json\/wp\/v2\/media\/14813"}],"wp:attachment":[{"href":"https:\/\/ceoparts.com\/tr\/wp-json\/wp\/v2\/media?parent=14812"}],"wp:term":[{"taxonomy":"product_brand","embeddable":true,"href":"https:\/\/ceoparts.com\/tr\/wp-json\/wp\/v2\/product_brand?post=14812"},{"taxonomy":"product_cat","embeddable":true,"href":"https:\/\/ceoparts.com\/tr\/wp-json\/wp\/v2\/product_cat?post=14812"},{"taxonomy":"product_tag","embeddable":true,"href":"https:\/\/ceoparts.com\/tr\/wp-json\/wp\/v2\/product_tag?post=14812"}],"curies":[{"name":"wp","href":"https:\/\/api.w.org\/{rel}","templated":true}]}}