{"id":14847,"date":"2025-02-18T14:20:35","date_gmt":"2025-02-18T11:20:35","guid":{"rendered":"https:\/\/ceoparts.com\/?post_type=product&#038;p=14847"},"modified":"2026-05-16T17:04:41","modified_gmt":"2026-05-16T14:04:41","slug":"jungheinrich-eje-116-kol-amortisoru-50460924-51258527-2","status":"publish","type":"product","link":"https:\/\/ceoparts.com\/tr\/urun\/jungheinrich-eje-116-kol-amortisoru-50460924-51258527-2\/","title":{"rendered":"Jungheinrich Eje 116 Kol Amortis\u00f6r\u00fc &#8211; 50460924 , 51258527"},"content":{"rendered":"<p>Jungheinrich Eje 116 Kol Amortis\u00f6r\u00fc &#8211; 50460924 , 51258527<\/p>\n<p align=\"left\">A (mm):\u00a0334<br \/>\nd1 (mm):\u00a010<br \/>\nd2 (mm):\u00a022<br \/>\nSkok (mm):\u00a076<br \/>\nNewton:\u00a0500<\/p>\n<p align=\"left\">EJB 14\/16<\/p>\n<p align=\"left\">1.05.1999<\/p>\n<p align=\"left\">EJB 25\/35 (MMC)<\/p>\n<p align=\"left\">8.99 &#8211; 9.06<\/p>\n<p align=\"left\">EJC 10\/12<\/p>\n<p align=\"left\">1.10.1997<\/p>\n<p align=\"left\">EJC 110\/112<\/p>\n<p align=\"left\">9.07.2012<\/p>\n<p align=\"left\">EJC 110\/112 (Qingpu)<\/p>\n<p align=\"left\">7.08 &#8211; 9.09<\/p>\n<p align=\"left\">EJC 12 C<\/p>\n<p align=\"left\">7.03.2012<\/p>\n<p align=\"left\">EJC 14\/16<\/p>\n<p align=\"left\">6.98 &#8211; 2.06<\/p>\n<p align=\"left\">EJC 212 \/ 214 \/ 216<\/p>\n<p align=\"left\">6.08.2012<\/p>\n<p align=\"left\">EJC 212-216<\/p>\n<p align=\"left\">1.06 &#8211; 5.08<\/p>\n<p align=\"left\">EJC 220<\/p>\n<p align=\"left\">8.06.2012<\/p>\n<p align=\"left\">EJC B14\/B16<\/p>\n<p align=\"left\">5.05.2012<\/p>\n<p align=\"left\">EJC B14\/B16 (US)<\/p>\n<p align=\"left\">11.06.2012<\/p>\n<p align=\"left\">EJC B25 \/B35<\/p>\n<p align=\"left\">5.05 &#8211; 11.06<\/p>\n<p align=\"left\">EJC M10<\/p>\n<p align=\"left\">6.09 &#8211; 6.09<\/p>\n<p align=\"left\">EJC Z14\/Z16<\/p>\n<p align=\"left\">5.05.2012<\/p>\n<p align=\"left\">EJC-20\/25<\/p>\n<p align=\"left\">4.05 &#8211; 12.06<\/p>\n<p align=\"left\">EJC-Z 14\/16<\/p>\n<p align=\"left\">1.99 &#8211; 4.05<\/p>\n<p align=\"left\">EJD 220<\/p>\n<p align=\"left\">1.10.2012<\/p>\n<p align=\"left\">EJE 116\/118\/120<\/p>\n<p align=\"left\">9.03 &#8211; 10.07<\/p>\n<p align=\"left\">EJE 116\/118\/120<\/p>\n<p align=\"left\">4.07.2012<\/p>\n<p align=\"left\">EJE 116\/118\/120 (USA)<\/p>\n<p align=\"left\">9.07.2012<\/p>\n<p align=\"left\">EJE 116\/120 (Qingpu)<\/p>\n<p align=\"left\">9.06 &#8211; 9.07<\/p>\n<p align=\"left\">EJE 116\/120 (Qingpu)<\/p>\n<p align=\"left\">10.07 &#8211; 8.09<\/p>\n<p align=\"left\">EJE 135\/145<\/p>\n<p align=\"left\">9.03 &#8211; 10.06<\/p>\n<p align=\"left\">EJE 220\/222\/225\/ 220r\/222r<\/p>\n<p align=\"left\">9.03 &#8211; 11.07<\/p>\n<p align=\"left\">EJE 220\/225<\/p>\n<p align=\"left\">5.07.2012<\/p>\n<p align=\"left\">EJE 220\/225 (USA)<\/p>\n<p align=\"left\">8.07.2012<\/p>\n<p align=\"left\">EJE 220r\/222r<\/p>\n<p align=\"left\">5.06.2012<\/p>\n<p align=\"left\">EJE 235<\/p>\n<p align=\"left\">5.08.2012<\/p>\n<p align=\"left\">EJG 06-10<\/p>\n<p align=\"left\">12.04.2012<\/p>\n<p align=\"left\">EJG 06-10 (PR)<\/p>\n<p align=\"left\">1.98 &#8211; 4.05<\/p>\n<p align=\"left\">ELE 16-20 ac<\/p>\n<p align=\"left\">9.02 &#8211; 8.03<\/p>\n<p align=\"left\">ELE 45 AC (MMC)<\/p>\n<p align=\"left\">9.02 &#8211; 8.03<\/p>\n<p align=\"left\">EZS 010<\/p>\n<p align=\"left\">7.08 &#8211; 9.09<\/p>\n<p align=\"left\">EZS 010<\/p>\n<p align=\"left\">10.09.2012<\/p>\n<p align=\"left\">PMW23N<\/p>\n<p align=\"left\">9.05 &#8211; 10.07<\/p>\n<p align=\"left\">PMW30N<\/p>\n<p align=\"left\">10.05 &#8211; 10.07<\/p>\n<p align=\"left\">PMWT15\/18N<\/p>\n<p align=\"left\">10.05.2012<\/p>\n<p align=\"left\">PW23<\/p>\n<p align=\"left\">9.07.2012<\/p>\n<p align=\"left\">Sonderbau<\/p>\n<p align=\"left\">12.04.2012<\/p>\n<p align=\"left\">SS3000\/SS3500<\/p>\n<p align=\"left\">10.05 &#8211; 3.10<\/p>\n<p align=\"left\">WL 14\/16<\/p>\n<p align=\"left\">12.03 &#8211; 4.08<\/p>\n<p align=\"left\">WN 116\/118\/120<\/p>\n<p align=\"left\">4.07 &#8211; 4.08<\/p>\n<p align=\"left\">WN 16-20 AC<\/p>\n<p align=\"left\">9.02 &#8211; 10.07<\/p>\n<p align=\"left\">WN 20-25 C\/WN20-22rC<\/p>\n<p align=\"left\">9.03 &#8211; 10.07<\/p>\n<p align=\"left\">WN 20C\/25C<\/p>\n<p align=\"left\">5.07.2012<\/p>\n<p align=\"left\">WP 10\/12<\/p>\n<p align=\"left\">9.07 &#8211; 4.08<\/p>\n<p align=\"left\">WP 10\/12 C (MIC)<\/p>\n<p align=\"left\">8.02.2012<\/p>\n<p align=\"left\">WP 12 C<\/p>\n<p align=\"left\">7.03.2012<\/p>\n<p align=\"left\">WP 12-16<\/p>\n<p align=\"left\">1.06 &#8211; 4.08<\/p>\n<p align=\"left\">WP 14 I\/16 I (MIC)<\/p>\n<p align=\"left\">8.02 &#8211; 4.08<\/p>\n<p align=\"left\">WP 14\/16 (MIC)<\/p>\n<p align=\"left\">8.02 &#8211; 4.08<\/p>\n<p align=\"left\">WP4500<\/p>\n<p align=\"left\">9.05 &#8211; 10.07<\/p>\n<p align=\"left\">WP6000<\/p>\n<p align=\"left\">10.05 &#8211; 10.07<\/p>","protected":false},"excerpt":{"rendered":"<p data-start=\"0\" data-end=\"290\"><br data-start=\"5\" data-end=\"8\" \/>Forklift uygulamalar\u0131nda kullan\u0131lan <strong data-start=\"44\" data-end=\"83\">Jungheinrich EJE 116 Kol Amortis\u00f6r\u00fc<\/strong>, operat\u00f6r kolunun dengeli ve kontroll\u00fc hareket etmesini sa\u011flayan kaliteli gazl\u0131 amortis\u00f6r sistemidir. Y\u00fcksek kuvvet kapasitesi ve dayan\u0131kl\u0131 yap\u0131s\u0131yla uzun \u00f6m\u00fcrl\u00fc kullan\u0131m sunar, \u00e7al\u0131\u015fma konforunu art\u0131r\u0131r.<\/p>\n<p data-start=\"292\" data-end=\"596\"><strong data-start=\"292\" data-end=\"307\">\u00d6zellikler:<\/strong><br data-start=\"307\" data-end=\"310\" \/><strong data-start=\"310\" data-end=\"323\">\u00dcr\u00fcn Ad\u0131:<\/strong> Jungheinrich EJE 116 Kol Amortis\u00f6r\u00fc<br data-start=\"359\" data-end=\"362\" \/><strong data-start=\"362\" data-end=\"377\">Par\u00e7a Kodu:<\/strong> 50460924, 51258527<br data-start=\"396\" data-end=\"399\" \/><strong data-start=\"399\" data-end=\"411\">Malzeme:<\/strong> Gazl\u0131 amortis\u00f6r ve sa\u011flam metal g\u00f6vde<br data-start=\"449\" data-end=\"452\" \/><strong data-start=\"452\" data-end=\"471\">Kullan\u0131m Alan\u0131:<\/strong> Jungheinrich EJE 116 serisi forklift kol sistemleri<br data-start=\"523\" data-end=\"526\" \/><strong data-start=\"526\" data-end=\"538\">Avantaj:<\/strong> Dengeli hareket, titre\u015fim azaltma, uzun \u00f6m\u00fcrl\u00fc kullan\u0131m<\/p>\n<p data-start=\"598\" data-end=\"884\">\n","protected":false},"featured_media":14855,"template":"","meta":[],"product_brand":[],"product_cat":[236,497,522],"product_tag":[],"class_list":{"0":"post-14847","1":"product","2":"type-product","3":"status-publish","4":"has-post-thumbnail","6":"product_cat-jungheinrich","7":"product_cat-amortisor-grubu","8":"product_cat-yedek-parca-jungheinrich","10":"first","11":"instock","12":"taxable","13":"shipping-taxable","14":"purchasable","15":"product-type-simple"},"_links":{"self":[{"href":"https:\/\/ceoparts.com\/tr\/wp-json\/wp\/v2\/product\/14847","targetHints":{"allow":["GET"]}}],"collection":[{"href":"https:\/\/ceoparts.com\/tr\/wp-json\/wp\/v2\/product"}],"about":[{"href":"https:\/\/ceoparts.com\/tr\/wp-json\/wp\/v2\/types\/product"}],"wp:featuredmedia":[{"embeddable":true,"href":"https:\/\/ceoparts.com\/tr\/wp-json\/wp\/v2\/media\/14855"}],"wp:attachment":[{"href":"https:\/\/ceoparts.com\/tr\/wp-json\/wp\/v2\/media?parent=14847"}],"wp:term":[{"taxonomy":"product_brand","embeddable":true,"href":"https:\/\/ceoparts.com\/tr\/wp-json\/wp\/v2\/product_brand?post=14847"},{"taxonomy":"product_cat","embeddable":true,"href":"https:\/\/ceoparts.com\/tr\/wp-json\/wp\/v2\/product_cat?post=14847"},{"taxonomy":"product_tag","embeddable":true,"href":"https:\/\/ceoparts.com\/tr\/wp-json\/wp\/v2\/product_tag?post=14847"}],"curies":[{"name":"wp","href":"https:\/\/api.w.org\/{rel}","templated":true}]}}