{"id":14857,"date":"2025-02-18T14:30:15","date_gmt":"2025-02-18T11:30:15","guid":{"rendered":"https:\/\/ceoparts.com\/?post_type=product&#038;p=14857"},"modified":"2026-05-16T16:07:43","modified_gmt":"2026-05-16T13:07:43","slug":"bt-kol-amortisoru-300n-7600561","status":"publish","type":"product","link":"https:\/\/ceoparts.com\/tr\/urun\/bt-kol-amortisoru-300n-7600561\/","title":{"rendered":"BT Kol Amortis\u00f6r\u00fc 300N- 7600561"},"content":{"rendered":"<p>BT Kol Amortis\u00f6r\u00fc 300N- 7600561<\/p>","protected":false},"excerpt":{"rendered":"<p data-start=\"0\" data-end=\"296\"><br data-start=\"5\" data-end=\"8\" \/>Forklift uygulamalar\u0131nda kullan\u0131lan <strong data-start=\"44\" data-end=\"70\">BT Kol Amortis\u00f6r\u00fc 300N<\/strong>, operat\u00f6r kolunun kontroll\u00fc ve dengeli hareket etmesini sa\u011flayan y\u00fcksek kaliteli bir gazl\u0131 amortis\u00f6rd\u00fcr. 300N kuvvet kapasitesiyle g\u00fcvenli ve konforlu kullan\u0131m sunar, uzun \u00f6m\u00fcrl\u00fc yap\u0131s\u0131 sayesinde dayan\u0131kl\u0131 ve verimli \u00e7al\u0131\u015f\u0131r.<\/p>\n<p data-start=\"298\" data-end=\"559\"><strong data-start=\"298\" data-end=\"313\">\u00d6zellikler:<\/strong><br data-start=\"313\" data-end=\"316\" \/><strong data-start=\"316\" data-end=\"329\">\u00dcr\u00fcn Ad\u0131:<\/strong> BT Kol Amortis\u00f6r\u00fc 300N<br data-start=\"352\" data-end=\"355\" \/><strong data-start=\"355\" data-end=\"370\">Par\u00e7a Kodu:<\/strong> 7600561<br data-start=\"378\" data-end=\"381\" \/><strong data-start=\"381\" data-end=\"393\">Malzeme:<\/strong> Gazl\u0131 amortis\u00f6r ve sa\u011flam metal g\u00f6vde<br data-start=\"431\" data-end=\"434\" \/><strong data-start=\"434\" data-end=\"453\">Kullan\u0131m Alan\u0131:<\/strong> BT forklift kol sistemleri<br data-start=\"480\" data-end=\"483\" \/><strong data-start=\"483\" data-end=\"495\">Avantaj:<\/strong> 300N kuvvet kapasitesi, dengeli hareket, uzun \u00f6m\u00fcrl\u00fc kullan\u0131m<\/p>\n<p data-start=\"561\" data-end=\"830\">\n","protected":false},"featured_media":14859,"template":"","meta":[],"product_brand":[],"product_cat":[251,497,518],"product_tag":[],"class_list":{"0":"post-14857","1":"product","2":"type-product","3":"status-publish","4":"has-post-thumbnail","6":"product_cat-bt","7":"product_cat-amortisor-grubu","8":"product_cat-yedek-parca-bt","10":"first","11":"instock","12":"taxable","13":"shipping-taxable","14":"purchasable","15":"product-type-simple"},"_links":{"self":[{"href":"https:\/\/ceoparts.com\/tr\/wp-json\/wp\/v2\/product\/14857","targetHints":{"allow":["GET"]}}],"collection":[{"href":"https:\/\/ceoparts.com\/tr\/wp-json\/wp\/v2\/product"}],"about":[{"href":"https:\/\/ceoparts.com\/tr\/wp-json\/wp\/v2\/types\/product"}],"wp:featuredmedia":[{"embeddable":true,"href":"https:\/\/ceoparts.com\/tr\/wp-json\/wp\/v2\/media\/14859"}],"wp:attachment":[{"href":"https:\/\/ceoparts.com\/tr\/wp-json\/wp\/v2\/media?parent=14857"}],"wp:term":[{"taxonomy":"product_brand","embeddable":true,"href":"https:\/\/ceoparts.com\/tr\/wp-json\/wp\/v2\/product_brand?post=14857"},{"taxonomy":"product_cat","embeddable":true,"href":"https:\/\/ceoparts.com\/tr\/wp-json\/wp\/v2\/product_cat?post=14857"},{"taxonomy":"product_tag","embeddable":true,"href":"https:\/\/ceoparts.com\/tr\/wp-json\/wp\/v2\/product_tag?post=14857"}],"curies":[{"name":"wp","href":"https:\/\/api.w.org\/{rel}","templated":true}]}}