{"id":14862,"date":"2025-02-18T14:38:09","date_gmt":"2025-02-18T11:38:09","guid":{"rendered":"https:\/\/ceoparts.com\/?post_type=product&#038;p=14862"},"modified":"2026-05-16T18:41:10","modified_gmt":"2026-05-16T15:41:10","slug":"jungheinrich-ejc-kol-amortisoru-525n-51129641","status":"publish","type":"product","link":"https:\/\/ceoparts.com\/tr\/urun\/jungheinrich-ejc-kol-amortisoru-525n-51129641\/","title":{"rendered":"Jungheinrich Ejc Kol Amortis\u00f6r\u00fc 525N &#8211; 51129641"},"content":{"rendered":"<p>Jungheinrich Ejc Kol Amortis\u00f6r\u00fc 525N &#8211; 51129641<\/p>\n<p>525N<br \/>\nTOPLAM UZUNLUK 340MM<br \/>\nJUNGHEINRICH FORKL\u0130FTLER\u0130NE TAKILIR T\u0130P<\/p>\n<p>EJC 212z\/214z\/216z<br \/>\nEJC B12\/14\/16<br \/>\nPWT 15\/18<br \/>\nEJC 214\/216<br \/>\nEJC 110\/112\/212<br \/>\nEJC 220<br \/>\nEJC 112 RK<br \/>\nEJE 220X\/EFG<\/p>\n<p>51129641<\/p>","protected":false},"excerpt":{"rendered":"<p data-start=\"0\" data-end=\"305\"><br data-start=\"5\" data-end=\"8\" \/>Forklift uygulamalar\u0131nda kullan\u0131lan <strong data-start=\"44\" data-end=\"84\">Jungheinrich EJC Kol Amortis\u00f6r\u00fc 525N<\/strong>, operat\u00f6r kolunun kontroll\u00fc ve dengeli hareket etmesini sa\u011flayan y\u00fcksek kaliteli bir gazl\u0131 amortis\u00f6rd\u00fcr. 525N kuvvet kapasitesi ile g\u00fcvenli kullan\u0131m sunar ve titre\u015fimleri minimum seviyede tutarak s\u00fcr\u00fc\u015f konforunu art\u0131r\u0131r.<\/p>\n<p data-start=\"307\" data-end=\"607\"><strong data-start=\"307\" data-end=\"322\">\u00d6zellikler:<\/strong><br data-start=\"322\" data-end=\"325\" \/><strong data-start=\"325\" data-end=\"338\">\u00dcr\u00fcn Ad\u0131:<\/strong> Jungheinrich EJC Kol Amortis\u00f6r\u00fc 525N<br data-start=\"375\" data-end=\"378\" \/><strong data-start=\"378\" data-end=\"393\">Par\u00e7a Kodu:<\/strong> 51129641<br data-start=\"402\" data-end=\"405\" \/><strong data-start=\"405\" data-end=\"417\">Malzeme:<\/strong> Gazl\u0131 amortis\u00f6r ve dayan\u0131kl\u0131 metal g\u00f6vde<br data-start=\"458\" data-end=\"461\" \/><strong data-start=\"461\" data-end=\"480\">Kullan\u0131m Alan\u0131:<\/strong> Jungheinrich EJC serisi forklift kol sistemleri<br data-start=\"528\" data-end=\"531\" \/><strong data-start=\"531\" data-end=\"543\">Avantaj:<\/strong> 525N kuvvet kapasitesi, dengeli hareket, uzun \u00f6m\u00fcrl\u00fc kullan\u0131m<\/p>\n<p data-start=\"609\" data-end=\"896\">\n","protected":false},"featured_media":14863,"template":"","meta":[],"product_brand":[],"product_cat":[236,497,522],"product_tag":[],"class_list":{"0":"post-14862","1":"product","2":"type-product","3":"status-publish","4":"has-post-thumbnail","6":"product_cat-jungheinrich","7":"product_cat-amortisor-grubu","8":"product_cat-yedek-parca-jungheinrich","10":"first","11":"instock","12":"taxable","13":"shipping-taxable","14":"purchasable","15":"product-type-simple"},"_links":{"self":[{"href":"https:\/\/ceoparts.com\/tr\/wp-json\/wp\/v2\/product\/14862","targetHints":{"allow":["GET"]}}],"collection":[{"href":"https:\/\/ceoparts.com\/tr\/wp-json\/wp\/v2\/product"}],"about":[{"href":"https:\/\/ceoparts.com\/tr\/wp-json\/wp\/v2\/types\/product"}],"wp:featuredmedia":[{"embeddable":true,"href":"https:\/\/ceoparts.com\/tr\/wp-json\/wp\/v2\/media\/14863"}],"wp:attachment":[{"href":"https:\/\/ceoparts.com\/tr\/wp-json\/wp\/v2\/media?parent=14862"}],"wp:term":[{"taxonomy":"product_brand","embeddable":true,"href":"https:\/\/ceoparts.com\/tr\/wp-json\/wp\/v2\/product_brand?post=14862"},{"taxonomy":"product_cat","embeddable":true,"href":"https:\/\/ceoparts.com\/tr\/wp-json\/wp\/v2\/product_cat?post=14862"},{"taxonomy":"product_tag","embeddable":true,"href":"https:\/\/ceoparts.com\/tr\/wp-json\/wp\/v2\/product_tag?post=14862"}],"curies":[{"name":"wp","href":"https:\/\/api.w.org\/{rel}","templated":true}]}}