{"id":14867,"date":"2025-02-18T14:47:59","date_gmt":"2025-02-18T11:47:59","guid":{"rendered":"https:\/\/ceoparts.com\/?post_type=product&#038;p=14867"},"modified":"2026-05-16T10:52:37","modified_gmt":"2026-05-16T07:52:37","slug":"linde-kol-amortisoru-1300n-0009655547","status":"publish","type":"product","link":"https:\/\/ceoparts.com\/tr\/urun\/linde-kol-amortisoru-1300n-0009655547\/","title":{"rendered":"Linde Kol Amortis\u00f6r\u00fc 1300N &#8211; 0009655547"},"content":{"rendered":"<p>Linde Kol Amortis\u00f6r\u00fc 1300N &#8211; 0009655547<\/p>\n<p><\/p>\n<table border=\"0\" width=\"438\" cellspacing=\"0\" cellpadding=\"0\">\n<colgroup>\n<col width=\"82\" \/>\n<col width=\"356\" \/><\/colgroup>\n<tbody>\n<tr>\n<td class=\"xl65\" width=\"82\" height=\"20\"><span style=\"font-family: Calibri;\">360<\/span><\/td>\n<td width=\"356\"><span style=\"font-family: Calibri;\">T16\/T18\/T20<\/span><\/td>\n<\/tr>\n<tr>\n<td class=\"xl65\" height=\"20\"><span style=\"font-family: Calibri;\">360<\/span><\/td>\n<td><span style=\"font-family: Calibri;\">T16\/T18\/T20\/T16L<\/span><\/td>\n<\/tr>\n<tr>\n<td class=\"xl65\" height=\"20\"><span style=\"font-family: Calibri;\">379<\/span><\/td>\n<td><span style=\"font-family: Calibri;\">L10\/12-L10\/12AS<\/span><\/td>\n<\/tr>\n<\/tbody>\n<\/table>\n<p>&nbsp;<\/p>\n<table class=\"transparant\">\n<tbody>\n<tr>\n<th class=\"alignLeft\" title=\"TY-AT\"><span style=\"color: #000000; font-family: Times New Roman; font-size: medium;\">Uygulama t\u00fcr\u00fc<\/span><\/th>\n<td><span style=\"color: #000000; font-family: Times New Roman; font-size: medium;\">GAZ YAYI<\/span><\/td>\n<\/tr>\n<tr>\n<th class=\"alignLeft\" title=\"TY-GA\"><span style=\"color: #000000; font-family: Times New Roman; font-size: medium;\">Gaz yay\u0131\/amortis\u00f6r tipi<\/span><\/th>\n<td><span style=\"color: #000000; font-family: Times New Roman; font-size: medium;\">\u0130TME T\u0130P\u0130<\/span><\/td>\n<\/tr>\n<tr>\n<th class=\"alignLeft\" title=\"D1\"><span style=\"color: #000000; font-family: Times New Roman; font-size: medium;\">Piston \u00e7ubu\u011fu \u00e7ap\u0131 D1 (mm)<\/span><\/th>\n<td><span style=\"color: #000000; font-family: Times New Roman; font-size: medium;\">10<\/span><\/td>\n<\/tr>\n<tr>\n<th class=\"alignLeft\" title=\"N\"><span style=\"color: #000000; font-family: Times New Roman; font-size: medium;\">G\u00fc\u00e7 (N)<\/span><\/th>\n<td><span style=\"color: #000000; font-family: Times New Roman; font-size: medium;\">1300<\/span><\/td>\n<\/tr>\n<tr>\n<th class=\"alignLeft\" title=\"C1\"><span style=\"color: #000000; font-family: Times New Roman; font-size: medium;\">Merkez mesafesi C1 (mm)<\/span><\/th>\n<td><span style=\"color: #000000; font-family: Times New Roman; font-size: medium;\">172<\/span><\/td>\n<\/tr>\n<tr>\n<th class=\"alignLeft\" title=\"L1\"><span style=\"color: #000000; font-family: Times New Roman; font-size: medium;\">Piston \u00e7ubu\u011fu uzunlu\u011fu L1 (mm)<\/span><\/th>\n<td><span style=\"color: #000000; font-family: Times New Roman; font-size: medium;\">47<\/span><\/td>\n<\/tr>\n<tr>\n<th class=\"alignLeft\" title=\"TY-CO1\"><span style=\"color: #000000; font-family: Times New Roman; font-size: medium;\">Ba\u011flant\u0131 tipi piston \u00e7ubu\u011fu taraf\u0131<\/span><\/th>\n<td><span style=\"color: #000000; font-family: Times New Roman; font-size: medium;\">T\u0130P D<\/span><\/td>\n<\/tr>\n<tr>\n<th class=\"alignLeft\" title=\"W1a\"><span style=\"color: #000000; font-family: Times New Roman; font-size: medium;\">Ba\u011flant\u0131 geni\u015fli\u011fi W1a (mm)<\/span><\/th>\n<td><span style=\"color: #000000; font-family: Times New Roman; font-size: medium;\">15<\/span><\/td>\n<\/tr>\n<tr>\n<th class=\"alignLeft\" title=\"L3a\"><span style=\"color: #000000; font-family: Times New Roman; font-size: medium;\">Toplam uzunluk L3a \u200b\u200b(mm)<\/span><\/th>\n<td><span style=\"color: #000000; font-family: Times New Roman; font-size: medium;\">33<\/span><\/td>\n<\/tr>\n<tr>\n<th class=\"alignLeft\" title=\"L4a\"><span style=\"color: #000000; font-family: Times New Roman; font-size: medium;\">Ba\u011flant\u0131 mesafesi L4a (mm)<\/span><\/th>\n<td><span style=\"color: #000000; font-family: Times New Roman; font-size: medium;\">25<\/span><\/td>\n<\/tr>\n<tr>\n<th class=\"alignLeft\" title=\"Ta\"><span style=\"color: #000000; font-family: Times New Roman; font-size: medium;\">Montaj kal\u0131nl\u0131\u011f\u0131 Ta (mm)<\/span><\/th>\n<td><span style=\"color: #000000; font-family: Times New Roman; font-size: medium;\">8<\/span><\/td>\n<\/tr>\n<tr>\n<th class=\"alignLeft\" title=\"TA1a\"><span style=\"color: #000000; font-family: Times New Roman; font-size: medium;\">TA1a montaj di\u015fi<\/span><\/th>\n<td><span style=\"color: #000000; font-family: Times New Roman; font-size: medium;\">M8<\/span><\/td>\n<\/tr>\n<tr>\n<th class=\"alignLeft\" title=\"BAa\"><span style=\"color: #000000; font-family: Times New Roman; font-size: medium;\">Top hediyesi<\/span><\/th>\n<td><span style=\"color: #000000; font-family: Times New Roman; font-size: medium;\">HAYIR<\/span><\/td>\n<\/tr>\n<tr>\n<th class=\"alignLeft\" title=\"TY-BUa\"><span style=\"color: #000000; font-family: Times New Roman; font-size: medium;\">Bur\u00e7 mevcut<\/span><\/th>\n<td><span style=\"color: #000000; font-family: Times New Roman; font-size: medium;\">HAYIR<\/span><\/td>\n<\/tr>\n<tr>\n<th class=\"alignLeft\" title=\"TY-CO2\"><span style=\"color: #000000; font-family: Times New Roman; font-size: medium;\">Ba\u011flant\u0131 tipi piston taraf\u0131<\/span><\/th>\n<td><span style=\"color: #000000; font-family: Times New Roman; font-size: medium;\">T\u0130P L<\/span><\/td>\n<\/tr>\n<tr>\n<th class=\"alignLeft\" title=\"TA1b\"><span style=\"color: #000000; font-family: Times New Roman; font-size: medium;\">TA1b montaj di\u015fi<\/span><\/th>\n<td><span style=\"color: #000000; font-family: Times New Roman; font-size: medium;\">M8<\/span><\/td>\n<\/tr>\n<tr>\n<th class=\"alignLeft\" title=\"BAb\"><span style=\"color: #000000; font-family: Times New Roman; font-size: medium;\">Top hediyesi<\/span><\/th>\n<td><span style=\"color: #000000; font-family: Times New Roman; font-size: medium;\">HAYIR<\/span><\/td>\n<\/tr>\n<tr>\n<th class=\"alignLeft\" title=\"TE\u015eEKK\u00dcRLER\"><span style=\"color: #000000; font-family: Times New Roman; font-size: medium;\">Bur\u00e7 mevcut<\/span><\/th>\n<td><span style=\"color: #000000; font-family: Times New Roman; font-size: medium;\">HAYIR<\/span><\/td>\n<\/tr>\n<\/tbody>\n<\/table>\n<p>&nbsp;<\/p>","protected":false},"excerpt":{"rendered":"<p data-start=\"0\" data-end=\"302\"><br data-start=\"5\" data-end=\"8\" \/>Forklift uygulamalar\u0131nda kullan\u0131lan <strong data-start=\"44\" data-end=\"74\">Linde Kol Amortis\u00f6r\u00fc 1300N<\/strong>, operat\u00f6r kolunun dengeli ve kontroll\u00fc hareket etmesini sa\u011flayan y\u00fcksek kuvvet kapasiteli bir gazl\u0131 amortis\u00f6rd\u00fcr. Dayan\u0131kl\u0131 ve kaliteli yap\u0131s\u0131 sayesinde uzun s\u00fcreli kullan\u0131m sa\u011flar ve s\u00fcr\u00fc\u015f esnas\u0131nda titre\u015fimi minimuma indirir.<\/p>\n<p data-start=\"304\" data-end=\"576\"><strong data-start=\"304\" data-end=\"319\">\u00d6zellikler:<\/strong><br data-start=\"319\" data-end=\"322\" \/><strong data-start=\"322\" data-end=\"335\">\u00dcr\u00fcn Ad\u0131:<\/strong> Linde Kol Amortis\u00f6r\u00fc 1300N<br data-start=\"362\" data-end=\"365\" \/><strong data-start=\"365\" data-end=\"380\">Par\u00e7a Kodu:<\/strong> 0009655547<br data-start=\"391\" data-end=\"394\" \/><strong data-start=\"394\" data-end=\"406\">Malzeme:<\/strong> Gazl\u0131 amortis\u00f6r ve sa\u011flam metal g\u00f6vde<br data-start=\"444\" data-end=\"447\" \/><strong data-start=\"447\" data-end=\"466\">Kullan\u0131m Alan\u0131:<\/strong> Linde forklift kol sistemleri<br data-start=\"496\" data-end=\"499\" \/><strong data-start=\"499\" data-end=\"511\">Avantaj:<\/strong> 1300N kuvvet kapasitesi, dengeli hareket, uzun \u00f6m\u00fcrl\u00fc kullan\u0131m<\/p>\n<p data-start=\"578\" data-end=\"856\">\n","protected":false},"featured_media":14872,"template":"","meta":[],"product_brand":[],"product_cat":[246,497,523],"product_tag":[],"class_list":{"0":"post-14867","1":"product","2":"type-product","3":"status-publish","4":"has-post-thumbnail","6":"product_cat-linde","7":"product_cat-amortisor-grubu","8":"product_cat-yedek-parca-linde","10":"first","11":"instock","12":"taxable","13":"shipping-taxable","14":"purchasable","15":"product-type-simple"},"_links":{"self":[{"href":"https:\/\/ceoparts.com\/tr\/wp-json\/wp\/v2\/product\/14867","targetHints":{"allow":["GET"]}}],"collection":[{"href":"https:\/\/ceoparts.com\/tr\/wp-json\/wp\/v2\/product"}],"about":[{"href":"https:\/\/ceoparts.com\/tr\/wp-json\/wp\/v2\/types\/product"}],"wp:featuredmedia":[{"embeddable":true,"href":"https:\/\/ceoparts.com\/tr\/wp-json\/wp\/v2\/media\/14872"}],"wp:attachment":[{"href":"https:\/\/ceoparts.com\/tr\/wp-json\/wp\/v2\/media?parent=14867"}],"wp:term":[{"taxonomy":"product_brand","embeddable":true,"href":"https:\/\/ceoparts.com\/tr\/wp-json\/wp\/v2\/product_brand?post=14867"},{"taxonomy":"product_cat","embeddable":true,"href":"https:\/\/ceoparts.com\/tr\/wp-json\/wp\/v2\/product_cat?post=14867"},{"taxonomy":"product_tag","embeddable":true,"href":"https:\/\/ceoparts.com\/tr\/wp-json\/wp\/v2\/product_tag?post=14867"}],"curies":[{"name":"wp","href":"https:\/\/api.w.org\/{rel}","templated":true}]}}