{"id":14888,"date":"2025-02-18T16:16:08","date_gmt":"2025-02-18T13:16:08","guid":{"rendered":"https:\/\/ceoparts.com\/?post_type=product&#038;p=14888"},"modified":"2026-05-16T16:13:05","modified_gmt":"2026-05-16T13:13:05","slug":"renkli-makaron-seti","status":"publish","type":"product","link":"https:\/\/ceoparts.com\/tr\/urun\/renkli-makaron-seti\/","title":{"rendered":"Renkli Makaron Seti"},"content":{"rendered":"<p>Renkli Makaron Seti<\/p>","protected":false},"excerpt":{"rendered":"<p data-start=\"0\" data-end=\"296\"><br data-start=\"5\" data-end=\"8\" \/>Forklift ve end\u00fcstriyel uygulamalarda kullan\u0131lan <strong data-start=\"57\" data-end=\"80\">Renkli Makaron Seti<\/strong>, kablo ve elektrik ba\u011flant\u0131lar\u0131n\u0131n d\u00fczenlenmesi, yal\u0131t\u0131m\u0131 ve i\u015faretlenmesi i\u00e7in pratik ve g\u00fcvenli bir \u00e7\u00f6z\u00fcmd\u00fcr. Farkl\u0131 renk se\u00e7enekleri sayesinde kablo gruplar\u0131 kolayca ayr\u0131\u015ft\u0131r\u0131l\u0131r ve sistemdeki kar\u0131\u015f\u0131kl\u0131k \u00f6nlenir.<\/p>\n<p data-start=\"298\" data-end=\"597\"><strong data-start=\"298\" data-end=\"313\">\u00d6zellikler:<\/strong><br data-start=\"313\" data-end=\"316\" \/><strong data-start=\"316\" data-end=\"329\">\u00dcr\u00fcn Ad\u0131:<\/strong> Renkli Makaron Seti<br data-start=\"349\" data-end=\"352\" \/><strong data-start=\"352\" data-end=\"367\">Par\u00e7a Kodu:<\/strong> Yok<br data-start=\"371\" data-end=\"374\" \/><strong data-start=\"374\" data-end=\"386\">Malzeme:<\/strong> Is\u0131ya dayan\u0131kl\u0131 esnek polimer<br data-start=\"416\" data-end=\"419\" \/><strong data-start=\"419\" data-end=\"438\">Kullan\u0131m Alan\u0131:<\/strong> Elektrik tesisat\u0131, forklift ve end\u00fcstriyel makine kablo d\u00fczenleme sistemleri<br data-start=\"515\" data-end=\"518\" \/><strong data-start=\"518\" data-end=\"530\">Avantaj:<\/strong> Kolay kablo gruplama, g\u00fcvenli yal\u0131t\u0131m, renkli ve d\u00fczenli g\u00f6r\u00fcn\u00fcm<\/p>\n<p data-start=\"599\" data-end=\"880\">\n","protected":false},"featured_media":14889,"template":"","meta":[],"product_brand":[],"product_cat":[470],"product_tag":[],"class_list":{"0":"post-14888","1":"product","2":"type-product","3":"status-publish","4":"has-post-thumbnail","6":"product_cat-diger-yedek-parcalar","8":"first","9":"instock","10":"taxable","11":"shipping-taxable","12":"purchasable","13":"product-type-simple"},"_links":{"self":[{"href":"https:\/\/ceoparts.com\/tr\/wp-json\/wp\/v2\/product\/14888","targetHints":{"allow":["GET"]}}],"collection":[{"href":"https:\/\/ceoparts.com\/tr\/wp-json\/wp\/v2\/product"}],"about":[{"href":"https:\/\/ceoparts.com\/tr\/wp-json\/wp\/v2\/types\/product"}],"wp:featuredmedia":[{"embeddable":true,"href":"https:\/\/ceoparts.com\/tr\/wp-json\/wp\/v2\/media\/14889"}],"wp:attachment":[{"href":"https:\/\/ceoparts.com\/tr\/wp-json\/wp\/v2\/media?parent=14888"}],"wp:term":[{"taxonomy":"product_brand","embeddable":true,"href":"https:\/\/ceoparts.com\/tr\/wp-json\/wp\/v2\/product_brand?post=14888"},{"taxonomy":"product_cat","embeddable":true,"href":"https:\/\/ceoparts.com\/tr\/wp-json\/wp\/v2\/product_cat?post=14888"},{"taxonomy":"product_tag","embeddable":true,"href":"https:\/\/ceoparts.com\/tr\/wp-json\/wp\/v2\/product_tag?post=14888"}],"curies":[{"name":"wp","href":"https:\/\/api.w.org\/{rel}","templated":true}]}}