{"id":14891,"date":"2025-02-18T16:20:47","date_gmt":"2025-02-18T13:20:47","guid":{"rendered":"https:\/\/ceoparts.com\/?post_type=product&#038;p=14891"},"modified":"2026-05-16T17:23:01","modified_gmt":"2026-05-16T14:23:01","slug":"akulu-forklift-kaloriferi-48v-900w","status":"publish","type":"product","link":"https:\/\/ceoparts.com\/tr\/urun\/akulu-forklift-kaloriferi-48v-900w\/","title":{"rendered":"Kalorifer Ak\u00fcl\u00fc Forklift   48V 900W"},"content":{"rendered":"<p>Kalorifer Ak\u00fcl\u00fc Forklift   48V 900W<\/p>","protected":false},"excerpt":{"rendered":"<p data-start=\"0\" data-end=\"336\"><br data-start=\"5\" data-end=\"8\" \/>Forklift uygulamalar\u0131nda kullan\u0131lan <strong data-start=\"44\" data-end=\"81\">Kalorifer Ak\u00fcl\u00fc Forklift 48V 900W<\/strong>, operat\u00f6r kabininde ideal s\u0131cakl\u0131k sa\u011flayarak so\u011fuk hava ko\u015fullar\u0131nda konforlu ve verimli \u00e7al\u0131\u015fma ortam\u0131 sunan g\u00fc\u00e7l\u00fc bir \u0131s\u0131t\u0131c\u0131d\u0131r. Y\u00fcksek performansl\u0131 yap\u0131s\u0131 sayesinde k\u0131sa s\u00fcrede etkili \u0131s\u0131tma sa\u011flar ve forklift ak\u00fc sistemine entegre edilerek \u00e7al\u0131\u015f\u0131r.<\/p>\n<p data-start=\"338\" data-end=\"628\"><strong data-start=\"338\" data-end=\"353\">\u00d6zellikler:<\/strong><br data-start=\"353\" data-end=\"356\" \/><strong data-start=\"356\" data-end=\"369\">\u00dcr\u00fcn Ad\u0131:<\/strong> Kalorifer Ak\u00fcl\u00fc Forklift 48V 900W<br data-start=\"403\" data-end=\"406\" \/><strong data-start=\"406\" data-end=\"421\">Par\u00e7a Kodu:<\/strong> Yok<br data-start=\"425\" data-end=\"428\" \/><strong data-start=\"428\" data-end=\"440\">Malzeme:<\/strong> Y\u00fcksek \u0131s\u0131ya dayan\u0131kl\u0131 metal g\u00f6vde ve rezistans sistemi<br data-start=\"496\" data-end=\"499\" \/><strong data-start=\"499\" data-end=\"518\">Kullan\u0131m Alan\u0131:<\/strong> Ak\u00fcl\u00fc forklift operat\u00f6r kabinleri<br data-start=\"552\" data-end=\"555\" \/><strong data-start=\"555\" data-end=\"567\">Avantaj:<\/strong> G\u00fc\u00e7l\u00fc \u0131s\u0131tma performans\u0131, kolay montaj, enerji verimlili\u011fi<\/p>\n<p data-start=\"630\" data-end=\"959\">\n","protected":false},"featured_media":14892,"template":"","meta":[],"product_brand":[],"product_cat":[470],"product_tag":[],"class_list":{"0":"post-14891","1":"product","2":"type-product","3":"status-publish","4":"has-post-thumbnail","6":"product_cat-diger-yedek-parcalar","8":"first","9":"instock","10":"taxable","11":"shipping-taxable","12":"purchasable","13":"product-type-simple"},"_links":{"self":[{"href":"https:\/\/ceoparts.com\/tr\/wp-json\/wp\/v2\/product\/14891","targetHints":{"allow":["GET"]}}],"collection":[{"href":"https:\/\/ceoparts.com\/tr\/wp-json\/wp\/v2\/product"}],"about":[{"href":"https:\/\/ceoparts.com\/tr\/wp-json\/wp\/v2\/types\/product"}],"wp:featuredmedia":[{"embeddable":true,"href":"https:\/\/ceoparts.com\/tr\/wp-json\/wp\/v2\/media\/14892"}],"wp:attachment":[{"href":"https:\/\/ceoparts.com\/tr\/wp-json\/wp\/v2\/media?parent=14891"}],"wp:term":[{"taxonomy":"product_brand","embeddable":true,"href":"https:\/\/ceoparts.com\/tr\/wp-json\/wp\/v2\/product_brand?post=14891"},{"taxonomy":"product_cat","embeddable":true,"href":"https:\/\/ceoparts.com\/tr\/wp-json\/wp\/v2\/product_cat?post=14891"},{"taxonomy":"product_tag","embeddable":true,"href":"https:\/\/ceoparts.com\/tr\/wp-json\/wp\/v2\/product_tag?post=14891"}],"curies":[{"name":"wp","href":"https:\/\/api.w.org\/{rel}","templated":true}]}}