{"id":14901,"date":"2025-02-18T16:29:34","date_gmt":"2025-02-18T13:29:34","guid":{"rendered":"https:\/\/ceoparts.com\/?post_type=product&#038;p=14901"},"modified":"2026-05-16T19:18:51","modified_gmt":"2026-05-16T16:18:51","slug":"linde-e20pl-yuruyus-potansi-7916400159","status":"publish","type":"product","link":"https:\/\/ceoparts.com\/tr\/urun\/linde-e20pl-yuruyus-potansi-7916400159\/","title":{"rendered":"Linde E20PL Y\u00fcr\u00fcy\u00fc\u015f Potans\u0131 &#8211; 7916400159"},"content":{"rendered":"<p>Linde E20PL Y\u00fcr\u00fcy\u00fc\u015f Potans\u0131 &#8211; 7916400159<\/p>\n<p>Potencjometr \/ Potentiometer<\/p>\n<p>Still 159518, 0159518<\/p>\n<p>Linde 7916400159<\/p>\n<p>MCB 419222<\/p>","protected":false},"excerpt":{"rendered":"<p data-start=\"0\" data-end=\"294\"><br data-start=\"5\" data-end=\"8\" \/>Forklift uygulamalar\u0131nda kullan\u0131lan <strong data-start=\"44\" data-end=\"75\">Linde E20PL Y\u00fcr\u00fcy\u00fc\u015f Potans\u0131<\/strong>, forkliftin h\u0131z ve y\u00f6n kontrol\u00fcn\u00fc sa\u011flayan hassas ve g\u00fcvenilir bir sens\u00f6rd\u00fcr. Operat\u00f6r\u00fcn pedal ya da kumanda kolu hareketlerini alg\u0131layarak kontrol \u00fcnitesine iletir ve arac\u0131n g\u00fcvenli ve dengeli hareket etmesini sa\u011flar.<\/p>\n<p data-start=\"296\" data-end=\"606\"><strong data-start=\"296\" data-end=\"311\">\u00d6zellikler:<\/strong><br data-start=\"311\" data-end=\"314\" \/><strong data-start=\"314\" data-end=\"327\">\u00dcr\u00fcn Ad\u0131:<\/strong> Linde E20PL Y\u00fcr\u00fcy\u00fc\u015f Potans\u0131<br data-start=\"355\" data-end=\"358\" \/><strong data-start=\"358\" data-end=\"373\">Par\u00e7a Kodu:<\/strong> 7916400159<br data-start=\"384\" data-end=\"387\" \/><strong data-start=\"387\" data-end=\"399\">Malzeme:<\/strong> Elektronik sens\u00f6r mod\u00fcl\u00fc ve dayan\u0131kl\u0131 bile\u015fenler<br data-start=\"448\" data-end=\"451\" \/><strong data-start=\"451\" data-end=\"470\">Kullan\u0131m Alan\u0131:<\/strong> Linde E20PL forklift y\u00fcr\u00fcy\u00fc\u015f kontrol sistemleri<br data-start=\"518\" data-end=\"521\" \/><strong data-start=\"521\" data-end=\"533\">Avantaj:<\/strong> Hassas h\u0131z ve y\u00f6n alg\u0131lama, g\u00fcvenilir performans, uzun \u00f6m\u00fcrl\u00fc kullan\u0131m<\/p>\n<p data-start=\"608\" data-end=\"906\">\n","protected":false},"featured_media":14903,"template":"","meta":[],"product_brand":[],"product_cat":[241,246,470,523,524],"product_tag":[],"class_list":{"0":"post-14901","1":"product","2":"type-product","3":"status-publish","4":"has-post-thumbnail","6":"product_cat-still","7":"product_cat-linde","8":"product_cat-diger-yedek-parcalar","9":"product_cat-yedek-parca-linde","10":"product_cat-yedek-parca-still","12":"first","13":"instock","14":"taxable","15":"shipping-taxable","16":"purchasable","17":"product-type-simple"},"_links":{"self":[{"href":"https:\/\/ceoparts.com\/tr\/wp-json\/wp\/v2\/product\/14901","targetHints":{"allow":["GET"]}}],"collection":[{"href":"https:\/\/ceoparts.com\/tr\/wp-json\/wp\/v2\/product"}],"about":[{"href":"https:\/\/ceoparts.com\/tr\/wp-json\/wp\/v2\/types\/product"}],"wp:featuredmedia":[{"embeddable":true,"href":"https:\/\/ceoparts.com\/tr\/wp-json\/wp\/v2\/media\/14903"}],"wp:attachment":[{"href":"https:\/\/ceoparts.com\/tr\/wp-json\/wp\/v2\/media?parent=14901"}],"wp:term":[{"taxonomy":"product_brand","embeddable":true,"href":"https:\/\/ceoparts.com\/tr\/wp-json\/wp\/v2\/product_brand?post=14901"},{"taxonomy":"product_cat","embeddable":true,"href":"https:\/\/ceoparts.com\/tr\/wp-json\/wp\/v2\/product_cat?post=14901"},{"taxonomy":"product_tag","embeddable":true,"href":"https:\/\/ceoparts.com\/tr\/wp-json\/wp\/v2\/product_tag?post=14901"}],"curies":[{"name":"wp","href":"https:\/\/api.w.org\/{rel}","templated":true}]}}