{"id":14907,"date":"2025-02-18T16:33:57","date_gmt":"2025-02-18T13:33:57","guid":{"rendered":"https:\/\/ceoparts.com\/?post_type=product&#038;p=14907"},"modified":"2026-05-16T17:47:12","modified_gmt":"2026-05-16T14:47:12","slug":"bt-tus-takimi-171660-7679029","status":"publish","type":"product","link":"https:\/\/ceoparts.com\/tr\/urun\/bt-tus-takimi-171660-7679029\/","title":{"rendered":"BT Tu\u015f Tak\u0131m\u0131 &#8211; 171660 , 7679029"},"content":{"rendered":"<p>BT Tu\u015f Tak\u0131m\u0131 &#8211; 171660 , 7679029<\/p>\n<p>OL 20 (649)<br \/>\nOL 25 (649)<br \/>\nOSE10 (788)<br \/>\nOSE10 (787)<br \/>\nOSE12 (783)<br \/>\nOSE12 (783)<br \/>\nOSE12 (783)<br \/>\nOSE120CB785)<br \/>\nOSE120P (783)<br \/>\nOSE180X (809)<br \/>\nOSE180XP809)<br \/>\nOSE250 (649)<br \/>\nOSE250P (649)<br \/>\nTSE300 (786)<br \/>\nOME100N827)<br \/>\nOME100NW828<br \/>\nS 10 (700)<br \/>\nS 12 (700)<br \/>\nS 12 F (702)<br \/>\nS 12 I (499)<br \/>\nS 12S (701)<br \/>\nS 16D (702)<br \/>\nSPE125 (789)<br \/>\nSPE125L (791)<br \/>\nSPE135S (790)<br \/>\nSPE160 (789)<br \/>\nSPE160L (791)<br \/>\nSPE200 (817)<br \/>\nSPE200D (792)<br \/>\nSPE200L (818)<br \/>\nSWE080L<br \/>\nSWE100 (700)<br \/>\nSWE120 (IKEA) STAXIO (841)<br \/>\nSWE120 (IKEA) (700)<br \/>\nSWE120 (700)<br \/>\nSWE120 STAXIO (841)<br \/>\nSWE120L (702)<br \/>\nSWE120L STAXIO (842)<br \/>\nSWE120S (701)<br \/>\nSWE120S STAXIO (843)<br \/>\nSWE140 STAXIO (841)<br \/>\nSWE160D (702)<br \/>\nSWE160D (702)<br \/>\nSWE200D (IKEA) STAXIO (842)<br \/>\nSWE200D STAXIO (842)<br \/>\nLPE200 (662)<br \/>\nLPE240 (497)<br \/>\nLWE140 LEVIO (838)<br \/>\nLWE160 LEVIO (838)<br \/>\nLWE180 (660)<br \/>\nLWE180 LEVIO (838)<br \/>\nLWE200 (661)<br \/>\nLWE200N (661)<br \/>\nLWE250 LEVIO (840)<br \/>\nLWE200 LEVIO (839)<br \/>\nP 20 I Powered Pallet Truck (498)<br \/>\nP 20 ORION P20 (662)<br \/>\nP 24 ORION P24 (497)<br \/>\nW18 ORION W18 (660)<br \/>\nW20 ORION W20 (661)<br \/>\nW20N (661)<\/p>","protected":false},"excerpt":{"rendered":"<p data-start=\"0\" data-end=\"295\"><br data-start=\"5\" data-end=\"8\" \/>Forklift uygulamalar\u0131nda kullan\u0131lan <strong data-start=\"44\" data-end=\"61\">BT Tu\u015f Tak\u0131m\u0131<\/strong>, forklift kumanda panelinde operat\u00f6r\u00fcn \u00e7e\u015fitli i\u015flevleri kontrol etmesini sa\u011flayan, dayan\u0131kl\u0131 ve ergonomik bir kontrol \u00fcnitesidir. Kullan\u0131m\u0131 kolay ve uzun \u00f6m\u00fcrl\u00fc yap\u0131s\u0131 sayesinde zorlu \u00e7al\u0131\u015fma ko\u015fullar\u0131na uygun olarak tasarlanm\u0131\u015ft\u0131r.<\/p>\n<p data-start=\"297\" data-end=\"581\"><strong data-start=\"297\" data-end=\"312\">\u00d6zellikler:<\/strong><br data-start=\"312\" data-end=\"315\" \/><strong data-start=\"315\" data-end=\"328\">\u00dcr\u00fcn Ad\u0131:<\/strong> BT Tu\u015f Tak\u0131m\u0131<br data-start=\"342\" data-end=\"345\" \/><strong data-start=\"345\" data-end=\"360\">Par\u00e7a Kodu:<\/strong> 171660, 7679029<br data-start=\"376\" data-end=\"379\" \/><strong data-start=\"379\" data-end=\"391\">Malzeme:<\/strong> Dayan\u0131kl\u0131 plastik ve elektronik devre bile\u015fenleri<br data-start=\"441\" data-end=\"444\" \/><strong data-start=\"444\" data-end=\"463\">Kullan\u0131m Alan\u0131:<\/strong> BT forklift kontrol paneli ve kumanda sistemleri<br data-start=\"512\" data-end=\"515\" \/><strong data-start=\"515\" data-end=\"527\">Avantaj:<\/strong> Ergonomik tasar\u0131m, uzun \u00f6m\u00fcrl\u00fc yap\u0131, kolay kullan\u0131m<\/p>\n<p data-start=\"583\" data-end=\"856\">\n","protected":false},"featured_media":14909,"template":"","meta":[],"product_brand":[],"product_cat":[251,470,518],"product_tag":[],"class_list":{"0":"post-14907","1":"product","2":"type-product","3":"status-publish","4":"has-post-thumbnail","6":"product_cat-bt","7":"product_cat-diger-yedek-parcalar","8":"product_cat-yedek-parca-bt","10":"first","11":"instock","12":"taxable","13":"shipping-taxable","14":"purchasable","15":"product-type-simple"},"_links":{"self":[{"href":"https:\/\/ceoparts.com\/tr\/wp-json\/wp\/v2\/product\/14907","targetHints":{"allow":["GET"]}}],"collection":[{"href":"https:\/\/ceoparts.com\/tr\/wp-json\/wp\/v2\/product"}],"about":[{"href":"https:\/\/ceoparts.com\/tr\/wp-json\/wp\/v2\/types\/product"}],"wp:featuredmedia":[{"embeddable":true,"href":"https:\/\/ceoparts.com\/tr\/wp-json\/wp\/v2\/media\/14909"}],"wp:attachment":[{"href":"https:\/\/ceoparts.com\/tr\/wp-json\/wp\/v2\/media?parent=14907"}],"wp:term":[{"taxonomy":"product_brand","embeddable":true,"href":"https:\/\/ceoparts.com\/tr\/wp-json\/wp\/v2\/product_brand?post=14907"},{"taxonomy":"product_cat","embeddable":true,"href":"https:\/\/ceoparts.com\/tr\/wp-json\/wp\/v2\/product_cat?post=14907"},{"taxonomy":"product_tag","embeddable":true,"href":"https:\/\/ceoparts.com\/tr\/wp-json\/wp\/v2\/product_tag?post=14907"}],"curies":[{"name":"wp","href":"https:\/\/api.w.org\/{rel}","templated":true}]}}